{"id":3262,"date":"2018-02-26T12:05:48","date_gmt":"2018-02-26T12:05:48","guid":{"rendered":"http:\/\/www.wallamascotas.com\/web3\/?post_type=product&#038;p=3262"},"modified":"2026-03-25T18:20:09","modified_gmt":"2026-03-25T18:20:09","slug":"hippie-1-ano-guadalajara","status":"publish","type":"product","link":"https:\/\/www.wallamascotas.com\/web3\/mascota\/hippie-1-ano-guadalajara\/","title":{"rendered":"HIPPIE \u2013 1 A\u00d1O"},"content":{"rendered":"<p><span style=\"color: #33cccc; font-size: 130%;\"><strong>ADOPTADO<\/strong><\/span><\/p>\n<p style=\"text-align: justify;\">Nos pidieron ayuda para Hippie, vagaba por un pueblo de Sevilla cojeando.<\/p>\n<p style=\"text-align: justify;\">Cuando nos hicimos cargo de \u00e9l, le sometimos a una revisi\u00f3n veterinaria, y despu\u00e9s de comprobar el estado de su patita, nuestros veterinarios nos han comentado que tiene una lesi\u00f3n antigua, ya soldada, y probablemente le quede una cojera para siempre. Pero eso no va a ser un problema para que nuestro querido Hippie encuentre un hogar, es un perro joven, simp\u00e1tico y cari\u00f1oso, que se ha adaptado de maravilla a vivir en su casa de acogida.<\/p>\n<p style=\"text-align: justify;\">Se entrega castrado, desparasitado, vacunado, con pasaporte y microchip.<\/p>\n<p style=\"text-align: justify;\">Gastos veterinarios a cargo del adoptante.<\/p>\n<p style=\"text-align: justify;\">Contrato de adopci\u00f3n y seguimiento.<\/p>\n","protected":false},"excerpt":{"rendered":"<p style=\"text-align: justify;\"><span style=\"color: #33cccc;\"><strong>ADOPTADO.<\/strong><\/span> Hippie es un perro joven<\/p>\n","protected":false},"featured_media":0,"template":"","meta":{"_acf_changed":false},"product_brand":[],"product_cat":[51,1000],"product_tag":[],"class_list":{"0":"post-3262","1":"product","2":"type-product","3":"status-publish","5":"product_cat-adoptados","6":"product_cat-adoptar-perro-gato-adoptar-mascota-es","7":"pa_chip-si","8":"pa_origen-a-p-a-sonando-feliz","9":"pa_pais-espana","10":"pa_pelo-corto","11":"pa_provincia-guadalajara","12":"pa_sexo-macho","13":"pa_tamano-c","15":"first","16":"instock","17":"taxable","18":"shipping-taxable","19":"product-type-simple"},"acf":[],"_links":{"self":[{"href":"https:\/\/www.wallamascotas.com\/web3\/wp-json\/wp\/v2\/product\/3262","targetHints":{"allow":["GET"]}}],"collection":[{"href":"https:\/\/www.wallamascotas.com\/web3\/wp-json\/wp\/v2\/product"}],"about":[{"href":"https:\/\/www.wallamascotas.com\/web3\/wp-json\/wp\/v2\/types\/product"}],"wp:attachment":[{"href":"https:\/\/www.wallamascotas.com\/web3\/wp-json\/wp\/v2\/media?parent=3262"}],"wp:term":[{"taxonomy":"product_brand","embeddable":true,"href":"https:\/\/www.wallamascotas.com\/web3\/wp-json\/wp\/v2\/product_brand?post=3262"},{"taxonomy":"product_cat","embeddable":true,"href":"https:\/\/www.wallamascotas.com\/web3\/wp-json\/wp\/v2\/product_cat?post=3262"},{"taxonomy":"product_tag","embeddable":true,"href":"https:\/\/www.wallamascotas.com\/web3\/wp-json\/wp\/v2\/product_tag?post=3262"}],"curies":[{"name":"wp","href":"https:\/\/api.w.org\/{rel}","templated":true}]}}