{"id":3400,"date":"2018-03-05T15:02:03","date_gmt":"2018-03-05T15:02:03","guid":{"rendered":"http:\/\/www.wallamascotas.com\/web3\/?post_type=product&#038;p=3400"},"modified":"2026-03-25T18:20:09","modified_gmt":"2026-03-25T18:20:09","slug":"sacha-ano-medio-valencia","status":"publish","type":"product","link":"https:\/\/www.wallamascotas.com\/web3\/mascota\/sacha-ano-medio-valencia\/","title":{"rendered":"SACHA \u2013 A\u00d1O Y MEDIO"},"content":{"rendered":"<p><strong><span style=\"font-size: 130%; color: #33cccc;\">ADOPTADA<\/span><\/strong><\/p>\n<p style=\"text-align: justify;\">Buscas una compa\u00f1era de vida dulce, cari\u00f1osa y buena? No busques m\u00e1s, Sacha est\u00e1 esper\u00e1ndote! Esta preciosa y brillante perrita ha sido abandonada y est\u00e1 en la perrera. Necesita un buen hogar definitivo, donde recuperarse del susto vivido y tener una vida muy muy feliz. Contacta con nosotras si quieres conocerla!<\/p>\n","protected":false},"excerpt":{"rendered":"<p style=\"text-align: justify;\"><span style=\"color: #33cccc;\"><strong>ADOPTADA<\/strong><\/span> Sacha est\u00e1 esper\u00e1ndote!<\/p>\n","protected":false},"featured_media":0,"template":"","meta":{"_acf_changed":false},"product_brand":[],"product_cat":[51,1000],"product_tag":[],"class_list":{"0":"post-3400","1":"product","2":"type-product","3":"status-publish","5":"product_cat-adoptados","6":"product_cat-adoptar-perro-gato-adoptar-mascota-es","7":"pa_fecha_nacimiento-ano-y-medio","8":"pa_fecha-alta-05-03-18","9":"pa_origen-protectora-la-perrita-valiente","10":"pa_pais-espana","11":"pa_provincia-valencia","12":"pa_tamano-c","14":"first","15":"instock","16":"taxable","17":"shipping-taxable","18":"product-type-simple"},"acf":[],"_links":{"self":[{"href":"https:\/\/www.wallamascotas.com\/web3\/wp-json\/wp\/v2\/product\/3400","targetHints":{"allow":["GET"]}}],"collection":[{"href":"https:\/\/www.wallamascotas.com\/web3\/wp-json\/wp\/v2\/product"}],"about":[{"href":"https:\/\/www.wallamascotas.com\/web3\/wp-json\/wp\/v2\/types\/product"}],"wp:attachment":[{"href":"https:\/\/www.wallamascotas.com\/web3\/wp-json\/wp\/v2\/media?parent=3400"}],"wp:term":[{"taxonomy":"product_brand","embeddable":true,"href":"https:\/\/www.wallamascotas.com\/web3\/wp-json\/wp\/v2\/product_brand?post=3400"},{"taxonomy":"product_cat","embeddable":true,"href":"https:\/\/www.wallamascotas.com\/web3\/wp-json\/wp\/v2\/product_cat?post=3400"},{"taxonomy":"product_tag","embeddable":true,"href":"https:\/\/www.wallamascotas.com\/web3\/wp-json\/wp\/v2\/product_tag?post=3400"}],"curies":[{"name":"wp","href":"https:\/\/api.w.org\/{rel}","templated":true}]}}