{"id":3404,"date":"2018-03-06T08:54:47","date_gmt":"2018-03-06T08:54:47","guid":{"rendered":"http:\/\/www.wallamascotas.com\/web3\/?post_type=product&#038;p=3404"},"modified":"2026-03-25T18:20:09","modified_gmt":"2026-03-25T18:20:09","slug":"fanny-9-meses-madrid","status":"publish","type":"product","link":"https:\/\/www.wallamascotas.com\/web3\/mascota\/fanny-9-meses-madrid\/","title":{"rendered":"FANNY \u2013 9 MESES"},"content":{"rendered":"<p><span style=\"color: #33cccc; font-size: 130%;\"><strong>ADOPTADA<\/strong><\/span><\/p>\n<p>Este\u00a0 mestizo encontrado en la calle, sin chip, busca casa. Esta castrado y vacunado.<\/p>\n<p>Tiene buen car\u00e1cter y se lleva bien con perros y ni\u00f1os. Debi\u00f3 nacer en el pasado mes de julio. La persona que lo recogi\u00f3 no puede seguir teni\u00e9ndole. Es urgente acogerlo y despu\u00e9s encontrar una familia que lo adopte.<\/p>\n","protected":false},"excerpt":{"rendered":"<p>ADOPTADA. Esta castrado y vacunado<\/p>\n","protected":false},"featured_media":0,"template":"","meta":{"_acf_changed":false},"product_brand":[],"product_cat":[51,1000],"product_tag":[],"class_list":{"0":"post-3404","1":"product","2":"type-product","3":"status-publish","5":"product_cat-adoptados","6":"product_cat-adoptar-perro-gato-adoptar-mascota-es","7":"pa_origen-particular","8":"pa_pais-espana","9":"pa_provincia-madrid","10":"pa_sexo-macho","11":"pa_tamano-c","13":"first","14":"instock","15":"taxable","16":"shipping-taxable","17":"product-type-simple"},"acf":[],"_links":{"self":[{"href":"https:\/\/www.wallamascotas.com\/web3\/wp-json\/wp\/v2\/product\/3404","targetHints":{"allow":["GET"]}}],"collection":[{"href":"https:\/\/www.wallamascotas.com\/web3\/wp-json\/wp\/v2\/product"}],"about":[{"href":"https:\/\/www.wallamascotas.com\/web3\/wp-json\/wp\/v2\/types\/product"}],"wp:attachment":[{"href":"https:\/\/www.wallamascotas.com\/web3\/wp-json\/wp\/v2\/media?parent=3404"}],"wp:term":[{"taxonomy":"product_brand","embeddable":true,"href":"https:\/\/www.wallamascotas.com\/web3\/wp-json\/wp\/v2\/product_brand?post=3404"},{"taxonomy":"product_cat","embeddable":true,"href":"https:\/\/www.wallamascotas.com\/web3\/wp-json\/wp\/v2\/product_cat?post=3404"},{"taxonomy":"product_tag","embeddable":true,"href":"https:\/\/www.wallamascotas.com\/web3\/wp-json\/wp\/v2\/product_tag?post=3404"}],"curies":[{"name":"wp","href":"https:\/\/api.w.org\/{rel}","templated":true}]}}