{"id":3474,"date":"2018-03-07T16:45:20","date_gmt":"2018-03-07T16:45:20","guid":{"rendered":"http:\/\/www.wallamascotas.com\/web3\/?post_type=product&#038;p=3474"},"modified":"2026-03-25T18:20:09","modified_gmt":"2026-03-25T18:20:09","slug":"claus-ano-medio-cordoba","status":"publish","type":"product","link":"https:\/\/www.wallamascotas.com\/web3\/mascota\/claus-ano-medio-cordoba\/","title":{"rendered":"CLAUS \u2013 A\u00d1O Y MEDIO"},"content":{"rendered":"<p><span style=\"color: #33cccc; font-size: 130%;\"><strong>ADOPTADO<\/strong><\/span><\/p>\n<p style=\"text-align: justify;\">Claus es un perro muy tranquilo y cari\u00f1oso que se lleva bien con todo tipo de animales&#8230; Fue abandonado por sus due\u00f1os en la calle y despu\u00e9s de a\u00f1os vagando lo cogi\u00f3 la perrera&#8230;<br \/>\nEst\u00e1 castrado y vacunado, sin ninguna enfermedad&#8230;<br \/>\nest\u00e1 en C\u00f3rdoba pero podr\u00eda viajar&#8230; dale una oportunidad<\/p>\n","protected":false},"excerpt":{"rendered":"<p style=\"text-align: justify;\"><span style=\"color: #33cccc;\"><strong>ADOPTADO.<\/strong><\/span> Muy tranquilo<\/p>\n","protected":false},"featured_media":0,"template":"","meta":{"_acf_changed":false},"product_brand":[],"product_cat":[51,1000],"product_tag":[],"class_list":{"0":"post-3474","1":"product","2":"type-product","3":"status-publish","5":"product_cat-adoptados","6":"product_cat-adoptar-perro-gato-adoptar-mascota-es","7":"pa_fecha_nacimiento-ano-y-medio","8":"pa_fecha-alta-07-03-18","9":"pa_origen-particular","10":"pa_pais-espana","11":"pa_provincia-cordoba","12":"pa_tamano-a","14":"first","15":"instock","16":"taxable","17":"shipping-taxable","18":"product-type-simple"},"acf":[],"_links":{"self":[{"href":"https:\/\/www.wallamascotas.com\/web3\/wp-json\/wp\/v2\/product\/3474","targetHints":{"allow":["GET"]}}],"collection":[{"href":"https:\/\/www.wallamascotas.com\/web3\/wp-json\/wp\/v2\/product"}],"about":[{"href":"https:\/\/www.wallamascotas.com\/web3\/wp-json\/wp\/v2\/types\/product"}],"wp:attachment":[{"href":"https:\/\/www.wallamascotas.com\/web3\/wp-json\/wp\/v2\/media?parent=3474"}],"wp:term":[{"taxonomy":"product_brand","embeddable":true,"href":"https:\/\/www.wallamascotas.com\/web3\/wp-json\/wp\/v2\/product_brand?post=3474"},{"taxonomy":"product_cat","embeddable":true,"href":"https:\/\/www.wallamascotas.com\/web3\/wp-json\/wp\/v2\/product_cat?post=3474"},{"taxonomy":"product_tag","embeddable":true,"href":"https:\/\/www.wallamascotas.com\/web3\/wp-json\/wp\/v2\/product_tag?post=3474"}],"curies":[{"name":"wp","href":"https:\/\/api.w.org\/{rel}","templated":true}]}}