{"id":35154,"date":"2024-05-05T23:34:19","date_gmt":"2024-05-05T23:34:19","guid":{"rendered":"https:\/\/www.wallamascotas.com\/web3\/?post_type=product&#038;p=35154"},"modified":"2024-05-06T00:06:20","modified_gmt":"2024-05-06T00:06:20","slug":"apa-olmo-leon","status":"publish","type":"product","link":"https:\/\/www.wallamascotas.com\/web3\/mascota\/apa-olmo-leon\/","title":{"rendered":"APA OLMO"},"content":{"rendered":"<p>APA OLMO<\/p>\n<p>Somos una asociaci\u00f3n dedicada a la protecci\u00f3n de los animales. Nuestra misi\u00f3n es garantizar su bienestar y seguridad, adem\u00e1s de promover la adopci\u00f3n responsable. Nuestro objetivo es dar visibilidad a los animales disponibles para adopci\u00f3n, y buscarles un hogar digno donde puedan recibir el cuidado y el afecto que merecen. CIF G70822010.<\/p>\n<div>\n<div dir=\"auto\">\n<p>EMAIL: <a href=\"mailto:olmoapa@gmail.com\" rel=\"noreferrer\">olmoapa@gmail.com<\/a><\/p>\n<p>Tlf: 690 195 212<\/p>\n<div dir=\"auto\"><span style=\"font-size: 14.4px;\">LEON<\/span><\/div>\n<\/div>\n<\/div>\n<a href=\"https:\/\/www.wallamascotas.com\/web3\/wallamascotas\/?filter_origen=apa-olmo\" class=\"button primary is-primary is-medium\"  >\n    <span>VER ANIMALES EN ADOPCI\u00d3N DE LA ASOCIACI\u00d3N<\/span>\n  <\/a>\n\n<p>&nbsp;<\/p>\n<p>&nbsp;<\/p>\n","protected":false},"excerpt":{"rendered":"<p>&nbsp;<\/p>\n<p>&nbsp;<\/p>\n","protected":false},"featured_media":35155,"template":"","meta":{"_acf_changed":false},"product_brand":[],"product_cat":[1000,1798],"product_tag":[],"class_list":{"0":"post-35154","1":"product","2":"type-product","3":"status-publish","4":"has-post-thumbnail","6":"product_cat-adoptar-perro-gato-adoptar-mascota-es","7":"product_cat-asociaciones","8":"pa_origen-apa-olmo","9":"pa_pais-espana","10":"pa_provincia-leon","12":"first","13":"instock","14":"taxable","15":"shipping-taxable","16":"product-type-simple"},"acf":[],"_links":{"self":[{"href":"https:\/\/www.wallamascotas.com\/web3\/wp-json\/wp\/v2\/product\/35154","targetHints":{"allow":["GET"]}}],"collection":[{"href":"https:\/\/www.wallamascotas.com\/web3\/wp-json\/wp\/v2\/product"}],"about":[{"href":"https:\/\/www.wallamascotas.com\/web3\/wp-json\/wp\/v2\/types\/product"}],"wp:featuredmedia":[{"embeddable":true,"href":"https:\/\/www.wallamascotas.com\/web3\/wp-json\/wp\/v2\/media\/35155"}],"wp:attachment":[{"href":"https:\/\/www.wallamascotas.com\/web3\/wp-json\/wp\/v2\/media?parent=35154"}],"wp:term":[{"taxonomy":"product_brand","embeddable":true,"href":"https:\/\/www.wallamascotas.com\/web3\/wp-json\/wp\/v2\/product_brand?post=35154"},{"taxonomy":"product_cat","embeddable":true,"href":"https:\/\/www.wallamascotas.com\/web3\/wp-json\/wp\/v2\/product_cat?post=35154"},{"taxonomy":"product_tag","embeddable":true,"href":"https:\/\/www.wallamascotas.com\/web3\/wp-json\/wp\/v2\/product_tag?post=35154"}],"curies":[{"name":"wp","href":"https:\/\/api.w.org\/{rel}","templated":true}]}}