{"id":3550,"date":"2018-03-09T08:35:44","date_gmt":"2018-03-09T08:35:44","guid":{"rendered":"http:\/\/www.wallamascotas.com\/web3\/?post_type=product&#038;p=3550"},"modified":"2026-03-25T18:20:09","modified_gmt":"2026-03-25T18:20:09","slug":"nona-3-anos-sevilla","status":"publish","type":"product","link":"https:\/\/www.wallamascotas.com\/web3\/mascota\/nona-3-anos-sevilla\/","title":{"rendered":"NONA \u2013 3 A\u00d1OS"},"content":{"rendered":"<p><span style=\"color: #33cccc; font-size: 130%;\"><strong>ADOPTADA<\/strong><\/span><\/p>\n<p style=\"text-align: justify;\">Este tesoro tiene 3 a\u00f1itos, tiene todas sus vacunas, desparasitaciones y chip. Es muy d\u00f3cil y muy buena . \u2764<br \/>\nEs de una pareja que se han separado, y la situaci\u00f3n desde hace 6 o 7 meses, es que est\u00e1 EN UN GARAJE TODO EL D\u00cdA SOLITA, hace sus necesidades alli mismo, cuando no pueden acercarse a verla. El chico \u00a0se ha hecho responsable de ella y est\u00e1 muy triste por no poder tenerla y estar obligado a tener que buscarle ADOPCI\u00d3N O ACOGIDA. SU EX PAREJA NO LA QUIERE Y NO QUIERE SABER NADA DE ELLA, le importa tres pimientos su situaci\u00f3n.<br \/>\nPOR FAVOR MUY URGENTE ADOPCI\u00d3N O ACOGIDA RESPONSABLE.<\/p>\n<p>??NECESITA HOGAR Y CARI\u00d1O Y NO ESTAR ALLI SOLA, POR FAVOR. ??<\/p>\n","protected":false},"excerpt":{"rendered":"<p style=\"text-align: justify;\"><span style=\"color: #33cccc;\"><strong>ADOPTADA.<\/strong><\/span> Este tesoro tiene 3 a\u00f1itos<\/p>\n","protected":false},"featured_media":0,"template":"","meta":{"_acf_changed":false},"product_brand":[],"product_cat":[51,1000],"product_tag":[],"class_list":{"0":"post-3550","1":"product","2":"type-product","3":"status-publish","5":"product_cat-adoptados","6":"product_cat-adoptar-perro-gato-adoptar-mascota-es","7":"pa_fecha_nacimiento-3-anos","8":"pa_fecha-alta-09-03-18","9":"pa_origen-particular","10":"pa_pais-espana","11":"pa_provincia-sevilla","12":"pa_tamano-d","14":"first","15":"instock","16":"taxable","17":"shipping-taxable","18":"product-type-simple"},"acf":[],"_links":{"self":[{"href":"https:\/\/www.wallamascotas.com\/web3\/wp-json\/wp\/v2\/product\/3550","targetHints":{"allow":["GET"]}}],"collection":[{"href":"https:\/\/www.wallamascotas.com\/web3\/wp-json\/wp\/v2\/product"}],"about":[{"href":"https:\/\/www.wallamascotas.com\/web3\/wp-json\/wp\/v2\/types\/product"}],"wp:attachment":[{"href":"https:\/\/www.wallamascotas.com\/web3\/wp-json\/wp\/v2\/media?parent=3550"}],"wp:term":[{"taxonomy":"product_brand","embeddable":true,"href":"https:\/\/www.wallamascotas.com\/web3\/wp-json\/wp\/v2\/product_brand?post=3550"},{"taxonomy":"product_cat","embeddable":true,"href":"https:\/\/www.wallamascotas.com\/web3\/wp-json\/wp\/v2\/product_cat?post=3550"},{"taxonomy":"product_tag","embeddable":true,"href":"https:\/\/www.wallamascotas.com\/web3\/wp-json\/wp\/v2\/product_tag?post=3550"}],"curies":[{"name":"wp","href":"https:\/\/api.w.org\/{rel}","templated":true}]}}