{"id":3623,"date":"2018-03-14T09:57:02","date_gmt":"2018-03-14T09:57:02","guid":{"rendered":"http:\/\/www.wallamascotas.com\/web3\/?post_type=product&#038;p=3623"},"modified":"2026-03-25T18:20:09","modified_gmt":"2026-03-25T18:20:09","slug":"tiger-5-anos-madrid","status":"publish","type":"product","link":"https:\/\/www.wallamascotas.com\/web3\/mascota\/tiger-5-anos-madrid\/","title":{"rendered":"TIGER \u2013 5 A\u00d1OS"},"content":{"rendered":"<p><span style=\"color: #33cccc; font-size: 130%;\"><strong>ADOPTADO<\/strong><\/span><\/p>\n<p style=\"text-align: justify;\">Estoy buscando una familia para mi Gato, lleva conmigo 5 a\u00f1os y me cuesta mucho tomar esta decisi\u00f3n pero mi situaci\u00f3n personal ha cambiado, tengo que dejar mi casa y no puedo llevarlo conmigo, yo me haria cargo de todos los gastos de el, solo necesito alguien con quien pueda vivir y por supuesto que lo cuide con mucho cari\u00f1o y con quien yo pueda estar en contacto .<br \/>\nSe llama Tiger y en julio cumplir\u00e1 5 a\u00f1os, no se exactamente el d\u00eda porque lo encontr\u00e9 en la calle tirado junto sus hermanitos todos muertos menos el. Es bastante bueno, un poquito asustadizo con los ruidos y muy cari\u00f1oso cuando quiere :). Le gusta mucho jugar al pilla pilla.<br \/>\nPor favor estar\u00eda eternamente agradecida si alguien puede acoger a Tiger en su familia.<br \/>\nMuchas gracias s todos<\/p>\n","protected":false},"excerpt":{"rendered":"<p style=\"text-align: justify;\"><span style=\"color: #33cccc;\"><strong>ADOPTADO.<\/strong> <\/span>Un amor<\/p>\n","protected":false},"featured_media":0,"template":"","meta":{"_acf_changed":false},"product_brand":[],"product_cat":[51,1000],"product_tag":[],"class_list":{"0":"post-3623","1":"product","2":"type-product","3":"status-publish","5":"product_cat-adoptados","6":"product_cat-adoptar-perro-gato-adoptar-mascota-es","7":"pa_chip-si","8":"pa_origen-particular","9":"pa_pais-espana","10":"pa_provincia-madrid","11":"pa_sexo-macho","12":"pa_tamano-c","14":"first","15":"instock","16":"taxable","17":"shipping-taxable","18":"product-type-simple"},"acf":[],"_links":{"self":[{"href":"https:\/\/www.wallamascotas.com\/web3\/wp-json\/wp\/v2\/product\/3623","targetHints":{"allow":["GET"]}}],"collection":[{"href":"https:\/\/www.wallamascotas.com\/web3\/wp-json\/wp\/v2\/product"}],"about":[{"href":"https:\/\/www.wallamascotas.com\/web3\/wp-json\/wp\/v2\/types\/product"}],"wp:attachment":[{"href":"https:\/\/www.wallamascotas.com\/web3\/wp-json\/wp\/v2\/media?parent=3623"}],"wp:term":[{"taxonomy":"product_brand","embeddable":true,"href":"https:\/\/www.wallamascotas.com\/web3\/wp-json\/wp\/v2\/product_brand?post=3623"},{"taxonomy":"product_cat","embeddable":true,"href":"https:\/\/www.wallamascotas.com\/web3\/wp-json\/wp\/v2\/product_cat?post=3623"},{"taxonomy":"product_tag","embeddable":true,"href":"https:\/\/www.wallamascotas.com\/web3\/wp-json\/wp\/v2\/product_tag?post=3623"}],"curies":[{"name":"wp","href":"https:\/\/api.w.org\/{rel}","templated":true}]}}