{"id":37440,"date":"2024-07-16T13:22:28","date_gmt":"2024-07-16T13:22:28","guid":{"rendered":"https:\/\/www.wallamascotas.com\/web3\/?post_type=product&#038;p=37440"},"modified":"2024-07-16T13:26:47","modified_gmt":"2024-07-16T13:26:47","slug":"nosotros-lo-frenamos-murcia","status":"publish","type":"product","link":"https:\/\/www.wallamascotas.com\/web3\/mascota\/nosotros-lo-frenamos-murcia\/","title":{"rendered":"NOSOTROS LO FRENAMOS"},"content":{"rendered":"<p>NOSOTROS LO FRENAMOS<\/p>\n<div dir=\"auto\"><\/div>\n<div dir=\"auto\">\n<div dir=\"auto\">La protectora &#8220;Nosotros lo frenamos&#8221; se dedica a las siguientes actividades principales:<\/div>\n<div dir=\"auto\"><\/div>\n<div dir=\"auto\">-Castraci\u00f3n de gatos y perros:<\/div>\n<div dir=\"auto\">Trabajamos en conjunto con cl\u00ednicas veterinarias para ofrecer servicios de castraci\u00f3n a bajo costo para animales callejeros y de familias de bajos recursos.<\/div>\n<div dir=\"auto\">Esto ayuda a controlar la sobrepoblaci\u00f3n de animales sin hogar y reduce el n\u00famero de cachorros y gatitos que terminan abandonados en las calles.<\/div>\n<div dir=\"auto\"><\/div>\n<div dir=\"auto\">-Alimentaci\u00f3n y rescate de animales callejeros:<\/div>\n<div dir=\"auto\">Tenemos una red de voluntarios que alimentan y dar cuidados b\u00e1sicos a gatos y perros que viven en las calles.<\/div>\n<div dir=\"auto\">Cuando encontramos animales heridos, enfermos o en situaci\u00f3n de abandono, los rescatamos y les brindan atenci\u00f3n veterinaria y cuidados hasta que puedan ser adoptados.<\/div>\n<div dir=\"auto\"><\/div>\n<div dir=\"auto\">-B\u00fasqueda de nuevos hogares:<\/div>\n<div dir=\"auto\">Trabajamos incansablemente para encontrar familias amorosas y responsables que puedan adoptar a los animales rescatados.<\/div>\n<div dir=\"auto\">Realizamos campa\u00f1as de adopci\u00f3n, tanto en l\u00ednea como en eventos presenciales, para dar a conocer a los animales disponibles.<\/div>\n<div dir=\"auto\">Brindamos acompa\u00f1amiento y seguimiento a las adopciones para asegurar que los animales se adapten bien a sus nuevos hogares.<\/div>\n<div dir=\"auto\"><\/div>\n<div dir=\"auto\">-Rescate de animales de hogares conflictivos:<\/div>\n<div dir=\"auto\">Intervenimos para sacar a los animales de entornos peligrosos y brindarles protecci\u00f3n y cuidados.<\/div>\n<div dir=\"auto\">En resumen, esta protectora se enfoca en mejorar la calidad de vida de los gatos y perros, a trav\u00e9s de la castraci\u00f3n, la alimentaci\u00f3n y el rescate de animales callejeros, y la b\u00fasqueda de nuevos hogares amorosos y responsables. Todo esto sin contar con un espacio f\u00edsico propio, sino a trav\u00e9s de una red de voluntarios y alianzas estrat\u00e9gicas.<\/div>\n<\/div>\n<div dir=\"auto\"><\/div>\n<div>\n<div dir=\"auto\">\n<p>EMAIL: <a class=\"v1ms-outlook-linkify\" href=\"mailto:protectoranosotroslofrenamos@gmail.com\" rel=\"noreferrer\">protectoranosotroslofrenamos@gmail.com<\/a><\/p>\n<p>Tlf: <a>601371792<\/a><\/p>\n<\/div>\n<\/div>\n<div dir=\"auto\">MURCIA<\/div>\n<div>\n<div dir=\"auto\">\n<div dir=\"auto\"><\/div>\n<\/div>\n<\/div>\n<a href=\"https:\/\/www.wallamascotas.com\/web3\/wallamascotas\/\" class=\"button primary is-primary is-medium\"  >\n    <span>VER ANIMALES EN ADOPCI\u00d3N DE LA ASOCIACI\u00d3N<\/span>\n  <\/a>\n\n<p>&nbsp;<\/p>\n<p>&nbsp;<\/p>\n","protected":false},"excerpt":{"rendered":"<p>&nbsp;<\/p>\n<p>&nbsp;<\/p>\n","protected":false},"featured_media":37441,"template":"","meta":{"_acf_changed":false},"product_brand":[],"product_cat":[1000,1798],"product_tag":[],"class_list":{"0":"post-37440","1":"product","2":"type-product","3":"status-publish","4":"has-post-thumbnail","6":"product_cat-adoptar-perro-gato-adoptar-mascota-es","7":"product_cat-asociaciones","8":"pa_origen-nosotros-lo-frenamos","9":"pa_pais-espana","10":"pa_provincia-murcia","12":"first","13":"instock","14":"taxable","15":"shipping-taxable","16":"product-type-simple"},"acf":[],"_links":{"self":[{"href":"https:\/\/www.wallamascotas.com\/web3\/wp-json\/wp\/v2\/product\/37440","targetHints":{"allow":["GET"]}}],"collection":[{"href":"https:\/\/www.wallamascotas.com\/web3\/wp-json\/wp\/v2\/product"}],"about":[{"href":"https:\/\/www.wallamascotas.com\/web3\/wp-json\/wp\/v2\/types\/product"}],"wp:featuredmedia":[{"embeddable":true,"href":"https:\/\/www.wallamascotas.com\/web3\/wp-json\/wp\/v2\/media\/37441"}],"wp:attachment":[{"href":"https:\/\/www.wallamascotas.com\/web3\/wp-json\/wp\/v2\/media?parent=37440"}],"wp:term":[{"taxonomy":"product_brand","embeddable":true,"href":"https:\/\/www.wallamascotas.com\/web3\/wp-json\/wp\/v2\/product_brand?post=37440"},{"taxonomy":"product_cat","embeddable":true,"href":"https:\/\/www.wallamascotas.com\/web3\/wp-json\/wp\/v2\/product_cat?post=37440"},{"taxonomy":"product_tag","embeddable":true,"href":"https:\/\/www.wallamascotas.com\/web3\/wp-json\/wp\/v2\/product_tag?post=37440"}],"curies":[{"name":"wp","href":"https:\/\/api.w.org\/{rel}","templated":true}]}}