{"id":4140,"date":"2018-05-03T18:49:00","date_gmt":"2018-05-03T18:49:00","guid":{"rendered":"http:\/\/www.wallamascotas.com\/web3\/?post_type=product&#038;p=4140"},"modified":"2026-03-25T18:20:09","modified_gmt":"2026-03-25T18:20:09","slug":"molly-2-anos-murcia","status":"publish","type":"product","link":"https:\/\/www.wallamascotas.com\/web3\/mascota\/molly-2-anos-murcia\/","title":{"rendered":"MOLLY \u2013 2 A\u00d1OS"},"content":{"rendered":"<p><span style=\"color: #33cccc; font-size: 130%;\"><strong>ADOPTADA<\/strong><\/span><\/p>\n<p>Molly en adopci\u00f3n<br \/>\nFECHA NACIMIENTO: 2 a\u00f1os aproximadamente.<br \/>\nHISTORIA: se qued\u00f3 pre\u00f1ada y tuvo a sus beb\u00e9s en un terreno donde no la quer\u00edan, le encontramos acogida a ella y a sus beb\u00e9s y ahora que ya comen solos, Molly busca adopci\u00f3n.<br \/>\nCAR\u00c1CTER: Es cari\u00f1osa, muy mimosa y tranquila.<br \/>\nDATOS RELEVANTES: se encuentra en Murcia.<\/p>\n","protected":false},"excerpt":{"rendered":"<p style=\"text-align: justify;\"><span style=\"color: #33cccc;\"><strong>ADOPTADA.<\/strong><\/span> Es cari\u00f1osa<\/p>\n","protected":false},"featured_media":0,"template":"","meta":{"_acf_changed":false},"product_brand":[],"product_cat":[51,1000],"product_tag":[],"class_list":{"0":"post-4140","1":"product","2":"type-product","3":"status-publish","5":"product_cat-adoptados","6":"product_cat-adoptar-perro-gato-adoptar-mascota-es","7":"pa_chip-si","8":"pa_fecha_nacimiento-2-anos","9":"pa_fecha-alta-30-04-18","10":"pa_origen-asociacion-gatos-abandonados-murcia","11":"pa_pais-espana","12":"pa_provincia-murcia","14":"first","15":"instock","16":"taxable","17":"shipping-taxable","18":"product-type-simple"},"acf":[],"_links":{"self":[{"href":"https:\/\/www.wallamascotas.com\/web3\/wp-json\/wp\/v2\/product\/4140","targetHints":{"allow":["GET"]}}],"collection":[{"href":"https:\/\/www.wallamascotas.com\/web3\/wp-json\/wp\/v2\/product"}],"about":[{"href":"https:\/\/www.wallamascotas.com\/web3\/wp-json\/wp\/v2\/types\/product"}],"wp:attachment":[{"href":"https:\/\/www.wallamascotas.com\/web3\/wp-json\/wp\/v2\/media?parent=4140"}],"wp:term":[{"taxonomy":"product_brand","embeddable":true,"href":"https:\/\/www.wallamascotas.com\/web3\/wp-json\/wp\/v2\/product_brand?post=4140"},{"taxonomy":"product_cat","embeddable":true,"href":"https:\/\/www.wallamascotas.com\/web3\/wp-json\/wp\/v2\/product_cat?post=4140"},{"taxonomy":"product_tag","embeddable":true,"href":"https:\/\/www.wallamascotas.com\/web3\/wp-json\/wp\/v2\/product_tag?post=4140"}],"curies":[{"name":"wp","href":"https:\/\/api.w.org\/{rel}","templated":true}]}}