{"id":4154,"date":"2018-05-03T19:12:35","date_gmt":"2018-05-03T19:12:35","guid":{"rendered":"http:\/\/www.wallamascotas.com\/web3\/?post_type=product&#038;p=4154"},"modified":"2026-03-25T18:20:09","modified_gmt":"2026-03-25T18:20:09","slug":"troya-2-anos-murcia","status":"publish","type":"product","link":"https:\/\/www.wallamascotas.com\/web3\/mascota\/troya-2-anos-murcia\/","title":{"rendered":"TROYA \u2013 2 A\u00d1OS"},"content":{"rendered":"<p><span style=\"color: #33cccc; font-size: 130%;\"><strong>ADOPTADA<\/strong><\/span><\/p>\n<p style=\"text-align: justify;\">TROYA &#8211; BUSCA SU PRIMERA CARICIA<br \/>\nEsta preciosa atigrada de 2 a\u00f1itos nunca ha conocido el calor de un hogar. Se arrima de una ventana en otra a las casas de su alrededor buscando alguien que le abra la ventana y deje que se cuele en su vida&#8230; Nadie le abre, le lanzan patadas al aire y la echan para que se vaya y no vuelva&#8230; Pero Troya sabe que su sino es tener una familia, porque naci\u00f3 en la calle y sobrevive gracias a la esperanza de encontrar a SU familia. Troya es muy cari\u00f1osa, ahora est\u00e1 en una casa de acogida esperando una oportunidad. Est\u00e1 s\u00faper agradecida, se reboza en las camitas y mantitas, te sigue y te da las gracias entre ronroneos, haciendo la croqueta &lt;3 \u00bfMe ayudas a darle un final feliz?<\/p>\n","protected":false},"excerpt":{"rendered":"<p style=\"text-align: justify;\"><span style=\"color: #33cccc;\"><strong>ADOPTADA.<\/strong><\/span> Puede viajar hasta donde haga falta<\/p>\n","protected":false},"featured_media":4155,"template":"","meta":{"_acf_changed":false},"product_brand":[],"product_cat":[51,1000],"product_tag":[],"class_list":{"0":"post-4154","1":"product","2":"type-product","3":"status-publish","4":"has-post-thumbnail","6":"product_cat-adoptados","7":"product_cat-adoptar-perro-gato-adoptar-mascota-es","8":"pa_chip-si","9":"pa_fecha_nacimiento-2-anos","10":"pa_fecha-alta-30-04-18","11":"pa_origen-asociacion-gatos-abandonados-murcia","12":"pa_pais-espana","13":"pa_provincia-murcia","15":"first","16":"instock","17":"taxable","18":"shipping-taxable","19":"product-type-simple"},"acf":[],"_links":{"self":[{"href":"https:\/\/www.wallamascotas.com\/web3\/wp-json\/wp\/v2\/product\/4154","targetHints":{"allow":["GET"]}}],"collection":[{"href":"https:\/\/www.wallamascotas.com\/web3\/wp-json\/wp\/v2\/product"}],"about":[{"href":"https:\/\/www.wallamascotas.com\/web3\/wp-json\/wp\/v2\/types\/product"}],"wp:featuredmedia":[{"embeddable":true,"href":"https:\/\/www.wallamascotas.com\/web3\/wp-json\/wp\/v2\/media\/4155"}],"wp:attachment":[{"href":"https:\/\/www.wallamascotas.com\/web3\/wp-json\/wp\/v2\/media?parent=4154"}],"wp:term":[{"taxonomy":"product_brand","embeddable":true,"href":"https:\/\/www.wallamascotas.com\/web3\/wp-json\/wp\/v2\/product_brand?post=4154"},{"taxonomy":"product_cat","embeddable":true,"href":"https:\/\/www.wallamascotas.com\/web3\/wp-json\/wp\/v2\/product_cat?post=4154"},{"taxonomy":"product_tag","embeddable":true,"href":"https:\/\/www.wallamascotas.com\/web3\/wp-json\/wp\/v2\/product_tag?post=4154"}],"curies":[{"name":"wp","href":"https:\/\/api.w.org\/{rel}","templated":true}]}}