{"id":4192,"date":"2018-05-04T12:24:31","date_gmt":"2018-05-04T12:24:31","guid":{"rendered":"http:\/\/www.wallamascotas.com\/web3\/?post_type=product&#038;p=4192"},"modified":"2026-03-25T18:20:09","modified_gmt":"2026-03-25T18:20:09","slug":"phoebe-2-meses-murcia","status":"publish","type":"product","link":"https:\/\/www.wallamascotas.com\/web3\/mascota\/phoebe-2-meses-murcia\/","title":{"rendered":"PHOEBE \u2013 2 MESES"},"content":{"rendered":"<p><span style=\"color: #33cccc; font-size: 130%;\"><strong>ADOPTADA<\/strong><\/span><\/p>\n<p style=\"text-align: justify;\">Phoebe es una gatita de tan s\u00f3lo mes y medio, es independiente y muy lista. Ha sido pionera en todo: dejar leche, comer pat\u00e9, comer pienso h\u00famedo, explorar, etc. Juega y se deja coger pero prefiere explorar o correr. Se lo pasa en grande jugando con sus hermanitos, quieres tener a Phoebe en tu familia?<\/p>\n<p style=\"text-align: justify;\">Escribe a:<\/p>\n<p style=\"text-align: justify;\"><a href=\"mailto:Gatosabandona2@gmail.com\">Gatosabandona2@gmail.com<\/a><\/p>\n<p style=\"text-align: justify;\">WhatsApp al 646760741<\/p>\n<p style=\"text-align: justify;\">Email contacto: <a href=\"mailto:gatosabandona2@gmail.com\">gatosabandona2@gmail.com<\/a> Tel\u00e9fono contacto: 646760741<\/p>\n","protected":false},"excerpt":{"rendered":"<p style=\"text-align: justify;\"><span style=\"color: #33cccc;\"><strong>ADOPTADA.<\/strong><\/span> Gatita de tan s\u00f3lo mes y medio, es independiente y muy lista<\/p>\n","protected":false},"featured_media":0,"template":"","meta":{"_acf_changed":false},"product_brand":[],"product_cat":[51,1000],"product_tag":[],"class_list":{"0":"post-4192","1":"product","2":"type-product","3":"status-publish","5":"product_cat-adoptados","6":"product_cat-adoptar-perro-gato-adoptar-mascota-es","7":"pa_chip-si","8":"pa_fecha_nacimiento-2-meses","9":"pa_fecha-alta-04-05-18","10":"pa_origen-asociacion-gatos-abandonados-murcia","11":"pa_pais-espana","12":"pa_provincia-murcia","13":"pa_tamano-a","15":"first","16":"instock","17":"taxable","18":"shipping-taxable","19":"product-type-simple"},"acf":[],"_links":{"self":[{"href":"https:\/\/www.wallamascotas.com\/web3\/wp-json\/wp\/v2\/product\/4192","targetHints":{"allow":["GET"]}}],"collection":[{"href":"https:\/\/www.wallamascotas.com\/web3\/wp-json\/wp\/v2\/product"}],"about":[{"href":"https:\/\/www.wallamascotas.com\/web3\/wp-json\/wp\/v2\/types\/product"}],"wp:attachment":[{"href":"https:\/\/www.wallamascotas.com\/web3\/wp-json\/wp\/v2\/media?parent=4192"}],"wp:term":[{"taxonomy":"product_brand","embeddable":true,"href":"https:\/\/www.wallamascotas.com\/web3\/wp-json\/wp\/v2\/product_brand?post=4192"},{"taxonomy":"product_cat","embeddable":true,"href":"https:\/\/www.wallamascotas.com\/web3\/wp-json\/wp\/v2\/product_cat?post=4192"},{"taxonomy":"product_tag","embeddable":true,"href":"https:\/\/www.wallamascotas.com\/web3\/wp-json\/wp\/v2\/product_tag?post=4192"}],"curies":[{"name":"wp","href":"https:\/\/api.w.org\/{rel}","templated":true}]}}