{"id":4196,"date":"2018-05-04T12:28:03","date_gmt":"2018-05-04T12:28:03","guid":{"rendered":"http:\/\/www.wallamascotas.com\/web3\/?post_type=product&#038;p=4196"},"modified":"2026-03-25T18:20:09","modified_gmt":"2026-03-25T18:20:09","slug":"frida-1-meses-murcia","status":"publish","type":"product","link":"https:\/\/www.wallamascotas.com\/web3\/mascota\/frida-1-meses-murcia\/","title":{"rendered":"FRIDA \u2013 1 MESES"},"content":{"rendered":"<p><span style=\"color: #33cccc;\"><strong><span style=\"font-size: 130%;\">ADOPTADA<\/span><\/strong><\/span><\/p>\n<p style=\"text-align: justify;\">Esta chiquitina fue rescatada de un contenedor&#8230; Con una semana y media de vida&#8230; (Nacer\u00eda a principios de Abril) La hemos sacado a base de biber\u00f3n y de no dormir unos cuantos d\u00edas&#8230;. Vinieron muy d\u00e9biles y llenos de par\u00e1sitos&#8230; Ahora Frida busca una familia que la adopte Quieres adoptar a esta bebecita?? Es s\u00faper lista, cari\u00f1osa y ronroneadora ?? Esta en Murcia y puede viajar !!<\/p>\n<p style=\"text-align: justify;\">Escr\u00edbenos a:<\/p>\n<p style=\"text-align: justify;\"><a href=\"mailto:gatosabandona2@gmail.com\">gatosabandona2@gmail.com<\/a><\/p>\n<p style=\"text-align: justify;\">600843585 (whatsapp)<\/p>\n<p style=\"text-align: justify;\">Email contacto: <a href=\"mailto:gatosabandona2@gmail.com\">gatosabandona2@gmail.com<\/a> Tel\u00e9fono contacto: 600843585<\/p>\n","protected":false},"excerpt":{"rendered":"<p style=\"text-align: justify;\"><span style=\"color: #33cccc;\"><strong>ADOPTADA.<\/strong><\/span> Es s\u00faper lista, cari\u00f1osa y ronroneadora<\/p>\n","protected":false},"featured_media":0,"template":"","meta":{"_acf_changed":false},"product_brand":[],"product_cat":[51,1000],"product_tag":[],"class_list":{"0":"post-4196","1":"product","2":"type-product","3":"status-publish","5":"product_cat-adoptados","6":"product_cat-adoptar-perro-gato-adoptar-mascota-es","7":"pa_chip-si","8":"pa_fecha_nacimiento-1-mes","9":"pa_fecha-alta-04-05-18","10":"pa_origen-asociacion-gatos-abandonados-murcia","11":"pa_pais-espana","12":"pa_provincia-murcia","13":"pa_tamano-a","15":"first","16":"instock","17":"taxable","18":"shipping-taxable","19":"product-type-simple"},"acf":[],"_links":{"self":[{"href":"https:\/\/www.wallamascotas.com\/web3\/wp-json\/wp\/v2\/product\/4196","targetHints":{"allow":["GET"]}}],"collection":[{"href":"https:\/\/www.wallamascotas.com\/web3\/wp-json\/wp\/v2\/product"}],"about":[{"href":"https:\/\/www.wallamascotas.com\/web3\/wp-json\/wp\/v2\/types\/product"}],"wp:attachment":[{"href":"https:\/\/www.wallamascotas.com\/web3\/wp-json\/wp\/v2\/media?parent=4196"}],"wp:term":[{"taxonomy":"product_brand","embeddable":true,"href":"https:\/\/www.wallamascotas.com\/web3\/wp-json\/wp\/v2\/product_brand?post=4196"},{"taxonomy":"product_cat","embeddable":true,"href":"https:\/\/www.wallamascotas.com\/web3\/wp-json\/wp\/v2\/product_cat?post=4196"},{"taxonomy":"product_tag","embeddable":true,"href":"https:\/\/www.wallamascotas.com\/web3\/wp-json\/wp\/v2\/product_tag?post=4196"}],"curies":[{"name":"wp","href":"https:\/\/api.w.org\/{rel}","templated":true}]}}