{"id":4220,"date":"2018-05-05T11:48:37","date_gmt":"2018-05-05T11:48:37","guid":{"rendered":"http:\/\/www.wallamascotas.com\/web3\/?post_type=product&#038;p=4220"},"modified":"2026-03-25T18:20:09","modified_gmt":"2026-03-25T18:20:09","slug":"pelayo-1-ano-y-medio-sevilla","status":"publish","type":"product","link":"https:\/\/www.wallamascotas.com\/web3\/mascota\/pelayo-1-ano-y-medio-sevilla\/","title":{"rendered":"PELAYO \u2013 1 A\u00d1O Y MEDIO"},"content":{"rendered":"<p><span style=\"color: #33cccc; font-size: 130%;\"><strong>ADOPTADO<\/strong><\/span><\/p>\n<p style=\"text-align: justify;\">Buenas soy Pelayo!<br \/>\nSoy un perro muy cari\u00f1oso,me encanta que me den paseos ,e ir al campo a correr.No puedo estar metido en una casa peque\u00f1a,ya que soy muy nervioso y necesito espacio para correr,aun soy peque\u00f1o y rompo algunas cosas !<br \/>\nPor motivos personales,mis due\u00f1os que me quieren muchooooooooooooooooooo,no pueden dedicarme el tiempo que le gustar\u00edan,por eso busca una familia que se pueda quedar conmigo!<\/p>\n","protected":false},"excerpt":{"rendered":"<p style=\"text-align: justify;\"><span style=\"color: #33cccc;\"><strong>ADOPTADO.<\/strong><\/span> Muy cari\u00f1oso<\/p>\n","protected":false},"featured_media":0,"template":"","meta":{"_acf_changed":false},"product_brand":[],"product_cat":[51,1000],"product_tag":[],"class_list":{"0":"post-4220","1":"product","2":"type-product","3":"status-publish","5":"product_cat-adoptados","6":"product_cat-adoptar-perro-gato-adoptar-mascota-es","7":"pa_chip-si","8":"pa_fecha_nacimiento-1-ano-y-medio","9":"pa_fecha-alta-05-05-18","10":"pa_origen-particular","11":"pa_pais-espana","12":"pa_provincia-sevilla","13":"pa_tamano-c","15":"first","16":"instock","17":"taxable","18":"shipping-taxable","19":"product-type-simple"},"acf":[],"_links":{"self":[{"href":"https:\/\/www.wallamascotas.com\/web3\/wp-json\/wp\/v2\/product\/4220","targetHints":{"allow":["GET"]}}],"collection":[{"href":"https:\/\/www.wallamascotas.com\/web3\/wp-json\/wp\/v2\/product"}],"about":[{"href":"https:\/\/www.wallamascotas.com\/web3\/wp-json\/wp\/v2\/types\/product"}],"wp:attachment":[{"href":"https:\/\/www.wallamascotas.com\/web3\/wp-json\/wp\/v2\/media?parent=4220"}],"wp:term":[{"taxonomy":"product_brand","embeddable":true,"href":"https:\/\/www.wallamascotas.com\/web3\/wp-json\/wp\/v2\/product_brand?post=4220"},{"taxonomy":"product_cat","embeddable":true,"href":"https:\/\/www.wallamascotas.com\/web3\/wp-json\/wp\/v2\/product_cat?post=4220"},{"taxonomy":"product_tag","embeddable":true,"href":"https:\/\/www.wallamascotas.com\/web3\/wp-json\/wp\/v2\/product_tag?post=4220"}],"curies":[{"name":"wp","href":"https:\/\/api.w.org\/{rel}","templated":true}]}}