{"id":4277,"date":"2018-05-07T12:54:48","date_gmt":"2018-05-07T12:54:48","guid":{"rendered":"http:\/\/www.wallamascotas.com\/web3\/?post_type=product&#038;p=4277"},"modified":"2026-03-25T18:20:09","modified_gmt":"2026-03-25T18:20:09","slug":"kiara-2-anos-murcia","status":"publish","type":"product","link":"https:\/\/www.wallamascotas.com\/web3\/mascota\/kiara-2-anos-murcia\/","title":{"rendered":"KIARA \u2013 2 A\u00d1OS"},"content":{"rendered":"<p><span style=\"color: #33cccc; font-size: 130%;\"><strong>ADOPTADA<\/strong><\/span><\/p>\n<p style=\"text-align: justify;\">Kiara en adopci\u00f3n.<br \/>\nMe llamo Kiara y tengo dos a\u00f1itos (Enero 2016).<br \/>\nHe pasado toda mi vida en la calle, evitando acercarme a quienes me quer\u00edan hacer da\u00f1o, y acerc\u00e1ndome a quienes me cuidaban.<br \/>\nUn d\u00eda mi cuidadora habl\u00f3 con Gatos Abandona2 y me llevaron a una casita, donde he podido tener a mis cachorritos.<br \/>\nAhora necesito encontrar una familia que quiera tenerme en su hogar para siempre!<br \/>\nQue, la verdad&#8230; me cuidan mucho por aqu\u00ed, pero me gustar\u00eda investigar por la casa y aqu\u00ed s\u00f3lo puedo moverme por una habitaci\u00f3n.<br \/>\n\u00bfQu\u00e9 c\u00f3mo soy? Pues soy cari\u00f1osa&#8230; me gusta ir a saludarte cuando llegas a casa y que me acaricies.<br \/>\n\u00bfQuieres darme la oportunidad de entrar en tu familia?<br \/>\nAd\u00f3ptame.<\/p>\n<p style=\"text-align: justify;\">Es una gata t\u00edmida al principio, pero buena como ella sola. Desde el primer contacto se deja acariciar, se gana su coraz\u00f3n con mimitos.<br \/>\nRonronea y es muy agradecida y tranquila.<br \/>\nEmail contacto: Gatosabandona2@gmail.com Tel\u00e9fono contacto: 633543898<\/p>\n","protected":false},"excerpt":{"rendered":"<p style=\"text-align: justify;\"><span style=\"color: #33cccc;\"><strong>ADOPTADA.<\/strong><\/span> Me llamo Kiara y tengo dos a\u00f1itos<\/p>\n","protected":false},"featured_media":0,"template":"","meta":{"_acf_changed":false},"product_brand":[],"product_cat":[51,1000],"product_tag":[],"class_list":{"0":"post-4277","1":"product","2":"type-product","3":"status-publish","5":"product_cat-adoptados","6":"product_cat-adoptar-perro-gato-adoptar-mascota-es","7":"pa_chip-si","8":"pa_fecha_nacimiento-2-anos","9":"pa_fecha-alta-7-5-2018","10":"pa_origen-asociacion-gatos-abandonados-murcia","11":"pa_pais-espana","12":"pa_provincia-murcia","13":"pa_tamano-b","15":"first","16":"instock","17":"taxable","18":"shipping-taxable","19":"product-type-simple"},"acf":[],"_links":{"self":[{"href":"https:\/\/www.wallamascotas.com\/web3\/wp-json\/wp\/v2\/product\/4277","targetHints":{"allow":["GET"]}}],"collection":[{"href":"https:\/\/www.wallamascotas.com\/web3\/wp-json\/wp\/v2\/product"}],"about":[{"href":"https:\/\/www.wallamascotas.com\/web3\/wp-json\/wp\/v2\/types\/product"}],"wp:attachment":[{"href":"https:\/\/www.wallamascotas.com\/web3\/wp-json\/wp\/v2\/media?parent=4277"}],"wp:term":[{"taxonomy":"product_brand","embeddable":true,"href":"https:\/\/www.wallamascotas.com\/web3\/wp-json\/wp\/v2\/product_brand?post=4277"},{"taxonomy":"product_cat","embeddable":true,"href":"https:\/\/www.wallamascotas.com\/web3\/wp-json\/wp\/v2\/product_cat?post=4277"},{"taxonomy":"product_tag","embeddable":true,"href":"https:\/\/www.wallamascotas.com\/web3\/wp-json\/wp\/v2\/product_tag?post=4277"}],"curies":[{"name":"wp","href":"https:\/\/api.w.org\/{rel}","templated":true}]}}