{"id":4396,"date":"2018-05-09T12:22:06","date_gmt":"2018-05-09T12:22:06","guid":{"rendered":"http:\/\/www.wallamascotas.com\/web3\/?post_type=product&#038;p=4396"},"modified":"2026-03-25T18:20:09","modified_gmt":"2026-03-25T18:20:09","slug":"venecia-1-ano-murcia","status":"publish","type":"product","link":"https:\/\/www.wallamascotas.com\/web3\/mascota\/venecia-1-ano-murcia\/","title":{"rendered":"VENECIA \u2013 1 A\u00d1O"},"content":{"rendered":"<p><span style=\"color: #33cccc; font-size: 130%;\"><strong>ADOPTADA<\/strong><\/span><\/p>\n<p>VENECIA, LINDA GATA CASERA, QUE ABANDONARON DESPU\u00c9S DE TENER SU CAMADA DE GATITOS!!!<\/p>\n<p>Venecia ha sido gata casera toda su vida, de las que dejan salir y entrar y no se preocupan sus due\u00f1os en esterilizar&#8230; Se qued\u00f3 embarazada y dio a luz al menos a 4 preciosos gatitos (Vegas, Brooklyn, Chipre y Siam) y cuando los gatitos cumplieron un mes, sus due\u00f1os decidieron que no los quer\u00edan (o lo m\u00e1s probable es que se quedaran a uno de los peques y se deshicieron del resto) y dejaron a Venecia abandonada dentro de su transportin en la puerta de una se\u00f1ora que cuida muchos animales&#8230; Ese mismo d\u00eda dejaron otro transportin en la misma puerta con los 4 beb\u00e9s que descartaron&#8230; Est\u00e1 es la dura historia de Venecia&#8230; Una dulce gatita, noble y buena que s\u00f3lo ha vivido lo peor del ser humano&#8230; EL ABANDONO!<\/p>\n","protected":false},"excerpt":{"rendered":"<p style=\"text-align: justify;\"><span style=\"color: #33cccc;\"><strong>ADOPTADA.<\/strong><\/span> Gatita casera busca un hogar<\/p>\n","protected":false},"featured_media":0,"template":"","meta":{"_acf_changed":false},"product_brand":[],"product_cat":[51,1000],"product_tag":[],"class_list":{"0":"post-4396","1":"product","2":"type-product","3":"status-publish","5":"product_cat-adoptados","6":"product_cat-adoptar-perro-gato-adoptar-mascota-es","7":"pa_chip-si","8":"pa_fecha_nacimiento-ener-2017","9":"pa_fecha-alta-9-5-2018","10":"pa_origen-asociacion-gatos-abandonados-murcia","11":"pa_pais-espana","12":"pa_provincia-murcia","13":"pa_tamano-a","15":"first","16":"instock","17":"taxable","18":"shipping-taxable","19":"product-type-simple"},"acf":[],"_links":{"self":[{"href":"https:\/\/www.wallamascotas.com\/web3\/wp-json\/wp\/v2\/product\/4396","targetHints":{"allow":["GET"]}}],"collection":[{"href":"https:\/\/www.wallamascotas.com\/web3\/wp-json\/wp\/v2\/product"}],"about":[{"href":"https:\/\/www.wallamascotas.com\/web3\/wp-json\/wp\/v2\/types\/product"}],"wp:attachment":[{"href":"https:\/\/www.wallamascotas.com\/web3\/wp-json\/wp\/v2\/media?parent=4396"}],"wp:term":[{"taxonomy":"product_brand","embeddable":true,"href":"https:\/\/www.wallamascotas.com\/web3\/wp-json\/wp\/v2\/product_brand?post=4396"},{"taxonomy":"product_cat","embeddable":true,"href":"https:\/\/www.wallamascotas.com\/web3\/wp-json\/wp\/v2\/product_cat?post=4396"},{"taxonomy":"product_tag","embeddable":true,"href":"https:\/\/www.wallamascotas.com\/web3\/wp-json\/wp\/v2\/product_tag?post=4396"}],"curies":[{"name":"wp","href":"https:\/\/api.w.org\/{rel}","templated":true}]}}