{"id":4419,"date":"2018-05-09T12:45:55","date_gmt":"2018-05-09T12:45:55","guid":{"rendered":"http:\/\/www.wallamascotas.com\/web3\/?post_type=product&#038;p=4419"},"modified":"2026-03-25T18:20:09","modified_gmt":"2026-03-25T18:20:09","slug":"cloti-4-anos-murcia","status":"publish","type":"product","link":"https:\/\/www.wallamascotas.com\/web3\/mascota\/cloti-4-anos-murcia\/","title":{"rendered":"CLOTI \u2013 4 A\u00d1OS"},"content":{"rendered":"<p><span style=\"color: #33cccc; font-size: 130%;\"><strong>ADOPTADA<\/strong><\/span><\/p>\n<p>CLOTI &#8211; EN ADOPCI\u00d3N una tricolor muy muy dulce!<\/p>\n<p>Cloti, una tricolor con mala suerte en la vida&#8230; Le ayudamos a cambiar su destino? Est\u00e1 gatita tiene una vida muy dura en sus 3 a\u00f1os y medio de vida&#8230; Fue recogida en el solar de una nave que es un sitio horrible para vivir&#8230; Y llevada a esterilizar, una chica se ofreci\u00f3 a acogerla, pero luego dijo que debido a su alergia, no pod\u00eda hacerse cargo de ella&#8230; cuando lleg\u00f3 el momento de volver a soltarla en aquel horrendo lugar, un \u00e1ngel se neg\u00f3 a ello acogiendola en su hogar. Cloti no puede ser gata m\u00e1s agradecida por haberla salvado&#8230; Es una gatita cari\u00f1osisima, y le encanta estar al lado del humano.<\/p>\n<p>\u00bfPor cierto sabias que las gatitas tricolor producen menos alergia a los humanos?<\/p>\n<p>\u00bfQu\u00e9 dices le das una oportunidad a Cloti de no estar toda su vida en una casa de acogida y saber lo que es la verdadera familia?<\/p>\n<p>Negativo a Leucemia e inmuno, se encuentra en Murcia pero puede viajar!<\/p>\n","protected":false},"excerpt":{"rendered":"<p><span style=\"color: #33cccc;\"><strong>ADOPTADA.<\/strong><\/span> Una tricolor muy muy dulce!<\/p>\n<p>&nbsp;<\/p>\n<p>&nbsp;<\/p>\n","protected":false},"featured_media":0,"template":"","meta":{"_acf_changed":false},"product_brand":[],"product_cat":[51,1000],"product_tag":[],"class_list":{"0":"post-4419","1":"product","2":"type-product","3":"status-publish","5":"product_cat-adoptados","6":"product_cat-adoptar-perro-gato-adoptar-mascota-es","7":"pa_chip-si","8":"pa_fecha_nacimiento-4-anos","9":"pa_fecha-alta-9-5-2018","10":"pa_origen-asociacion-gatos-abandonados-murcia","11":"pa_pais-espana","12":"pa_provincia-murcia","13":"pa_tamano-a","15":"first","16":"instock","17":"taxable","18":"shipping-taxable","19":"product-type-simple"},"acf":[],"_links":{"self":[{"href":"https:\/\/www.wallamascotas.com\/web3\/wp-json\/wp\/v2\/product\/4419","targetHints":{"allow":["GET"]}}],"collection":[{"href":"https:\/\/www.wallamascotas.com\/web3\/wp-json\/wp\/v2\/product"}],"about":[{"href":"https:\/\/www.wallamascotas.com\/web3\/wp-json\/wp\/v2\/types\/product"}],"wp:attachment":[{"href":"https:\/\/www.wallamascotas.com\/web3\/wp-json\/wp\/v2\/media?parent=4419"}],"wp:term":[{"taxonomy":"product_brand","embeddable":true,"href":"https:\/\/www.wallamascotas.com\/web3\/wp-json\/wp\/v2\/product_brand?post=4419"},{"taxonomy":"product_cat","embeddable":true,"href":"https:\/\/www.wallamascotas.com\/web3\/wp-json\/wp\/v2\/product_cat?post=4419"},{"taxonomy":"product_tag","embeddable":true,"href":"https:\/\/www.wallamascotas.com\/web3\/wp-json\/wp\/v2\/product_tag?post=4419"}],"curies":[{"name":"wp","href":"https:\/\/api.w.org\/{rel}","templated":true}]}}