{"id":4423,"date":"2018-05-09T12:49:35","date_gmt":"2018-05-09T12:49:35","guid":{"rendered":"http:\/\/www.wallamascotas.com\/web3\/?post_type=product&#038;p=4423"},"modified":"2026-03-25T18:20:09","modified_gmt":"2026-03-25T18:20:09","slug":"rabit-6-meses-murcia","status":"publish","type":"product","link":"https:\/\/www.wallamascotas.com\/web3\/mascota\/rabit-6-meses-murcia\/","title":{"rendered":"RABIT \u2013 6 MESES"},"content":{"rendered":"<p><span style=\"color: #33cccc; font-size: 130%;\"><strong>ADOPTADO<\/strong><\/span><\/p>\n<p>RABBIT EN ADOPCI\u00d3N!!!<\/p>\n<p>Est\u00e1 linda gatita completamente blanca y de preciosa mirada tiene una historia muy dura y triste detr\u00e1s&#8230; Rabbit fue abandonada hace m\u00e1s de un mes en la puerta de un veterinario dentro de un transportin y con el rabo arrancado de cuajo por parte del humano! Le ha costado superar todo esto&#8230; Un abandono, un maltrato, 1 mes encerrada en una jaula de veterinario&#8230; Rabbit quiere vivir y ser feliz!!! Ahora a Rabbit le queda activa la \u00faltima falange de su rabo que mueve a modo de pomp\u00f3n, de ah\u00ed su nombre&#8230; \u00bf\u00bf\u00bfQuieres adoptar a una gata muy necesitada???<\/p>\n<p>\u00bf\u00bf\u00bfQuieres darle una oportunidad a quien te devuelve el amor con creces???<\/p>\n","protected":false},"excerpt":{"rendered":"<p><span style=\"color: #33cccc;\"><strong>ADOPTADO.<\/strong><\/span> RABBIT EN ADOPCI\u00d3N!!!<\/p>\n<p>&nbsp;<\/p>\n<p>&nbsp;<\/p>\n","protected":false},"featured_media":0,"template":"","meta":{"_acf_changed":false},"product_brand":[],"product_cat":[51,1000],"product_tag":[],"class_list":{"0":"post-4423","1":"product","2":"type-product","3":"status-publish","5":"product_cat-adoptados","6":"product_cat-adoptar-perro-gato-adoptar-mascota-es","7":"pa_chip-si","8":"pa_fecha_nacimiento-6-meses","9":"pa_fecha-alta-9-5-2018","10":"pa_origen-asociacion-gatos-abandonados-murcia","11":"pa_pais-espana","12":"pa_provincia-murcia","13":"pa_tamano-a","15":"first","16":"instock","17":"taxable","18":"shipping-taxable","19":"product-type-simple"},"acf":[],"_links":{"self":[{"href":"https:\/\/www.wallamascotas.com\/web3\/wp-json\/wp\/v2\/product\/4423","targetHints":{"allow":["GET"]}}],"collection":[{"href":"https:\/\/www.wallamascotas.com\/web3\/wp-json\/wp\/v2\/product"}],"about":[{"href":"https:\/\/www.wallamascotas.com\/web3\/wp-json\/wp\/v2\/types\/product"}],"wp:attachment":[{"href":"https:\/\/www.wallamascotas.com\/web3\/wp-json\/wp\/v2\/media?parent=4423"}],"wp:term":[{"taxonomy":"product_brand","embeddable":true,"href":"https:\/\/www.wallamascotas.com\/web3\/wp-json\/wp\/v2\/product_brand?post=4423"},{"taxonomy":"product_cat","embeddable":true,"href":"https:\/\/www.wallamascotas.com\/web3\/wp-json\/wp\/v2\/product_cat?post=4423"},{"taxonomy":"product_tag","embeddable":true,"href":"https:\/\/www.wallamascotas.com\/web3\/wp-json\/wp\/v2\/product_tag?post=4423"}],"curies":[{"name":"wp","href":"https:\/\/api.w.org\/{rel}","templated":true}]}}