{"id":44356,"date":"2026-02-05T09:59:39","date_gmt":"2026-02-05T09:59:39","guid":{"rendered":"https:\/\/www.wallamascotas.com\/web3\/?post_type=product&#038;p=44356"},"modified":"2026-02-06T16:21:05","modified_gmt":"2026-02-06T16:21:05","slug":"sirius-madrid","status":"publish","type":"product","link":"https:\/\/www.wallamascotas.com\/web3\/mascota\/sirius-madrid\/","title":{"rendered":"SIRIUS"},"content":{"rendered":"<p>Sirius es grande, precioso y imponente, tiene mucho car\u00e1cter. Es inteligente y sigue ordenes de sentado, acostado, quieto y ven. Entiende el no. Es un perro muy dominante.<\/p>\n<p class=\"p2\"><span class=\"s1\">Sirius es un perro al que no se le marcaron l\u00edmites claros desde el inicio, lo que ha hecho que en algunas situaciones exprese su incomodidad mediante el gru\u00f1ido. Es importante que la familia que lo adopte sea tranquila, segura y coherente, ya que \u00e9l percibe f\u00e1cilmente el miedo o la inseguridad.<\/span><\/p>\n<p class=\"p2\"><span class=\"s1\">Es un perro ladrador y algo inseguro, por lo que su proceso de adaptaci\u00f3n requerir\u00e1 tiempo y paciencia.<\/span><\/p>\n<p class=\"p2\"><span class=\"s1\">Sirius es muy miedoso y, cuando se siente inseguro, puede gru\u00f1ir, pero nunca ha mordido. Todas las personas que lo manejan habitualmente son seguras y firmes, lo que le ayuda a ganar confianza.<\/span><\/p>\n<p class=\"p2\"><span class=\"s1\">Cuando se le entiende y se le gu\u00eda con calma, Sirius se muestra como un perro extremadamente cari\u00f1oso, tierno y protector, con much\u00edsimo amor para dar.<\/span><\/p>\n<p class=\"p2\"><span class=\"s1\">Si dese\u00e1is conocerlo y valorar continuar con el proceso, no hay ning\u00fan problema.<\/span><\/p>\n<p>Preferente que no hayan otros animales en casa.<\/p>\n<ul class=\"wpuf_customs\">            <li class=\"wpuf-field-data wpuf-field-data-radio_field\">\n                                    <label>Tipo:<\/label>\n                                Perro            <\/li>\n                    <li class=\"wpuf-field-data wpuf-field-data-radio_field\">\n                                    <label>Es un perro:<\/label>\n                                Nervioso            <\/li>\n                    <li class=\"wpuf-field-data wpuf-field-data-radio_field\">\n                                    <label>Amigable con perros:<\/label>\n                                Mejor no cruzarse con ninguno            <\/li>\n                    <li class=\"wpuf-field-data wpuf-field-data-radio_field\">\n                                    <label>Con personas extra\u00f1as:<\/label>\n                                Protector            <\/li>\n                    <li class=\"wpuf-field-data wpuf-field-data-radio_field\">\n                                    <label>Ladrador:<\/label>\n                                Ladrador            <\/li>\n                    <li class=\"wpuf-field-data wpuf-field-data-radio_field\">\n                                    <label>Necesita licencia PPP:<\/label>\n                                NO            <\/li>\n                    <li class=\"wpuf-field-data wpuf-field-data-checkbox_field\">\n                                    <label>Enfermedades:<\/label>\n                                Alergias            <\/li>\n                    <li class=\"wpuf-field-data wpuf-field-data-checkbox_field\">\n                                    <label>Se entrega:<\/label>\n                                Con cartilla sanitaria | Vacunado | Desparasitado | Microchip            <\/li>\n                    <li class=\"wpuf-field-data wpuf-field-data-checkbox_field\">\n                                    <label>M\u00e1s informaci\u00f3n:<\/label>\n                                Bueno en casa | Bueno en el coche | Le gusta pasear | Obediente            <\/li>\n                    <li class=\"wpuf-field-data wpuf-field-data-radio_field\">\n                                    <label>Se env\u00eda la mascota:<\/label>\n                                NO            <\/li>\n                    <li class=\"wpuf-field-data wpuf-field-data-radio_field\">\n                                    <label>Origen:<\/label>\n                                Particular            <\/li>\n        <li><label>Fecha de publicaci\u00f3n:<\/label> 28\/02\/2026<\/li>            <li class=\"wpuf-field-data wpuf-field-data-radio_field\">\n                                    <label>La mascota ha sido adoptada:<\/label>\n                                NO            <\/li>\n                    <li class=\"wpuf-field-data wpuf-field-data-email_address\">\n                                    <label>Direcci\u00f3n de correo:<\/label>\n                                <a href=\"mailto:esthercaceres0904@gmail.com\">esthercaceres0904@gmail.com<\/a>            <\/li>\n                    <li class=\"wpuf-field-data wpuf-field-data-numeric_text_field\">\n                                    <label>Tel\u00e9fono:<\/label>\n                                677364880            <\/li>\n        <\/ul>","protected":false},"excerpt":{"rendered":"<p>Sirius es grande, precioso y imponente, tiene mucho car\u00e1cter. Es inteligente y sigue ordenes de sentado, acostado, quieto y ven. Entiende el no. Es un perro muy dominante. Sirius es un perro al que no se le marcaron l\u00edmites claros desde el inicio, lo que ha hecho que en algunas situaciones exprese su incomodidad mediante [&#8230;]\n","protected":false},"featured_media":44355,"template":"","meta":{"_acf_changed":false},"product_brand":[],"product_cat":[15,1000],"product_tag":[],"class_list":{"0":"post-44356","1":"product","2":"type-product","3":"status-publish","4":"has-post-thumbnail","6":"product_cat-adoptar_perro_adoptar_mascota","7":"product_cat-adoptar-perro-gato-adoptar-mascota-es","8":"pa_edad-b","9":"pa_fecha-nacimiento-ano-3473","10":"pa_fecha-nacimiento-mes-05-mayo","11":"pa_provincia-madrid","12":"pa_raza-pastor-aleman","13":"pa_sexo-macho","14":"pa_tamano-d","16":"first","17":"instock","18":"taxable","19":"shipping-taxable","20":"product-type-simple"},"acf":[],"_links":{"self":[{"href":"https:\/\/www.wallamascotas.com\/web3\/wp-json\/wp\/v2\/product\/44356","targetHints":{"allow":["GET"]}}],"collection":[{"href":"https:\/\/www.wallamascotas.com\/web3\/wp-json\/wp\/v2\/product"}],"about":[{"href":"https:\/\/www.wallamascotas.com\/web3\/wp-json\/wp\/v2\/types\/product"}],"wp:featuredmedia":[{"embeddable":true,"href":"https:\/\/www.wallamascotas.com\/web3\/wp-json\/wp\/v2\/media\/44355"}],"wp:attachment":[{"href":"https:\/\/www.wallamascotas.com\/web3\/wp-json\/wp\/v2\/media?parent=44356"}],"wp:term":[{"taxonomy":"product_brand","embeddable":true,"href":"https:\/\/www.wallamascotas.com\/web3\/wp-json\/wp\/v2\/product_brand?post=44356"},{"taxonomy":"product_cat","embeddable":true,"href":"https:\/\/www.wallamascotas.com\/web3\/wp-json\/wp\/v2\/product_cat?post=44356"},{"taxonomy":"product_tag","embeddable":true,"href":"https:\/\/www.wallamascotas.com\/web3\/wp-json\/wp\/v2\/product_tag?post=44356"}],"curies":[{"name":"wp","href":"https:\/\/api.w.org\/{rel}","templated":true}]}}