{"id":4499,"date":"2018-05-14T10:36:08","date_gmt":"2018-05-14T10:36:08","guid":{"rendered":"http:\/\/www.wallamascotas.com\/web3\/?post_type=product&#038;p=4499"},"modified":"2026-03-25T18:20:09","modified_gmt":"2026-03-25T18:20:09","slug":"janie-valencia","status":"publish","type":"product","link":"https:\/\/www.wallamascotas.com\/web3\/mascota\/janie-valencia\/","title":{"rendered":"JANIE \u2013 3 A\u00d1OS"},"content":{"rendered":"<p><span style=\"color: #33cccc; font-size: 130%;\"><strong>ADOPTADA<\/strong><\/span><\/p>\n<p style=\"text-align: justify;\">Janie, es una perrita cruce de yorky muy dulce y tranquila. Su aspecto es saludable, esta desparasitada y vacunada.<br \/>\nHa terminado el tratamiento de leishmania, esta todo controlado, no necesita ni medicaci\u00f3n Ahora ya con el corte de pelo que necesitaba, luce as\u00ed de bonita.<br \/>\nCuando esta en los parques esta muy a gusto con sus compa\u00f1ero, pero tampoco es muy efusiva.<br \/>\nEsta pl\u00e1cidamente al solecito, es muy lista. Puede estar en cualquier lugar sin causar ninguna molestia, ideal para casa con ni\u00f1os e incluso con gente que simplemente necesite la compa\u00f1\u00eda de esta chiquitina Buscamos adopci\u00f3n responsable para ella Pidenos el cuestionario de adopci\u00f3n<\/p>\n<p style=\"text-align: justify;\">\n","protected":false},"excerpt":{"rendered":"<p style=\"text-align: justify;\"><span style=\"color: #33cccc;\"><strong>ADOPTADA.<\/strong><\/span> Es una perrita cruce de yorky muy dulce y tranquila<\/p>\n","protected":false},"featured_media":0,"template":"","meta":{"_acf_changed":false},"product_brand":[],"product_cat":[51,1000],"product_tag":[],"class_list":{"0":"post-4499","1":"product","2":"type-product","3":"status-publish","5":"product_cat-adoptados","6":"product_cat-adoptar-perro-gato-adoptar-mascota-es","7":"pa_chip-no","8":"pa_fecha_nacimiento-3-anos","9":"pa_fecha-alta-14-5-2018","10":"pa_origen-a-p-a-la-canera","11":"pa_pais-espana","12":"pa_provincia-valencia","13":"pa_tamano-a","15":"first","16":"instock","17":"taxable","18":"shipping-taxable","19":"product-type-simple"},"acf":[],"_links":{"self":[{"href":"https:\/\/www.wallamascotas.com\/web3\/wp-json\/wp\/v2\/product\/4499","targetHints":{"allow":["GET"]}}],"collection":[{"href":"https:\/\/www.wallamascotas.com\/web3\/wp-json\/wp\/v2\/product"}],"about":[{"href":"https:\/\/www.wallamascotas.com\/web3\/wp-json\/wp\/v2\/types\/product"}],"wp:attachment":[{"href":"https:\/\/www.wallamascotas.com\/web3\/wp-json\/wp\/v2\/media?parent=4499"}],"wp:term":[{"taxonomy":"product_brand","embeddable":true,"href":"https:\/\/www.wallamascotas.com\/web3\/wp-json\/wp\/v2\/product_brand?post=4499"},{"taxonomy":"product_cat","embeddable":true,"href":"https:\/\/www.wallamascotas.com\/web3\/wp-json\/wp\/v2\/product_cat?post=4499"},{"taxonomy":"product_tag","embeddable":true,"href":"https:\/\/www.wallamascotas.com\/web3\/wp-json\/wp\/v2\/product_tag?post=4499"}],"curies":[{"name":"wp","href":"https:\/\/api.w.org\/{rel}","templated":true}]}}