{"id":4579,"date":"2018-05-20T08:09:34","date_gmt":"2018-05-20T08:09:34","guid":{"rendered":"http:\/\/www.wallamascotas.com\/web3\/?post_type=product&#038;p=4579"},"modified":"2026-03-25T18:20:09","modified_gmt":"2026-03-25T18:20:09","slug":"houdini-2-anos-murcia","status":"publish","type":"product","link":"https:\/\/www.wallamascotas.com\/web3\/mascota\/houdini-2-anos-murcia\/","title":{"rendered":"HOUDINI \u2013 2 A\u00d1OS"},"content":{"rendered":"<p><span style=\"color: #33cccc; font-size: 130%;\"><strong>ADOPTADO<\/strong><\/span><\/p>\n<p style=\"text-align: justify;\">Rescatado en muy malas condiciones. Sufri\u00f3 una otitis aguda que se le complico en la calle con \u00e1caros y par\u00e1sitos que le provocaron 2 abscesos y le dejaron casi sordo. El pobre ha pasado casi un mes ingresado y aun le estamos haciendo las curas cada semana. Escucha un poco por el o\u00eddo izquierdo. Hizo magia para sobrevivir de ah\u00ed su nombre.<br \/>\nCAR\u00c1CTER: \u00a0en proceso de socializaci\u00f3n<br \/>\nDATOS RELEVANTES: (esterilizaci\u00f3n, vacunas, operaciones..)<br \/>\npositivo a inmuno, casi sordo , escucha un poco por el o\u00eddo izquierdo , esterilizado<\/p>\n","protected":false},"excerpt":{"rendered":"<p style=\"text-align: justify;\"><span style=\"color: #33cccc;\"><strong>ADOPTADO.<\/strong><\/span> Busca un hogar<\/p>\n","protected":false},"featured_media":0,"template":"","meta":{"_acf_changed":false},"product_brand":[],"product_cat":[51,1000],"product_tag":[],"class_list":{"0":"post-4579","1":"product","2":"type-product","3":"status-publish","5":"product_cat-adoptados","6":"product_cat-adoptar-perro-gato-adoptar-mascota-es","7":"pa_chip-si","8":"pa_fecha_nacimiento-2-anos-y-2-meses","9":"pa_fecha-alta-9-5-2018","10":"pa_origen-asociacion-gatos-abandonados-murcia","11":"pa_pais-espana","12":"pa_provincia-murcia","13":"pa_sexo-macho","14":"pa_tamano-a","16":"first","17":"instock","18":"taxable","19":"shipping-taxable","20":"product-type-simple"},"acf":[],"_links":{"self":[{"href":"https:\/\/www.wallamascotas.com\/web3\/wp-json\/wp\/v2\/product\/4579","targetHints":{"allow":["GET"]}}],"collection":[{"href":"https:\/\/www.wallamascotas.com\/web3\/wp-json\/wp\/v2\/product"}],"about":[{"href":"https:\/\/www.wallamascotas.com\/web3\/wp-json\/wp\/v2\/types\/product"}],"wp:attachment":[{"href":"https:\/\/www.wallamascotas.com\/web3\/wp-json\/wp\/v2\/media?parent=4579"}],"wp:term":[{"taxonomy":"product_brand","embeddable":true,"href":"https:\/\/www.wallamascotas.com\/web3\/wp-json\/wp\/v2\/product_brand?post=4579"},{"taxonomy":"product_cat","embeddable":true,"href":"https:\/\/www.wallamascotas.com\/web3\/wp-json\/wp\/v2\/product_cat?post=4579"},{"taxonomy":"product_tag","embeddable":true,"href":"https:\/\/www.wallamascotas.com\/web3\/wp-json\/wp\/v2\/product_tag?post=4579"}],"curies":[{"name":"wp","href":"https:\/\/api.w.org\/{rel}","templated":true}]}}