{"id":4591,"date":"2018-05-20T08:32:16","date_gmt":"2018-05-20T08:32:16","guid":{"rendered":"http:\/\/www.wallamascotas.com\/web3\/?post_type=product&#038;p=4591"},"modified":"2018-11-24T10:00:24","modified_gmt":"2018-11-24T10:00:24","slug":"mirri-perdida-alicante","status":"publish","type":"product","link":"https:\/\/www.wallamascotas.com\/web3\/mascota\/mirri-perdida-alicante\/","title":{"rendered":"MIRRI \u2013 PERDIDA"},"content":{"rendered":"<p><a href=\"http:\/\/www.wallamascotas.com\/web3\/wp-content\/uploads\/2018\/10\/banner_publicidad_wallamascotas_colabora2-1.jpg\"><img loading=\"lazy\" decoding=\"async\" class=\"alignnone size-full wp-image-7248\" src=\"http:\/\/www.wallamascotas.com\/web3\/wp-content\/uploads\/2018\/10\/banner_publicidad_wallamascotas_colabora2-1.jpg\" alt=\"\" width=\"750\" height=\"220\" \/><\/a><\/p>\n<p style=\"text-align: justify;\">Nuestra gatita ha desaparecido esta ma\u00f1ana (30.4.2018) por la partida del Raspeig en el campo, en San Vicente de Raspeig.<\/p>\n<p>Se llama Mirri. Tiene casi un a\u00f1o de edad. Es una mezcla de siam\u00e9s con europeo. Tiene todav\u00eda un trasquil\u00f3n en el costado de la operaci\u00f3n esterilizaci\u00f3n. Tiene el rabo un poco corto con la puntita rota. \u00a0Ojos amarillos verdosos.<br \/>\nLleva un collar rosa con estrellitas y su chapa identificativa.<\/p>\n<p>Estamos desesperados busc\u00e1ndola. Por favor llamar al<br \/>\n678 26 86 44<br \/>\n618 13 72 11<br \/>\nEmail contacto:\u00a0<a href=\"mailto:bichejopesao@gmail.com\">bichejopesao@gmail.com<\/a><br \/>\nTel\u00e9fono contacto: 678268644<\/p>\n<p>&nbsp;<\/p>\n<p style=\"text-align: left;\"><div class=\"row\"  id=\"row-1400643005\">\n<p style=\"text-align: left;\">\n\t<div id=\"col-502575590\" class=\"col medium-1\/2 large-6\"  >\n\t\t\t\t<div class=\"col-inner\"  >\n\t\t\t\n\t\t\t\n<p style=\"text-align: left;\"><a href=\"tel:\/\/678268644\" class=\"button primary is-primary is-medium\"  >\n    <span>LLAMAR AHORA<\/span>\n  <\/a>\n\t\t<\/div>\n\t\t\t\t\t<\/div>\n\n\t\n\n\t<div id=\"col-1361764629\" class=\"col medium-1\/2 large-6\"  >\n\t\t\t\t<div class=\"col-inner\"  >\n\t\t\t\n\t\t\t\n<p style=\"text-align: left;\"><a href=\"mailto:bichejopesao@gmail.com\" class=\"button primary is-primary is-medium\"  >\n    <span>ENVIAR EMAIL<\/span>\n  <\/a>\n\t\t<\/div>\n\t\t\t\t\t<\/div>\n\n\t\n<p style=\"text-align: left;\"><\/div>\n<p><a href=\"http:\/\/www.wallamascotas.com\/web3\/wp-content\/uploads\/2018\/10\/banner_publicidad_wallamascotas_no_compres-1.jpg\"><img loading=\"lazy\" decoding=\"async\" class=\"alignnone size-full wp-image-7183\" src=\"http:\/\/www.wallamascotas.com\/web3\/wp-content\/uploads\/2018\/10\/banner_publicidad_wallamascotas_no_compres-1.jpg\" alt=\"\" width=\"750\" height=\"140\" srcset=\"https:\/\/www.wallamascotas.com\/web3\/wp-content\/uploads\/2018\/10\/banner_publicidad_wallamascotas_no_compres-1.jpg 750w, https:\/\/www.wallamascotas.com\/web3\/wp-content\/uploads\/2018\/10\/banner_publicidad_wallamascotas_no_compres-1-300x56.jpg 300w, https:\/\/www.wallamascotas.com\/web3\/wp-content\/uploads\/2018\/10\/banner_publicidad_wallamascotas_no_compres-1-600x112.jpg 600w\" sizes=\"auto, (max-width: 750px) 100vw, 750px\" \/><\/a><\/p>\n<p><a href=\"http:\/\/www.wallamascotas.com\/web3\/wp-content\/uploads\/2018\/10\/banner_colabora.jpg\"><img loading=\"lazy\" decoding=\"async\" class=\"alignnone size-full wp-image-7179\" src=\"http:\/\/www.wallamascotas.com\/web3\/wp-content\/uploads\/2018\/10\/banner_colabora.jpg\" alt=\"\" width=\"750\" height=\"140\" srcset=\"https:\/\/www.wallamascotas.com\/web3\/wp-content\/uploads\/2018\/10\/banner_colabora.jpg 750w, https:\/\/www.wallamascotas.com\/web3\/wp-content\/uploads\/2018\/10\/banner_colabora-300x56.jpg 300w, https:\/\/www.wallamascotas.com\/web3\/wp-content\/uploads\/2018\/10\/banner_colabora-600x112.jpg 600w\" sizes=\"auto, (max-width: 750px) 100vw, 750px\" \/><\/a><\/p>\n<div class=\"fb-page\" data-href=\"https:\/\/www.facebook.com\/wallamascotas\" data-width=\"340\" data-hide-cover=\"false\" data-show-facepile=\"true\"><\/div>\n","protected":false},"excerpt":{"rendered":"<p style=\"text-align: justify;\">Lleva un collar rosa con estrellitas<\/p>\n","protected":false},"featured_media":0,"template":"","meta":{"_acf_changed":false},"product_brand":[],"product_cat":[1000],"product_tag":[],"class_list":{"0":"post-4591","1":"product","2":"type-product","3":"status-publish","5":"product_cat-adoptar-perro-gato-adoptar-mascota-es","6":"pa_chip-si","7":"pa_fecha-alta-9-5-2018","8":"pa_origen-asociacion-gatos-abandonados-murcia","9":"pa_pais-espana","10":"pa_provincia-alicante","11":"pa_raza-gato-comun-europeo","12":"pa_sexo-macho","13":"pa_tamano-a","15":"first","16":"instock","17":"taxable","18":"shipping-taxable","19":"product-type-simple"},"acf":[],"_links":{"self":[{"href":"https:\/\/www.wallamascotas.com\/web3\/wp-json\/wp\/v2\/product\/4591","targetHints":{"allow":["GET"]}}],"collection":[{"href":"https:\/\/www.wallamascotas.com\/web3\/wp-json\/wp\/v2\/product"}],"about":[{"href":"https:\/\/www.wallamascotas.com\/web3\/wp-json\/wp\/v2\/types\/product"}],"wp:attachment":[{"href":"https:\/\/www.wallamascotas.com\/web3\/wp-json\/wp\/v2\/media?parent=4591"}],"wp:term":[{"taxonomy":"product_brand","embeddable":true,"href":"https:\/\/www.wallamascotas.com\/web3\/wp-json\/wp\/v2\/product_brand?post=4591"},{"taxonomy":"product_cat","embeddable":true,"href":"https:\/\/www.wallamascotas.com\/web3\/wp-json\/wp\/v2\/product_cat?post=4591"},{"taxonomy":"product_tag","embeddable":true,"href":"https:\/\/www.wallamascotas.com\/web3\/wp-json\/wp\/v2\/product_tag?post=4591"}],"curies":[{"name":"wp","href":"https:\/\/api.w.org\/{rel}","templated":true}]}}