{"id":46160,"date":"2025-08-18T17:47:27","date_gmt":"2025-08-18T17:47:27","guid":{"rendered":"https:\/\/www.wallamascotas.com\/web3\/?post_type=product&#038;p=46160"},"modified":"2026-03-25T18:20:09","modified_gmt":"2026-03-25T18:20:09","slug":"adoptado-2292","status":"publish","type":"product","link":"https:\/\/www.wallamascotas.com\/web3\/mascota\/adoptado-2292\/","title":{"rendered":"Adoptado"},"content":{"rendered":"<p style=\"text-align: left;\">Hola estoy dando en adopci\u00f3n a Ponky ya que no puedo cuidar de \u00e9l debido a que estoy embarazada con alto riesgo. Tiene 6 meses, es buen perro est\u00e1 aprendiendo donde hacer sus necesidades y sabe comandos b\u00e1sicos como si\u00e9ntate, quieto, fuera, ya, aqu\u00ed y ven. La verdad cuando lo adopte no sab\u00eda que estaba esperando un beb\u00e9 ya de haberlo sabido antes no hubiera adoptado un cachorro que requiere tiempo, educaci\u00f3n y mucha constancia ya que posee bastante energ\u00eda. Espero pueda encontrar una familia que le quiera y le ense\u00f1e muchas cosas m\u00e1s.<\/p>\n","protected":false},"excerpt":{"rendered":"<p>Hola estoy dando en adopci\u00f3n a Ponky ya que no puedo cuidar de \u00e9l debido a que estoy embarazada con alto riesgo. Tiene 6 meses, es buen perro est\u00e1 aprendiendo donde hacer sus necesidades y sabe comandos b\u00e1sicos como si\u00e9ntate, quieto, fuera, ya, aqu\u00ed y ven. La verdad cuando lo adopte no sab\u00eda que estaba [&#8230;]\n","protected":false},"featured_media":0,"template":"","meta":{"_acf_changed":false},"product_brand":[],"product_cat":[51,1000],"product_tag":[],"class_list":{"0":"post-46160","1":"product","2":"type-product","3":"status-publish","5":"product_cat-adoptados","6":"product_cat-adoptar-perro-gato-adoptar-mascota-es","7":"pa_edad-a","8":"pa_fecha-nacimiento-ano-3513","9":"pa_fecha-nacimiento-mes-02-febrero","10":"pa_provincia-murcia","11":"pa_raza-mestizo","12":"pa_sexo-macho","13":"pa_tamano-b","15":"first","16":"instock","17":"taxable","18":"shipping-taxable","19":"product-type-simple"},"acf":[],"_links":{"self":[{"href":"https:\/\/www.wallamascotas.com\/web3\/wp-json\/wp\/v2\/product\/46160","targetHints":{"allow":["GET"]}}],"collection":[{"href":"https:\/\/www.wallamascotas.com\/web3\/wp-json\/wp\/v2\/product"}],"about":[{"href":"https:\/\/www.wallamascotas.com\/web3\/wp-json\/wp\/v2\/types\/product"}],"wp:attachment":[{"href":"https:\/\/www.wallamascotas.com\/web3\/wp-json\/wp\/v2\/media?parent=46160"}],"wp:term":[{"taxonomy":"product_brand","embeddable":true,"href":"https:\/\/www.wallamascotas.com\/web3\/wp-json\/wp\/v2\/product_brand?post=46160"},{"taxonomy":"product_cat","embeddable":true,"href":"https:\/\/www.wallamascotas.com\/web3\/wp-json\/wp\/v2\/product_cat?post=46160"},{"taxonomy":"product_tag","embeddable":true,"href":"https:\/\/www.wallamascotas.com\/web3\/wp-json\/wp\/v2\/product_tag?post=46160"}],"curies":[{"name":"wp","href":"https:\/\/api.w.org\/{rel}","templated":true}]}}