{"id":46704,"date":"2025-09-02T09:30:37","date_gmt":"2025-09-02T09:30:37","guid":{"rendered":"https:\/\/www.wallamascotas.com\/web3\/?post_type=product&#038;p=46704"},"modified":"2025-09-02T14:43:18","modified_gmt":"2025-09-02T14:43:18","slug":"asociacion-rescatados-cordoba-cordoba","status":"publish","type":"product","link":"https:\/\/www.wallamascotas.com\/web3\/mascota\/asociacion-rescatados-cordoba-cordoba\/","title":{"rendered":"ASOCIACI\u00d3N RESCATADOS C\u00d3RDOBA"},"content":{"rendered":"<p>ASOCIACI\u00d3N RESCATADOS C\u00d3RDOBA<\/p>\n<div dir=\"auto\">\n<p>Nuestros objetivos: rescatar, acoger, proporcionar una vida digna a animales en peligro, riesgo, maltrato, abandono u olvidados. SALVAR VIDAS<br \/>\nBuscar familias adoptantes adecuadas a cada animal y seguimiento<br \/>\nDenunciar el abandono y maltrato<\/p>\n<\/div>\n<p>Tel: 666 740 292<\/p>\n<p>Email <a href=\"mailto:asociacionrescatadoscordoba@gmail.com\" rel=\"noreferrer\">asociacionrescatadoscordoba@gmail.com<\/a><\/p>\n<p>C\u00d3RDOBA<\/p>\n<p>&nbsp;<\/p>\n<a href=\"https:\/\/www.wallamascotas.com\/web3\/origen\/asociacion-rescatados-cordoba\/\" class=\"button primary is-primary is-medium\"  >\n    <span>VER ANIMALES EN ADOPCI\u00d3N DE LA ASOCIACI\u00d3N<\/span>\n  <\/a>\n\n<p>&nbsp;<\/p>\n<p>&nbsp;<\/p>\n","protected":false},"excerpt":{"rendered":"<p>&nbsp;<\/p>\n<p>&nbsp;<\/p>\n","protected":false},"featured_media":46705,"template":"","meta":{"_acf_changed":false},"product_brand":[],"product_cat":[1000,1798],"product_tag":[],"class_list":{"0":"post-46704","1":"product","2":"type-product","3":"status-publish","4":"has-post-thumbnail","6":"product_cat-adoptar-perro-gato-adoptar-mascota-es","7":"product_cat-asociaciones","8":"pa_origen-asociacion-rescatados-cordoba","9":"pa_pais-espana","10":"pa_provincia-cordoba","12":"first","13":"instock","14":"taxable","15":"shipping-taxable","16":"product-type-simple"},"acf":[],"_links":{"self":[{"href":"https:\/\/www.wallamascotas.com\/web3\/wp-json\/wp\/v2\/product\/46704","targetHints":{"allow":["GET"]}}],"collection":[{"href":"https:\/\/www.wallamascotas.com\/web3\/wp-json\/wp\/v2\/product"}],"about":[{"href":"https:\/\/www.wallamascotas.com\/web3\/wp-json\/wp\/v2\/types\/product"}],"wp:featuredmedia":[{"embeddable":true,"href":"https:\/\/www.wallamascotas.com\/web3\/wp-json\/wp\/v2\/media\/46705"}],"wp:attachment":[{"href":"https:\/\/www.wallamascotas.com\/web3\/wp-json\/wp\/v2\/media?parent=46704"}],"wp:term":[{"taxonomy":"product_brand","embeddable":true,"href":"https:\/\/www.wallamascotas.com\/web3\/wp-json\/wp\/v2\/product_brand?post=46704"},{"taxonomy":"product_cat","embeddable":true,"href":"https:\/\/www.wallamascotas.com\/web3\/wp-json\/wp\/v2\/product_cat?post=46704"},{"taxonomy":"product_tag","embeddable":true,"href":"https:\/\/www.wallamascotas.com\/web3\/wp-json\/wp\/v2\/product_tag?post=46704"}],"curies":[{"name":"wp","href":"https:\/\/api.w.org\/{rel}","templated":true}]}}