{"id":46734,"date":"2025-09-02T14:35:56","date_gmt":"2025-09-02T14:35:56","guid":{"rendered":"https:\/\/www.wallamascotas.com\/web3\/?post_type=product&#038;p=46734"},"modified":"2025-09-02T14:35:57","modified_gmt":"2025-09-02T14:35:57","slug":"mishi-barcelona","status":"publish","type":"product","link":"https:\/\/www.wallamascotas.com\/web3\/mascota\/mishi-barcelona\/","title":{"rendered":"MISHI"},"content":{"rendered":"<p style=\"text-align: left;\">Es un gato bueno y cari\u00f1oso. Se lleva muy bien con perros y ni\u00f1os, con personas en general.<\/p>\n<p style=\"text-align: right;\"><a href=\"https:\/\/www.wallamascotas.com\/web3\/wp-content\/uploads\/2025\/09\/IMG_0959-scaled.jpeg\"><br \/>\n<img decoding=\"async\" class=\"attachment-thumbnail size-thumbnail alignleft\" src=\"https:\/\/www.wallamascotas.com\/web3\/wp-content\/uploads\/2025\/09\/IMG_0959-150x150.jpeg\" alt=\"\" \/><\/a><a href=\"https:\/\/www.wallamascotas.com\/web3\/wp-content\/uploads\/2025\/09\/IMG_0969-scaled.jpeg\"><img decoding=\"async\" class=\"attachment-thumbnail size-thumbnail alignleft\" src=\"https:\/\/www.wallamascotas.com\/web3\/wp-content\/uploads\/2025\/09\/IMG_0969-150x150.jpeg\" alt=\"\" \/><\/a><a href=\"https:\/\/www.wallamascotas.com\/web3\/wp-content\/uploads\/2025\/09\/IMG_0962-scaled.jpeg\"><img decoding=\"async\" class=\"attachment-thumbnail size-thumbnail\" src=\"https:\/\/www.wallamascotas.com\/web3\/wp-content\/uploads\/2025\/09\/IMG_0962-150x150.jpeg\" alt=\"\" \/><\/a><a href=\"https:\/\/www.wallamascotas.com\/web3\/wp-content\/uploads\/2025\/09\/IMG_0961-scaled.jpeg\"><img decoding=\"async\" class=\"attachment-thumbnail size-thumbnail\" src=\"https:\/\/www.wallamascotas.com\/web3\/wp-content\/uploads\/2025\/09\/IMG_0961-150x150.jpeg\" alt=\"\" \/><\/a><a href=\"https:\/\/www.wallamascotas.com\/web3\/wp-content\/uploads\/2025\/09\/IMG_0960-scaled.jpeg\"><img decoding=\"async\" class=\"attachment-thumbnail size-thumbnail alignleft\" src=\"https:\/\/www.wallamascotas.com\/web3\/wp-content\/uploads\/2025\/09\/IMG_0960-150x150.jpeg\" alt=\"\" \/><\/a><!--more--><\/p>\n<ul class=\"wpuf_customs\">            <li class=\"wpuf-field-data wpuf-field-data-radio_field\">\n                                    <label>Tipo:<\/label>\n                                Gato            <\/li>\n                    <li class=\"wpuf-field-data wpuf-field-data-radio_field\">\n                                    <label>Es un perro:<\/label>\n                                Nervioso            <\/li>\n                    <li class=\"wpuf-field-data wpuf-field-data-radio_field\">\n                                    <label>Amigable con perros:<\/label>\n                                Es amigo de tod@s            <\/li>\n                    <li class=\"wpuf-field-data wpuf-field-data-radio_field\">\n                                    <label>Con personas extra\u00f1as:<\/label>\n                                Amigable            <\/li>\n                    <li class=\"wpuf-field-data wpuf-field-data-radio_field\">\n                                    <label>Ladrador:<\/label>\n                                Desconocido            <\/li>\n                    <li class=\"wpuf-field-data wpuf-field-data-radio_field\">\n                                    <label>Necesita licencia PPP:<\/label>\n                                NO            <\/li>\n                    <li class=\"wpuf-field-data wpuf-field-data-checkbox_field\">\n                                    <label>Enfermedades:<\/label>\n                                Ninguna            <\/li>\n                    <li class=\"wpuf-field-data wpuf-field-data-checkbox_field\">\n                                    <label>Se entrega:<\/label>\n                                Con cartilla sanitaria | Vacunado            <\/li>\n                    <li class=\"wpuf-field-data wpuf-field-data-checkbox_field\">\n                                    <label>M\u00e1s informaci\u00f3n:<\/label>\n                                Bueno con perros | Bueno con gatos | Bueno con ni\u00f1os | Bueno en casa | Escapista            <\/li>\n                    <li class=\"wpuf-field-data wpuf-field-data-radio_field\">\n                                    <label>Se env\u00eda la mascota:<\/label>\n                                NO            <\/li>\n                    <li class=\"wpuf-field-data wpuf-field-data-radio_field\">\n                                    <label>Origen:<\/label>\n                                Particular            <\/li>\n        <li><label>Fecha de publicaci\u00f3n:<\/label> 02\/09\/2025 13:37<\/li>            <li class=\"wpuf-field-data wpuf-field-data-radio_field\">\n                                    <label>La mascota ha sido adoptada:<\/label>\n                                NO            <\/li>\n                    <li class=\"wpuf-field-data wpuf-field-data-email_address\">\n                                    <label>Direcci\u00f3n de correo:<\/label>\n                                <a href=\"mailto:ericgdlr2001@gmail.com\">ericgdlr2001@gmail.com<\/a>            <\/li>\n                    <li class=\"wpuf-field-data wpuf-field-data-numeric_text_field\">\n                                    <label>Tel\u00e9fono:<\/label>\n                                654865801            <\/li>\n        <\/ul>","protected":false},"excerpt":{"rendered":"<p>Es un gato bueno y cari\u00f1oso. Se lleva muy bien con perros y ni\u00f1os, con personas en general. Tipo: Gato Es un perro: Nervioso Amigable con perros: Es amigo de tod@s Con personas extra\u00f1as: Amigable Ladrador: Desconocido Necesita licencia PPP: NO Enfermedades: Ninguna Se entrega: Con cartilla sanitaria | Vacunado M\u00e1s informaci\u00f3n: Bueno con perros [&#8230;]\n","protected":false},"featured_media":46728,"template":"","meta":{"_acf_changed":false},"product_brand":[],"product_cat":[16,1000],"product_tag":[],"class_list":{"0":"post-46734","1":"product","2":"type-product","3":"status-publish","4":"has-post-thumbnail","6":"product_cat-adoptargato","7":"product_cat-adoptar-perro-gato-adoptar-mascota-es","8":"pa_edad-b","9":"pa_fecha-nacimiento-ano-3473","10":"pa_fecha-nacimiento-mes-04-abril","11":"pa_provincia-barcelona","12":"pa_raza-gato-comun-europeo","13":"pa_sexo-macho","14":"pa_tamano-c","16":"first","17":"instock","18":"taxable","19":"shipping-taxable","20":"product-type-simple"},"acf":[],"_links":{"self":[{"href":"https:\/\/www.wallamascotas.com\/web3\/wp-json\/wp\/v2\/product\/46734","targetHints":{"allow":["GET"]}}],"collection":[{"href":"https:\/\/www.wallamascotas.com\/web3\/wp-json\/wp\/v2\/product"}],"about":[{"href":"https:\/\/www.wallamascotas.com\/web3\/wp-json\/wp\/v2\/types\/product"}],"wp:featuredmedia":[{"embeddable":true,"href":"https:\/\/www.wallamascotas.com\/web3\/wp-json\/wp\/v2\/media\/46728"}],"wp:attachment":[{"href":"https:\/\/www.wallamascotas.com\/web3\/wp-json\/wp\/v2\/media?parent=46734"}],"wp:term":[{"taxonomy":"product_brand","embeddable":true,"href":"https:\/\/www.wallamascotas.com\/web3\/wp-json\/wp\/v2\/product_brand?post=46734"},{"taxonomy":"product_cat","embeddable":true,"href":"https:\/\/www.wallamascotas.com\/web3\/wp-json\/wp\/v2\/product_cat?post=46734"},{"taxonomy":"product_tag","embeddable":true,"href":"https:\/\/www.wallamascotas.com\/web3\/wp-json\/wp\/v2\/product_tag?post=46734"}],"curies":[{"name":"wp","href":"https:\/\/api.w.org\/{rel}","templated":true}]}}