{"id":46770,"date":"2025-09-09T08:33:28","date_gmt":"2025-09-09T08:33:28","guid":{"rendered":"https:\/\/www.wallamascotas.com\/web3\/?post_type=product&#038;p=46770"},"modified":"2025-09-09T08:33:29","modified_gmt":"2025-09-09T08:33:29","slug":"hades-y-fry-pontevedra","status":"publish","type":"product","link":"https:\/\/www.wallamascotas.com\/web3\/mascota\/hades-y-fry-pontevedra\/","title":{"rendered":"HADES y FRY"},"content":{"rendered":"<p>Damos en adopci\u00f3n nuestros 2 conejos toy, Fry hembra de 6 a\u00f1os y Hades de 5 a\u00f1os. Ambos castrados, con cartilla y con las vacunas al d\u00eda.<\/p>\n<p>Tuvimos primero a Fry y un tiempo despu\u00e9s, a Hades, y desde entonces les hemos dado mucho amor y los mejores cuidados posibles, cosa que hoy en d\u00eda debido a nuestra situaci\u00f3n personal no podemos hacer como nos gustar\u00eda, por eso hemos tomado la decisi\u00f3n de darlos, para que puedan encontrar otro hogar donde seguir teniendo esos cuidados y cari\u00f1o que tanto necesitan.<\/p>\n<p>Siempre han sido unos conejos sin jaula, hacen sus necesidades en su caja y van sueltos por la casa, nos gustar\u00eda como m\u00ednimo que quien los adopte mantenga esto ya que es a lo que est\u00e1n acostumbrados desde siempre, ser\u00eda ideal personas con experiencia con animales ex\u00f3ticos, pero si est\u00e1s dispuesto a informarte sobre sus cuidados, son animales muy buenos.<\/p>\n<p>Ambos tienen un car\u00e1cter muy d\u00f3cil, un poco independientes pero una vez te cogen confianza son muy agradables. Sobre la convivencia con otros animales ellos no tienen ning\u00fan problema, siempre han convivido con otro perro, depende m\u00e1s de la personalidad del otro animal.<\/p>\n<p>Estamos abiertos a enviarlos pero consultadnos antes.<\/p>\n<p><a href=\"https:\/\/www.wallamascotas.com\/web3\/wp-content\/uploads\/2025\/09\/WhatsApp-Image-2025-09-02-at-21.20.56.jpeg\"><img decoding=\"async\" class=\"attachment-thumbnail size-thumbnail\" src=\"https:\/\/www.wallamascotas.com\/web3\/wp-content\/uploads\/2025\/09\/WhatsApp-Image-2025-09-02-at-21.20.56-150x150.jpeg\" alt=\"\" \/><\/a><a href=\"https:\/\/www.wallamascotas.com\/web3\/wp-content\/uploads\/2025\/09\/WhatsApp-Image-2025-09-02-at-21.20.56-3.jpeg\"><img decoding=\"async\" class=\"attachment-thumbnail size-thumbnail\" src=\"https:\/\/www.wallamascotas.com\/web3\/wp-content\/uploads\/2025\/09\/WhatsApp-Image-2025-09-02-at-21.20.56-3-150x150.jpeg\" alt=\"\" \/><\/a><a href=\"https:\/\/www.wallamascotas.com\/web3\/wp-content\/uploads\/2025\/09\/WhatsApp-Image-2025-09-02-at-21.20.55.jpeg\"><img decoding=\"async\" class=\"attachment-thumbnail size-thumbnail\" src=\"https:\/\/www.wallamascotas.com\/web3\/wp-content\/uploads\/2025\/09\/WhatsApp-Image-2025-09-02-at-21.20.55-150x150.jpeg\" alt=\"\" \/><\/a><\/p>\n<ul class=\"wpuf_customs\">            <li class=\"wpuf-field-data wpuf-field-data-radio_field\">\n                                    <label>Es un perro:<\/label>\n                                Tranquilo            <\/li>\n                    <li class=\"wpuf-field-data wpuf-field-data-radio_field\">\n                                    <label>Amigable con perros:<\/label>\n                                Es amigo de tod@s            <\/li>\n                    <li class=\"wpuf-field-data wpuf-field-data-radio_field\">\n                                    <label>Con personas extra\u00f1as:<\/label>\n                                Miedoso            <\/li>\n                    <li class=\"wpuf-field-data wpuf-field-data-radio_field\">\n                                    <label>Ladrador:<\/label>\n                                Desconocido            <\/li>\n                    <li class=\"wpuf-field-data wpuf-field-data-radio_field\">\n                                    <label>Necesita licencia PPP:<\/label>\n                                NO            <\/li>\n                    <li class=\"wpuf-field-data wpuf-field-data-checkbox_field\">\n                                    <label>Enfermedades:<\/label>\n                                Ninguna            <\/li>\n                    <li class=\"wpuf-field-data wpuf-field-data-checkbox_field\">\n                                    <label>Se entrega:<\/label>\n                                Con cartilla sanitaria | Vacunado | Esterilizado | Desparasitado            <\/li>\n                    <li class=\"wpuf-field-data wpuf-field-data-checkbox_field\">\n                                    <label>M\u00e1s informaci\u00f3n:<\/label>\n                                Independiente            <\/li>\n                    <li class=\"wpuf-field-data wpuf-field-data-radio_field\">\n                                    <label>Se env\u00eda la mascota:<\/label>\n                                SI            <\/li>\n                    <li class=\"wpuf-field-data wpuf-field-data-radio_field\">\n                                    <label>En caso de env\u00edo, detallar:<\/label>\n                                A otra CCAA espa\u00f1ola            <\/li>\n                    <li class=\"wpuf-field-data wpuf-field-data-radio_field\">\n                                    <label>Origen:<\/label>\n                                Particular            <\/li>\n        <li><label>Fecha de publicaci\u00f3n:<\/label> 03\/09\/2025 00:00<\/li>            <li class=\"wpuf-field-data wpuf-field-data-radio_field\">\n                                    <label>La mascota ha sido adoptada:<\/label>\n                                NO            <\/li>\n                    <li class=\"wpuf-field-data wpuf-field-data-email_address\">\n                                    <label>Direcci\u00f3n de correo:<\/label>\n                                <a href=\"mailto:guille13_1997@hotmail.com\">guille13_1997@hotmail.com<\/a>            <\/li>\n                    <li class=\"wpuf-field-data wpuf-field-data-numeric_text_field\">\n                                    <label>Tel\u00e9fono:<\/label>\n                                605463918            <\/li>\n        <\/ul>","protected":false},"excerpt":{"rendered":"<p>Damos en adopci\u00f3n nuestros 2 conejos toy, Fry hembra de 6 a\u00f1os y Hades de 5 a\u00f1os. Ambos castrados, con cartilla y con las vacunas al d\u00eda. Tuvimos primero a Fry y un tiempo despu\u00e9s, a Hades, y desde entonces les hemos dado mucho amor y los mejores cuidados posibles, cosa que hoy en d\u00eda [&#8230;]\n","protected":false},"featured_media":46766,"template":"","meta":{"_acf_changed":false},"product_brand":[],"product_cat":[17,1000],"product_tag":[],"class_list":{"0":"post-46770","1":"product","2":"type-product","3":"status-publish","4":"has-post-thumbnail","6":"product_cat-adoptarotrasmascotas","7":"product_cat-adoptar-perro-gato-adoptar-mascota-es","8":"pa_edad-b","9":"pa_fecha-nacimiento-ano-3398","10":"pa_fecha-nacimiento-mes-08-agosto","11":"pa_provincia-pontevedra","12":"pa_raza-conejito-toy","13":"pa_sexo-hembra","14":"pa_tamano-b","16":"first","17":"instock","18":"taxable","19":"shipping-taxable","20":"product-type-simple"},"acf":[],"_links":{"self":[{"href":"https:\/\/www.wallamascotas.com\/web3\/wp-json\/wp\/v2\/product\/46770","targetHints":{"allow":["GET"]}}],"collection":[{"href":"https:\/\/www.wallamascotas.com\/web3\/wp-json\/wp\/v2\/product"}],"about":[{"href":"https:\/\/www.wallamascotas.com\/web3\/wp-json\/wp\/v2\/types\/product"}],"wp:featuredmedia":[{"embeddable":true,"href":"https:\/\/www.wallamascotas.com\/web3\/wp-json\/wp\/v2\/media\/46766"}],"wp:attachment":[{"href":"https:\/\/www.wallamascotas.com\/web3\/wp-json\/wp\/v2\/media?parent=46770"}],"wp:term":[{"taxonomy":"product_brand","embeddable":true,"href":"https:\/\/www.wallamascotas.com\/web3\/wp-json\/wp\/v2\/product_brand?post=46770"},{"taxonomy":"product_cat","embeddable":true,"href":"https:\/\/www.wallamascotas.com\/web3\/wp-json\/wp\/v2\/product_cat?post=46770"},{"taxonomy":"product_tag","embeddable":true,"href":"https:\/\/www.wallamascotas.com\/web3\/wp-json\/wp\/v2\/product_tag?post=46770"}],"curies":[{"name":"wp","href":"https:\/\/api.w.org\/{rel}","templated":true}]}}