{"id":46859,"date":"2025-09-08T19:14:53","date_gmt":"2025-09-08T19:14:53","guid":{"rendered":"https:\/\/www.wallamascotas.com\/web3\/?post_type=product&#038;p=46859"},"modified":"2025-09-08T19:14:54","modified_gmt":"2025-09-08T19:14:54","slug":"alana-gerona","status":"publish","type":"product","link":"https:\/\/www.wallamascotas.com\/web3\/mascota\/alana-gerona\/","title":{"rendered":"ALANA"},"content":{"rendered":"<p><strong>Descripci\u00f3n<\/strong><br \/>\nPastor belga o alem\u00e1n de trabajo dependiendo del veterinario que lo mire, Color negro con corbata blanca, 35kg, hembra, 5 a\u00f1os, con vacunas al d\u00eda y chip, no est\u00e1 castrada.<\/p>\n<p><strong>Comportamiento<\/strong>:<\/p>\n<p>Es una perra alegre , con mucha energ\u00eda para jugar , literalmente puede pasar horas detr\u00e1s de su pelota o palo, le gusta el agua de playa o pantano y se moja para buscar el juguete, est\u00e1 ense\u00f1ada a hacer sus necesidades fuera de casa y esperara a sus horarios ( uno de ma\u00f1ana y otro de tarde) , se le ha ense\u00f1ado a no ladrar en casa , a no romper nada y respetar camas, sof\u00e1s, muebles etc\u2026. Es muy muy muy inteligente se le pueden ense\u00f1ar trucos y esa actividad le gusta , se le puede ense\u00f1ar con comida pero prefiere su juguete, pelota, cuerda o frisbi etc, como premio. No tiene ansiedad por comer cosas de la calle y respeta sus turnos de comida y el de las personas ( no es de los perros que est\u00e1n agobiando a tu lado pidiendo), pero si que le gusta jugar a lanzar cosas y te va a pedir que lo hagas ( es muy inteligente)tiene muy buen olfato y si la acostumbras a buscar su pelota en la maleza o escondes por casa \u2026la buscar\u00e1, y lo trae.<\/p>\n<p><strong>Con las personas<\/strong>: al principio cauta pero si le tiras pelota\u2026.la ganaste , con los ni\u00f1os estupenda tengo tres y se llevan de maravilla, acepta cualquier contacto f\u00edsico en cualquier parte de su cuerpo.<\/p>\n<p><strong>Con otros perros en casa<\/strong>: la hemos acostumbrado en 2 d\u00edas a convivir con otra hembra muy territorial y ella perfecta pero si la acechan no dudar\u00e1 en defenderse , hay que seguir el proceso de presentaci\u00f3n al dedillo, a d\u00eda de hoy viven juntas pero no juegan y lo m\u00e1ximo que hacen es un olisque\u00f3 de reconocimiento.<\/p>\n<p><strong>Con otros perros en la calle<\/strong>: Alana es una perra intensa y con mucha energ\u00eda, hay que llevarla atada y hacer las presentaciones a otros perros , se recomienda iniciar con bozal y en cuanto corre ! Ya est\u00e1 lista! Eso si \u2026no le ense\u00f1es el juguete si no pasara de su alrededor.<\/p>\n<p><strong>Su vida pasada<\/strong>: Alana viene de otra familia que viv\u00edan en una finca , ten\u00eda espacio para correr pero necesitaba m\u00e1s interacci\u00f3n humana , y no viv\u00eda dentro de la casa ,ten\u00eda su cochera o porche y la adoptaron unas personas mayores cuando era un cachorro.<\/p>\n<p><strong>Otros<\/strong>: en buenas manos puede llegar a ser un buen pastor alem\u00e1n de trabajo.<\/p>\n<p>Sus due\u00f1os no pueden hacerse cargo por traslado a un piso y enfermedades.<\/p>\n<p>Vive conmigo que me hago cargo temporalmente.<\/p>\n<p>Para m\u00e1s informaci\u00f3n contesto wasaap o llamadas, se mostrar\u00e1n videos o m\u00e1s fotos o v\u00eddeo llamada cuando estemos en el exterior o en casa.<\/p>\n<ul class=\"wpuf_customs\">            <li class=\"wpuf-field-data wpuf-field-data-radio_field\">\n                                    <label>Tipo:<\/label>\n                                Perro            <\/li>\n                    <li class=\"wpuf-field-data wpuf-field-data-radio_field\">\n                                    <label>Es un perro:<\/label>\n                                Nervioso            <\/li>\n                    <li class=\"wpuf-field-data wpuf-field-data-radio_field\">\n                                    <label>Amigable con perros:<\/label>\n                                Mejor no cruzarse con ninguno            <\/li>\n                    <li class=\"wpuf-field-data wpuf-field-data-radio_field\">\n                                    <label>Con personas extra\u00f1as:<\/label>\n                                Amigable            <\/li>\n                    <li class=\"wpuf-field-data wpuf-field-data-radio_field\">\n                                    <label>Ladrador:<\/label>\n                                Con timbre y poco m\u00e1s            <\/li>\n                    <li class=\"wpuf-field-data wpuf-field-data-radio_field\">\n                                    <label>Necesita licencia PPP:<\/label>\n                                NO            <\/li>\n                    <li class=\"wpuf-field-data wpuf-field-data-checkbox_field\">\n                                    <label>Enfermedades:<\/label>\n                                Ninguna            <\/li>\n                    <li class=\"wpuf-field-data wpuf-field-data-checkbox_field\">\n                                    <label>Se entrega:<\/label>\n                                Con cartilla sanitaria | Vacunado | Desparasitado | Microchip            <\/li>\n                    <li class=\"wpuf-field-data wpuf-field-data-checkbox_field\">\n                                    <label>M\u00e1s informaci\u00f3n:<\/label>\n                                Bueno con ni\u00f1os | Bueno en casa | Bueno en el coche | Le gusta pasear | Obediente | Escapista            <\/li>\n                    <li class=\"wpuf-field-data wpuf-field-data-radio_field\">\n                                    <label>Se env\u00eda la mascota:<\/label>\n                                SI            <\/li>\n                    <li class=\"wpuf-field-data wpuf-field-data-radio_field\">\n                                    <label>En caso de env\u00edo, detallar:<\/label>\n                                Pa\u00eds Europeo            <\/li>\n                    <li class=\"wpuf-field-data wpuf-field-data-radio_field\">\n                                    <label>Origen:<\/label>\n                                Particular            <\/li>\n        <li><label>Fecha de publicaci\u00f3n:<\/label> 05\/09\/2025 20:45<\/li>            <li class=\"wpuf-field-data wpuf-field-data-radio_field\">\n                                    <label>La mascota ha sido adoptada:<\/label>\n                                NO            <\/li>\n                    <li class=\"wpuf-field-data wpuf-field-data-email_address\">\n                                    <label>Direcci\u00f3n de correo:<\/label>\n                                <a href=\"mailto:raezgober@gmail.com\">raezgober@gmail.com<\/a>            <\/li>\n                    <li class=\"wpuf-field-data wpuf-field-data-numeric_text_field\">\n                                    <label>Tel\u00e9fono:<\/label>\n                                677650803            <\/li>\n        <\/ul>","protected":false},"excerpt":{"rendered":"<p>Descripci\u00f3n Pastor belga o alem\u00e1n de trabajo dependiendo del veterinario que lo mire, Color negro con corbata blanca, 35kg, hembra, 5 a\u00f1os, con vacunas al d\u00eda y chip, no est\u00e1 castrada. Comportamiento: Es una perra alegre , con mucha energ\u00eda para jugar , literalmente puede pasar horas detr\u00e1s de su pelota o palo, le gusta [&#8230;]\n","protected":false},"featured_media":46858,"template":"","meta":{"_acf_changed":false},"product_brand":[],"product_cat":[15,1000],"product_tag":[],"class_list":{"0":"post-46859","1":"product","2":"type-product","3":"status-publish","4":"has-post-thumbnail","6":"product_cat-adoptar_perro_adoptar_mascota","7":"product_cat-adoptar-perro-gato-adoptar-mascota-es","8":"pa_edad-b","9":"pa_fecha-nacimiento-ano-3397","10":"pa_fecha-nacimiento-mes-04-abril","11":"pa_provincia-gerona","12":"pa_raza-pastor-belga","13":"pa_sexo-hembra","14":"pa_tamano-d","16":"first","17":"instock","18":"taxable","19":"shipping-taxable","20":"product-type-simple"},"acf":[],"_links":{"self":[{"href":"https:\/\/www.wallamascotas.com\/web3\/wp-json\/wp\/v2\/product\/46859","targetHints":{"allow":["GET"]}}],"collection":[{"href":"https:\/\/www.wallamascotas.com\/web3\/wp-json\/wp\/v2\/product"}],"about":[{"href":"https:\/\/www.wallamascotas.com\/web3\/wp-json\/wp\/v2\/types\/product"}],"wp:featuredmedia":[{"embeddable":true,"href":"https:\/\/www.wallamascotas.com\/web3\/wp-json\/wp\/v2\/media\/46858"}],"wp:attachment":[{"href":"https:\/\/www.wallamascotas.com\/web3\/wp-json\/wp\/v2\/media?parent=46859"}],"wp:term":[{"taxonomy":"product_brand","embeddable":true,"href":"https:\/\/www.wallamascotas.com\/web3\/wp-json\/wp\/v2\/product_brand?post=46859"},{"taxonomy":"product_cat","embeddable":true,"href":"https:\/\/www.wallamascotas.com\/web3\/wp-json\/wp\/v2\/product_cat?post=46859"},{"taxonomy":"product_tag","embeddable":true,"href":"https:\/\/www.wallamascotas.com\/web3\/wp-json\/wp\/v2\/product_tag?post=46859"}],"curies":[{"name":"wp","href":"https:\/\/api.w.org\/{rel}","templated":true}]}}