{"id":47220,"date":"2025-09-15T08:40:12","date_gmt":"2025-09-15T08:40:12","guid":{"rendered":"https:\/\/www.wallamascotas.com\/web3\/?post_type=product&#038;p=47220"},"modified":"2025-09-15T08:40:13","modified_gmt":"2025-09-15T08:40:13","slug":"togo-madrid","status":"publish","type":"product","link":"https:\/\/www.wallamascotas.com\/web3\/mascota\/togo-madrid\/","title":{"rendered":"TOGO"},"content":{"rendered":"<p>\ud83d\udc3e TOGO BUSCA FAMILIA \ud83c\udfe1\ud83d\udc9b<\/p>\n<p>TOGO tiene 3 meses y creemos que es mestizo de galgo, por lo que de adulto ser\u00e1 de tama\u00f1o grande. Este peque\u00f1o ha vivido momentos muy dif\u00edciles, pero ahora su historia comienza a cambiar. \ud83d\udc9b<\/p>\n<p>TOGO fue encontrado junto a su hermano Woody, dentro de una caja de cart\u00f3n en medio de una carretera, a punto de ser atropellados \ud83d\ude97\ud83d\udc94. La suerte quiso que @meri_czr pasara por all\u00ed y les salvase la vida. Desde entonces, ha comenzado su camino hacia la recuperaci\u00f3n y la felicidad.<\/p>\n<p>Al llegar a Madrid, TOGO estaba asustado y con algunas heriditas, pero muy pronto mostr\u00f3 su car\u00e1cter dulce y confiado. Es un cachorro incre\u00edblemente cari\u00f1oso, obediente y noble, que se entrega con todo su coraz\u00f3n a quienes lo cuidan.<\/p>\n<p>\ud83d\udccb Se entrega con:<\/p>\n<p>\u2714\ufe0f Contrato de adopci\u00f3n<br \/>\n\u2714\ufe0f Microchip<br \/>\n\u2714\ufe0f Vacunas al d\u00eda seg\u00fan su edad<br \/>\n\u2714\ufe0f Desparasitado<br \/>\n\u2714\ufe0f Compromiso de castraci\u00f3n por parte del adoptante<\/p>\n<p>\ud83d\udccdTodos nuestros peluditos se entregan en Madrid.<\/p>\n<p>\ud83d\udce9 \u00bfQuieres adoptar a TOGO?<br \/>\nRellena el formulario de preadopci\u00f3n \ud83d\udc49 https:\/\/forms.gle\/U7fPX99Zgwh5UxDV9<\/p>\n<p>\ud83d\udcf2 M\u00e1s informaci\u00f3n por WhatsApp: 627 54 05 92<\/p>\n<p>\ud83d\udeab No atendemos llamadas<\/p>\n<h3><\/h3>\n<h3><a style=\"font-size: 16px;\" href=\"https:\/\/www.wallamascotas.com\/web3\/wp-content\/uploads\/2025\/09\/u9740-20250913_190644-scaled.jpg\"><img decoding=\"async\" class=\"attachment-thumbnail size-thumbnail\" src=\"https:\/\/www.wallamascotas.com\/web3\/wp-content\/uploads\/2025\/09\/u9740-20250913_190644-150x150.jpg\" alt=\"\" \/><\/a><a style=\"font-size: 16px;\" href=\"https:\/\/www.wallamascotas.com\/web3\/wp-content\/uploads\/2025\/09\/u9740-20250913_190633-scaled.jpg\"><img decoding=\"async\" class=\"attachment-thumbnail size-thumbnail\" src=\"https:\/\/www.wallamascotas.com\/web3\/wp-content\/uploads\/2025\/09\/u9740-20250913_190633-150x150.jpg\" alt=\"\" \/><\/a><\/h3>\n<ul class=\"wpuf_customs\">            <li class=\"wpuf-field-data wpuf-field-data-radio_field\">\n                                    <label>Tipo:<\/label>\n                                Perro            <\/li>\n                    <li class=\"wpuf-field-data wpuf-field-data-radio_field\">\n                                    <label>Es un perro:<\/label>\n                                Tranquilo            <\/li>\n                    <li class=\"wpuf-field-data wpuf-field-data-radio_field\">\n                                    <label>Amigable con perros:<\/label>\n                                Es amigo de tod@s            <\/li>\n                    <li class=\"wpuf-field-data wpuf-field-data-radio_field\">\n                                    <label>Con personas extra\u00f1as:<\/label>\n                                Amigable            <\/li>\n                    <li class=\"wpuf-field-data wpuf-field-data-radio_field\">\n                                    <label>Ladrador:<\/label>\n                                Calladito            <\/li>\n                    <li class=\"wpuf-field-data wpuf-field-data-radio_field\">\n                                    <label>Necesita licencia PPP:<\/label>\n                                NO            <\/li>\n                    <li class=\"wpuf-field-data wpuf-field-data-checkbox_field\">\n                                    <label>Enfermedades:<\/label>\n                                Ninguna            <\/li>\n                    <li class=\"wpuf-field-data wpuf-field-data-checkbox_field\">\n                                    <label>Se entrega:<\/label>\n                                Con cartilla sanitaria | Vacunado | Desparasitado | Microchip            <\/li>\n                    <li class=\"wpuf-field-data wpuf-field-data-checkbox_field\">\n                                    <label>M\u00e1s informaci\u00f3n:<\/label>\n                                Bueno con perros | Bueno con gatos | Bueno con ni\u00f1os | Bueno en casa | Obediente            <\/li>\n                    <li class=\"wpuf-field-data wpuf-field-data-radio_field\">\n                                    <label>Se env\u00eda la mascota:<\/label>\n                                NO            <\/li>\n                    <li class=\"wpuf-field-data wpuf-field-data-radio_field\">\n                                    <label>Origen:<\/label>\n                                Asociaci\u00f3n            <\/li>\n        <li><label>Fecha de publicaci\u00f3n:<\/label> 14\/09\/2025 00:00<\/li>            <li class=\"wpuf-field-data wpuf-field-data-radio_field\">\n                                    <label>La mascota ha sido adoptada:<\/label>\n                                NO            <\/li>\n                    <li class=\"wpuf-field-data wpuf-field-data-email_address\">\n                                    <label>Direcci\u00f3n de correo:<\/label>\n                                <a href=\"mailto:resktando@gmail.com\">resktando@gmail.com<\/a>            <\/li>\n                    <li class=\"wpuf-field-data wpuf-field-data-numeric_text_field\">\n                                    <label>Tel\u00e9fono:<\/label>\n                                627540592            <\/li>\n        <\/ul>","protected":false},"excerpt":{"rendered":"<p>\ud83d\udc3e TOGO BUSCA FAMILIA \ud83c\udfe1\ud83d\udc9b TOGO tiene 3 meses y creemos que es mestizo de galgo, por lo que de adulto ser\u00e1 de tama\u00f1o grande. Este peque\u00f1o ha vivido momentos muy dif\u00edciles, pero ahora su historia comienza a cambiar. \ud83d\udc9b TOGO fue encontrado junto a su hermano Woody, dentro de una caja de cart\u00f3n en [&#8230;]\n","protected":false},"featured_media":47217,"template":"","meta":{"_acf_changed":false},"product_brand":[],"product_cat":[15,1000],"product_tag":[],"class_list":{"0":"post-47220","1":"product","2":"type-product","3":"status-publish","4":"has-post-thumbnail","6":"product_cat-adoptar_perro_adoptar_mascota","7":"product_cat-adoptar-perro-gato-adoptar-mascota-es","8":"pa_edad-a","9":"pa_fecha-nacimiento-ano-3513","10":"pa_fecha-nacimiento-mes-06-junio","11":"pa_provincia-madrid","12":"pa_raza-mestizo","13":"pa_sexo-macho","14":"pa_tamano-d","16":"first","17":"instock","18":"taxable","19":"shipping-taxable","20":"product-type-simple"},"acf":[],"_links":{"self":[{"href":"https:\/\/www.wallamascotas.com\/web3\/wp-json\/wp\/v2\/product\/47220","targetHints":{"allow":["GET"]}}],"collection":[{"href":"https:\/\/www.wallamascotas.com\/web3\/wp-json\/wp\/v2\/product"}],"about":[{"href":"https:\/\/www.wallamascotas.com\/web3\/wp-json\/wp\/v2\/types\/product"}],"wp:featuredmedia":[{"embeddable":true,"href":"https:\/\/www.wallamascotas.com\/web3\/wp-json\/wp\/v2\/media\/47217"}],"wp:attachment":[{"href":"https:\/\/www.wallamascotas.com\/web3\/wp-json\/wp\/v2\/media?parent=47220"}],"wp:term":[{"taxonomy":"product_brand","embeddable":true,"href":"https:\/\/www.wallamascotas.com\/web3\/wp-json\/wp\/v2\/product_brand?post=47220"},{"taxonomy":"product_cat","embeddable":true,"href":"https:\/\/www.wallamascotas.com\/web3\/wp-json\/wp\/v2\/product_cat?post=47220"},{"taxonomy":"product_tag","embeddable":true,"href":"https:\/\/www.wallamascotas.com\/web3\/wp-json\/wp\/v2\/product_tag?post=47220"}],"curies":[{"name":"wp","href":"https:\/\/api.w.org\/{rel}","templated":true}]}}