{"id":47262,"date":"2025-09-15T21:20:02","date_gmt":"2025-09-15T21:20:02","guid":{"rendered":"https:\/\/www.wallamascotas.com\/web3\/?post_type=product&#038;p=47262"},"modified":"2025-09-15T21:20:05","modified_gmt":"2025-09-15T21:20:05","slug":"kai-alava","status":"publish","type":"product","link":"https:\/\/www.wallamascotas.com\/web3\/mascota\/kai-alava\/","title":{"rendered":"KAI"},"content":{"rendered":"<p><a href=\"https:\/\/www.wallamascotas.com\/web3\/wp-content\/uploads\/2025\/09\/u9750-WhatsApp-Image-2025-09-15-at-12.46.57-PM.jpeg\"><img decoding=\"async\" class=\"attachment-thumbnail size-thumbnail\" src=\"https:\/\/www.wallamascotas.com\/web3\/wp-content\/uploads\/2025\/09\/u9750-WhatsApp-Image-2025-09-15-at-12.46.57-PM-150x150.jpeg\" alt=\"\" \/><\/a><a href=\"https:\/\/www.wallamascotas.com\/web3\/wp-content\/uploads\/2025\/09\/u9750-WhatsApp-Image-2025-09-15-at-12.53.04-PM.jpeg\"><img decoding=\"async\" class=\"attachment-thumbnail size-thumbnail\" src=\"https:\/\/www.wallamascotas.com\/web3\/wp-content\/uploads\/2025\/09\/u9750-WhatsApp-Image-2025-09-15-at-12.53.04-PM-150x150.jpeg\" alt=\"\" \/><\/a><a href=\"https:\/\/www.wallamascotas.com\/web3\/wp-content\/uploads\/2025\/09\/u9750-WhatsApp-Image-2025-09-15-at-12.53.43-PM.jpeg\"><img decoding=\"async\" class=\"attachment-thumbnail size-thumbnail\" src=\"https:\/\/www.wallamascotas.com\/web3\/wp-content\/uploads\/2025\/09\/u9750-WhatsApp-Image-2025-09-15-at-12.53.43-PM-150x150.jpeg\" alt=\"\" \/><\/a><a href=\"https:\/\/www.wallamascotas.com\/web3\/wp-content\/uploads\/2025\/09\/u9750-WhatsApp-Image-2025-09-15-at-12.49.25-PM.jpeg\"><img decoding=\"async\" class=\"attachment-thumbnail size-thumbnail\" src=\"https:\/\/www.wallamascotas.com\/web3\/wp-content\/uploads\/2025\/09\/u9750-WhatsApp-Image-2025-09-15-at-12.49.25-PM-150x150.jpeg\" alt=\"\" \/><\/a><\/p>\n<p>Buscamos una familia responsable que pueda ofrecerle a Kai la vida que se merece. Preferiblemente alguien con experiencia previa con perros, ya que Kai tiene un car\u00e1cter fuerte y necesita atenci\u00f3n y tiempo. Es un perro muy activo, cari\u00f1oso, sociable y se lleva muy bien con otros perros. Le gusta mucho salir a la calle, ir al monte, hacer deporte y jugar. Es un perro que necesita actividad f\u00edsica y mental.<\/p>\n<ul class=\"wpuf_customs\">            <li class=\"wpuf-field-data wpuf-field-data-radio_field\">\n                                    <label>Tipo:<\/label>\n                                Perro            <\/li>\n                    <li class=\"wpuf-field-data wpuf-field-data-radio_field\">\n                                    <label>Es un perro:<\/label>\n                                Nervioso            <\/li>\n                    <li class=\"wpuf-field-data wpuf-field-data-radio_field\">\n                                    <label>Amigable con perros:<\/label>\n                                Es amigo de tod@s            <\/li>\n                    <li class=\"wpuf-field-data wpuf-field-data-radio_field\">\n                                    <label>Con personas extra\u00f1as:<\/label>\n                                Amigable            <\/li>\n                    <li class=\"wpuf-field-data wpuf-field-data-radio_field\">\n                                    <label>Ladrador:<\/label>\n                                Con timbre y poco m\u00e1s            <\/li>\n                    <li class=\"wpuf-field-data wpuf-field-data-radio_field\">\n                                    <label>Necesita licencia PPP:<\/label>\n                                NO            <\/li>\n                    <li class=\"wpuf-field-data wpuf-field-data-checkbox_field\">\n                                    <label>Enfermedades:<\/label>\n                                Ninguna            <\/li>\n                    <li class=\"wpuf-field-data wpuf-field-data-checkbox_field\">\n                                    <label>Se entrega:<\/label>\n                                Con cartilla sanitaria | Vacunado | Esterilizado | Desparasitado | Microchip | Solo la mascota sin paso previo por veterinario            <\/li>\n                    <li class=\"wpuf-field-data wpuf-field-data-checkbox_field\">\n                                    <label>M\u00e1s informaci\u00f3n:<\/label>\n                                Bueno con perros | Le gusta pasear            <\/li>\n                    <li class=\"wpuf-field-data wpuf-field-data-radio_field\">\n                                    <label>Se env\u00eda la mascota:<\/label>\n                                NO            <\/li>\n                    <li class=\"wpuf-field-data wpuf-field-data-radio_field\">\n                                    <label>Origen:<\/label>\n                                Particular            <\/li>\n        <li><label>Fecha de publicaci\u00f3n:<\/label> 15\/09\/2025 00:00<\/li>            <li class=\"wpuf-field-data wpuf-field-data-radio_field\">\n                                    <label>La mascota ha sido adoptada:<\/label>\n                                NO            <\/li>\n                    <li class=\"wpuf-field-data wpuf-field-data-email_address\">\n                                    <label>Direcci\u00f3n de correo:<\/label>\n                                <a href=\"mailto:yastaymadi@gmail.com\">yastaymadi@gmail.com<\/a>            <\/li>\n                    <li class=\"wpuf-field-data wpuf-field-data-numeric_text_field\">\n                                    <label>Tel\u00e9fono:<\/label>\n                                630393007            <\/li>\n        <\/ul>","protected":false},"excerpt":{"rendered":"<p>Buscamos una familia responsable que pueda ofrecerle a Kai la vida que se merece. Preferiblemente alguien con experiencia previa con perros, ya que Kai tiene un car\u00e1cter fuerte y necesita atenci\u00f3n y tiempo. Es un perro muy activo, cari\u00f1oso, sociable y se lleva muy bien con otros perros. Le gusta mucho salir a la calle, [&#8230;]\n","protected":false},"featured_media":47257,"template":"","meta":{"_acf_changed":false},"product_brand":[],"product_cat":[15,1000],"product_tag":[],"class_list":{"0":"post-47262","1":"product","2":"type-product","3":"status-publish","4":"has-post-thumbnail","6":"product_cat-adoptar_perro_adoptar_mascota","7":"product_cat-adoptar-perro-gato-adoptar-mascota-es","8":"pa_edad-a","9":"pa_fecha-nacimiento-ano-3473","10":"pa_fecha-nacimiento-mes-09-septiembre","11":"pa_provincia-alava","12":"pa_raza-border-collie","13":"pa_sexo-macho","14":"pa_tamano-c","16":"first","17":"instock","18":"taxable","19":"shipping-taxable","20":"product-type-simple"},"acf":[],"_links":{"self":[{"href":"https:\/\/www.wallamascotas.com\/web3\/wp-json\/wp\/v2\/product\/47262","targetHints":{"allow":["GET"]}}],"collection":[{"href":"https:\/\/www.wallamascotas.com\/web3\/wp-json\/wp\/v2\/product"}],"about":[{"href":"https:\/\/www.wallamascotas.com\/web3\/wp-json\/wp\/v2\/types\/product"}],"wp:featuredmedia":[{"embeddable":true,"href":"https:\/\/www.wallamascotas.com\/web3\/wp-json\/wp\/v2\/media\/47257"}],"wp:attachment":[{"href":"https:\/\/www.wallamascotas.com\/web3\/wp-json\/wp\/v2\/media?parent=47262"}],"wp:term":[{"taxonomy":"product_brand","embeddable":true,"href":"https:\/\/www.wallamascotas.com\/web3\/wp-json\/wp\/v2\/product_brand?post=47262"},{"taxonomy":"product_cat","embeddable":true,"href":"https:\/\/www.wallamascotas.com\/web3\/wp-json\/wp\/v2\/product_cat?post=47262"},{"taxonomy":"product_tag","embeddable":true,"href":"https:\/\/www.wallamascotas.com\/web3\/wp-json\/wp\/v2\/product_tag?post=47262"}],"curies":[{"name":"wp","href":"https:\/\/api.w.org\/{rel}","templated":true}]}}