{"id":47423,"date":"2025-11-26T08:35:57","date_gmt":"2025-11-26T08:35:57","guid":{"rendered":"https:\/\/www.wallamascotas.com\/web3\/?post_type=product&#038;p=47423"},"modified":"2026-04-12T16:48:38","modified_gmt":"2026-04-12T16:48:38","slug":"juanito-ciudad-real","status":"publish","type":"product","link":"https:\/\/www.wallamascotas.com\/web3\/mascota\/juanito-ciudad-real\/","title":{"rendered":"Juanito"},"content":{"rendered":"<p data-start=\"165\" data-end=\"227\">Los gatitos especiales son los que dan el amor m\u00e1s especial.<\/p>\n<p data-start=\"229\" data-end=\"422\">Juanito y Jueves son dos gatos positivos a leucemia que se han hecho inseparables. Buscamos para ellos una adopci\u00f3n conjunta, aunque si fuera necesario tambi\u00e9n podr\u00edan adoptarse por separado.<\/p>\n<p data-start=\"424\" data-end=\"608\">Son gatos muy mimosos, pacientes, educados y expertos en regalar ronroneos. Saben lo dura que puede ser la calle y por eso ahora se muestran tan agradecidos con cada gesto de cari\u00f1o.<\/p>\n<p data-start=\"610\" data-end=\"812\">La leucemia no les impide llevar una vida normal. Juanito, de hecho, acaba de salir de una operaci\u00f3n y ya est\u00e1 completamente recuperado. Ambos est\u00e1n preparados para llenar un hogar de amor y compa\u00f1\u00eda.<\/p>\n<p data-start=\"814\" data-end=\"950\">Se encuentran en La Solana (Ciudad Real), pero pueden viajar para reunirse con la familia que les d\u00e9 la oportunidad que tanto merecen.7<\/p>\n<p data-start=\"814\" data-end=\"950\"><a href=\"https:\/\/www.wallamascotas.com\/web3\/wp-content\/uploads\/2025\/09\/u9428-68c7288b08fd13.007273971757882507.jpg\"><img decoding=\"async\" class=\"attachment-thumbnail size-thumbnail\" src=\"https:\/\/www.wallamascotas.com\/web3\/wp-content\/uploads\/2025\/09\/u9428-68c7288b08fd13.007273971757882507-150x150.jpg\" alt=\"\" \/><\/a><\/p>\n<ul class=\"wpuf_customs\">            <li class=\"wpuf-field-data wpuf-field-data-radio_field\">\n                                    <label>Tipo:<\/label>\n                                Gato            <\/li>\n                    <li class=\"wpuf-field-data wpuf-field-data-radio_field\">\n                                    <label>Es un perro:<\/label>\n                                Tranquilo            <\/li>\n                    <li class=\"wpuf-field-data wpuf-field-data-radio_field\">\n                                    <label>Amigable con perros:<\/label>\n                                Desconocido            <\/li>\n                    <li class=\"wpuf-field-data wpuf-field-data-radio_field\">\n                                    <label>Con personas extra\u00f1as:<\/label>\n                                Desconocido            <\/li>\n                    <li class=\"wpuf-field-data wpuf-field-data-radio_field\">\n                                    <label>Ladrador:<\/label>\n                                Desconocido            <\/li>\n                    <li class=\"wpuf-field-data wpuf-field-data-radio_field\">\n                                    <label>Necesita licencia PPP:<\/label>\n                                NO            <\/li>\n                    <li class=\"wpuf-field-data wpuf-field-data-checkbox_field\">\n                                    <label>Enfermedades:<\/label>\n                                Positivo en Leucemia            <\/li>\n                    <li class=\"wpuf-field-data wpuf-field-data-checkbox_field\">\n                                    <label>Se entrega:<\/label>\n                                Con cartilla sanitaria | Vacunado | Esterilizado | Desparasitado | Microchip            <\/li>\n                    <li class=\"wpuf-field-data wpuf-field-data-checkbox_field\">\n                                    <label>M\u00e1s informaci\u00f3n:<\/label>\n                                Bueno con perros | Bueno con ni\u00f1os | Bueno en casa            <\/li>\n                    <li class=\"wpuf-field-data wpuf-field-data-radio_field\">\n                                    <label>Se env\u00eda la mascota:<\/label>\n                                SI            <\/li>\n                    <li class=\"wpuf-field-data wpuf-field-data-radio_field\">\n                                    <label>En caso de env\u00edo, detallar:<\/label>\n                                A otra CCAA espa\u00f1ola            <\/li>\n                    <li class=\"wpuf-field-data wpuf-field-data-radio_field\">\n                                    <label>Origen:<\/label>\n                                Asociaci\u00f3n            <\/li>\n        <li><label>Fecha de publicaci\u00f3n:<\/label> 19\/09\/2025 21:51<\/li>            <li class=\"wpuf-field-data wpuf-field-data-radio_field\">\n                                    <label>La mascota ha sido adoptada:<\/label>\n                                NO            <\/li>\n                    <li class=\"wpuf-field-data wpuf-field-data-email_address\">\n                                    <label>Direcci\u00f3n de correo:<\/label>\n                                <a href=\"mailto:asociacion3patas@gmail.com\">asociacion3patas@gmail.com<\/a>            <\/li>\n                    <li class=\"wpuf-field-data wpuf-field-data-numeric_text_field\">\n                                    <label>Tel\u00e9fono:<\/label>\n                                637949939            <\/li>\n        <\/ul>","protected":false},"excerpt":{"rendered":"<p>Los gatitos especiales son los que dan el amor m\u00e1s especial. Juanito y Jueves son dos gatos positivos a leucemia que se han hecho inseparables. Buscamos para ellos una adopci\u00f3n conjunta, aunque si fuera necesario tambi\u00e9n podr\u00edan adoptarse por separado. Son gatos muy mimosos, pacientes, educados y expertos en regalar ronroneos. Saben lo dura que [&#8230;]\n","protected":false},"featured_media":47421,"template":"","meta":{"_acf_changed":false},"product_brand":[],"product_cat":[16,1000],"product_tag":[],"class_list":{"0":"post-47423","1":"product","2":"type-product","3":"status-publish","4":"has-post-thumbnail","6":"product_cat-adoptargato","7":"product_cat-adoptar-perro-gato-adoptar-mascota-es","8":"pa_edad-b","9":"pa_fecha-nacimiento-ano-3473","10":"pa_fecha-nacimiento-mes-09-septiembre","11":"pa_origen-conciencia-animal-3-patas","12":"pa_provincia-ciudad-real","13":"pa_raza-gato-comun-europeo","14":"pa_sexo-macho","15":"pa_tamano-b","17":"first","18":"instock","19":"taxable","20":"shipping-taxable","21":"product-type-simple"},"acf":[],"_links":{"self":[{"href":"https:\/\/www.wallamascotas.com\/web3\/wp-json\/wp\/v2\/product\/47423","targetHints":{"allow":["GET"]}}],"collection":[{"href":"https:\/\/www.wallamascotas.com\/web3\/wp-json\/wp\/v2\/product"}],"about":[{"href":"https:\/\/www.wallamascotas.com\/web3\/wp-json\/wp\/v2\/types\/product"}],"wp:featuredmedia":[{"embeddable":true,"href":"https:\/\/www.wallamascotas.com\/web3\/wp-json\/wp\/v2\/media\/47421"}],"wp:attachment":[{"href":"https:\/\/www.wallamascotas.com\/web3\/wp-json\/wp\/v2\/media?parent=47423"}],"wp:term":[{"taxonomy":"product_brand","embeddable":true,"href":"https:\/\/www.wallamascotas.com\/web3\/wp-json\/wp\/v2\/product_brand?post=47423"},{"taxonomy":"product_cat","embeddable":true,"href":"https:\/\/www.wallamascotas.com\/web3\/wp-json\/wp\/v2\/product_cat?post=47423"},{"taxonomy":"product_tag","embeddable":true,"href":"https:\/\/www.wallamascotas.com\/web3\/wp-json\/wp\/v2\/product_tag?post=47423"}],"curies":[{"name":"wp","href":"https:\/\/api.w.org\/{rel}","templated":true}]}}