{"id":47511,"date":"2025-09-22T11:32:58","date_gmt":"2025-09-22T11:32:58","guid":{"rendered":"https:\/\/www.wallamascotas.com\/web3\/?post_type=product&#038;p=47511"},"modified":"2025-09-22T11:33:00","modified_gmt":"2025-09-22T11:33:00","slug":"vega-zaragoza-2","status":"publish","type":"product","link":"https:\/\/www.wallamascotas.com\/web3\/mascota\/vega-zaragoza-2\/","title":{"rendered":"VEGA"},"content":{"rendered":"<p>Vega y Gaia buscan familia en Zaragoza \ud83d\udc31<\/p>\n<p>Estas dos gatitas necesitan un hogar donde puedan crecer felices y seguras:<\/p>\n<p>\u2728 Vega \u2013 2 meses<\/p>\n<p>Una cachorrita adorable que busca contacto humano constante. Es muy mimosa y le encanta estar acompa\u00f1ada.<\/p>\n<p>\u2728 Gaia \u2013 4 meses<\/p>\n<p>M\u00e1s independiente, pero igualmente cari\u00f1osa. Le gusta jugar, explorar y tambi\u00e9n disfrutar de ratos de mimos.<\/p>\n<p>Ambas han nacido cerca de nuestro terreno en el monte, y sin ayuda lo tienen muy dif\u00edcil, sobre todo con la llegada del invierno. Queremos darles la oportunidad de encontrar una familia responsable que las cuide y las quiera.<\/p>\n<p>\ud83d\udccd Zaragoza y alrededores<\/p>\n<p>\ud83e\udd1d Entrega responsable a personas comprometidas (se har\u00e1 filtro minucioso para asegurar que van a un hogar adecuado)<\/p>\n<p>\ud83d\udc8c Contacto por privado para m\u00e1s informaci\u00f3n y fotos<\/p>\n<p>Gracias por ayudarlas!<\/p>\n<ul class=\"wpuf_customs\">            <li class=\"wpuf-field-data wpuf-field-data-radio_field\">\n                                    <label>Tipo:<\/label>\n                                Gato            <\/li>\n                    <li class=\"wpuf-field-data wpuf-field-data-radio_field\">\n                                    <label>Es un perro:<\/label>\n                                Tranquilo            <\/li>\n                    <li class=\"wpuf-field-data wpuf-field-data-radio_field\">\n                                    <label>Amigable con perros:<\/label>\n                                Desconocido            <\/li>\n                    <li class=\"wpuf-field-data wpuf-field-data-radio_field\">\n                                    <label>Con personas extra\u00f1as:<\/label>\n                                Desconocido            <\/li>\n                    <li class=\"wpuf-field-data wpuf-field-data-radio_field\">\n                                    <label>Ladrador:<\/label>\n                                Desconocido            <\/li>\n                    <li class=\"wpuf-field-data wpuf-field-data-radio_field\">\n                                    <label>Necesita licencia PPP:<\/label>\n                                NO            <\/li>\n                    <li class=\"wpuf-field-data wpuf-field-data-checkbox_field\">\n                                    <label>Enfermedades:<\/label>\n                                Ninguna            <\/li>\n                    <li class=\"wpuf-field-data wpuf-field-data-checkbox_field\">\n                                    <label>Se entrega:<\/label>\n                                Solo la mascota sin paso previo por veterinario            <\/li>\n                    <li class=\"wpuf-field-data wpuf-field-data-radio_field\">\n                                    <label>Se env\u00eda la mascota:<\/label>\n                                NO            <\/li>\n                    <li class=\"wpuf-field-data wpuf-field-data-radio_field\">\n                                    <label>Origen:<\/label>\n                                Particular            <\/li>\n        <li><label>Fecha de publicaci\u00f3n:<\/label> 22\/09\/2025 01:49<\/li>            <li class=\"wpuf-field-data wpuf-field-data-radio_field\">\n                                    <label>La mascota ha sido adoptada:<\/label>\n                                NO            <\/li>\n                    <li class=\"wpuf-field-data wpuf-field-data-email_address\">\n                                    <label>Direcci\u00f3n de correo:<\/label>\n                                <a href=\"mailto:sefora.89k@gmail.com\">sefora.89k@gmail.com<\/a>            <\/li>\n                    <li class=\"wpuf-field-data wpuf-field-data-numeric_text_field\">\n                                    <label>Tel\u00e9fono:<\/label>\n                                623961044            <\/li>\n        <\/ul>","protected":false},"excerpt":{"rendered":"<p>Vega y Gaia buscan familia en Zaragoza \ud83d\udc31 Estas dos gatitas necesitan un hogar donde puedan crecer felices y seguras: \u2728 Vega \u2013 2 meses Una cachorrita adorable que busca contacto humano constante. Es muy mimosa y le encanta estar acompa\u00f1ada. \u2728 Gaia \u2013 4 meses M\u00e1s independiente, pero igualmente cari\u00f1osa. Le gusta jugar, explorar [&#8230;]\n","protected":false},"featured_media":47506,"template":"","meta":{"_acf_changed":false},"product_brand":[],"product_cat":[16,1000],"product_tag":[],"class_list":{"0":"post-47511","1":"product","2":"type-product","3":"status-publish","4":"has-post-thumbnail","6":"product_cat-adoptargato","7":"product_cat-adoptar-perro-gato-adoptar-mascota-es","8":"pa_edad-a","9":"pa_fecha-nacimiento-ano-3513","10":"pa_fecha-nacimiento-mes-07-julio","11":"pa_provincia-zaragoza","12":"pa_raza-gato-comun","13":"pa_sexo-hembra","14":"pa_tamano-a","15":"pa_tamano-b","17":"first","18":"instock","19":"taxable","20":"shipping-taxable","21":"product-type-simple"},"acf":[],"_links":{"self":[{"href":"https:\/\/www.wallamascotas.com\/web3\/wp-json\/wp\/v2\/product\/47511","targetHints":{"allow":["GET"]}}],"collection":[{"href":"https:\/\/www.wallamascotas.com\/web3\/wp-json\/wp\/v2\/product"}],"about":[{"href":"https:\/\/www.wallamascotas.com\/web3\/wp-json\/wp\/v2\/types\/product"}],"wp:featuredmedia":[{"embeddable":true,"href":"https:\/\/www.wallamascotas.com\/web3\/wp-json\/wp\/v2\/media\/47506"}],"wp:attachment":[{"href":"https:\/\/www.wallamascotas.com\/web3\/wp-json\/wp\/v2\/media?parent=47511"}],"wp:term":[{"taxonomy":"product_brand","embeddable":true,"href":"https:\/\/www.wallamascotas.com\/web3\/wp-json\/wp\/v2\/product_brand?post=47511"},{"taxonomy":"product_cat","embeddable":true,"href":"https:\/\/www.wallamascotas.com\/web3\/wp-json\/wp\/v2\/product_cat?post=47511"},{"taxonomy":"product_tag","embeddable":true,"href":"https:\/\/www.wallamascotas.com\/web3\/wp-json\/wp\/v2\/product_tag?post=47511"}],"curies":[{"name":"wp","href":"https:\/\/api.w.org\/{rel}","templated":true}]}}