{"id":47977,"date":"2026-03-11T08:00:28","date_gmt":"2026-03-11T08:00:28","guid":{"rendered":"https:\/\/www.wallamascotas.com\/web3\/?post_type=product&#038;p=47977"},"modified":"2026-03-11T08:00:29","modified_gmt":"2026-03-11T08:00:29","slug":"latoya","status":"publish","type":"product","link":"https:\/\/www.wallamascotas.com\/web3\/mascota\/latoya\/","title":{"rendered":"Latoya"},"content":{"rendered":"<p><strong>LATOYA (Mini bull terrier)<\/strong><\/p>\n<p><a href=\"https:\/\/www.wallamascotas.com\/web3\/wp-content\/uploads\/2025\/10\/u9731-fe199c5a-a605-4572-b381-3a6c4feee74d.jpeg\"><strong><img decoding=\"async\" class=\"attachment-thumbnail size-thumbnail\" src=\"https:\/\/www.wallamascotas.com\/web3\/wp-content\/uploads\/2025\/10\/u9731-fe199c5a-a605-4572-b381-3a6c4feee74d-150x150.jpeg\" alt=\"\" \/><\/strong><\/a><\/p>\n<p>Esta mini bull terrier est\u00e1 buscando un hogar donde puedan darle todo el cari\u00f1o que merece. Tiene tan solo 5 a\u00f1os y mucho amor para dar. Es una perrita muy cari\u00f1osa con las personas, le encanta estar acompa\u00f1ada y es s\u00faper agradecida con cualquier mimo. Una de sus cosas favoritas es tumbarse boca arriba para que le rasquen la barriga.\ud83d\udc36\ud83d\udc3e\u2764\ufe0f<\/p>\n<p>Es muy buena en casa, cuidadosa y muy fiel a su gente. Disfruta mucho de los paseos, de estar con su familia y tambi\u00e9n le gusta ir en coche. Es una compa\u00f1era muy especial para quien quiera compartir tiempo con ella.\ud83d\udc3e\u2764\ufe0f<\/p>\n<p>Tiene car\u00e1cter con otros animales, por lo que necesita un hogar donde sea la \u00fanica mascota. Con personas es un verdadero amor y crea un v\u00ednculo muy bonito con su familia.\ud83d\udc36\ud83c\udfe1<\/p>\n<p>Buscamos para ella una familia responsable que le d\u00e9 el cari\u00f1o, el tiempo y la estabilidad que merece.\ud83c\udfe1\ud83d\udc3e<\/p>\n<p>Muchas gracias de coraz\u00f3n a todas las personas que se interesen o que ayuden compartiendo para que pueda encontrar el hogar perfecto. \ud83d\udc36\u2764\ufe0f<\/p>\n<blockquote><p>SI ESTA INTERESADO\/A O TIENE ALGUNA PREGUNTA PUEDE CONTACTAR POR PRIVADO\u27a1\ufe0f<\/p><\/blockquote>\n<p>\u260e\ufe0fPuede llamar al:<\/p>\n<p>656562433<\/p>\n<p>\ud83d\udc8cO escribir a: franyas1986@gmail.com<\/p>\n<ul class=\"wpuf_customs\">            <li class=\"wpuf-field-data wpuf-field-data-radio_field\">\n                                    <label>Tipo:<\/label>\n                                Perro            <\/li>\n                    <li class=\"wpuf-field-data wpuf-field-data-radio_field\">\n                                    <label>Es un perro:<\/label>\n                                Tranquilo            <\/li>\n                    <li class=\"wpuf-field-data wpuf-field-data-radio_field\">\n                                    <label>Amigable con perros:<\/label>\n                                Mejor no cruzarse con ninguno            <\/li>\n                    <li class=\"wpuf-field-data wpuf-field-data-radio_field\">\n                                    <label>Con personas extra\u00f1as:<\/label>\n                                Amigable            <\/li>\n                    <li class=\"wpuf-field-data wpuf-field-data-radio_field\">\n                                    <label>Ladrador:<\/label>\n                                Calladito            <\/li>\n                    <li class=\"wpuf-field-data wpuf-field-data-radio_field\">\n                                    <label>Necesita licencia PPP:<\/label>\n                                NO            <\/li>\n                    <li class=\"wpuf-field-data wpuf-field-data-checkbox_field\">\n                                    <label>Enfermedades:<\/label>\n                                Ninguna            <\/li>\n                    <li class=\"wpuf-field-data wpuf-field-data-checkbox_field\">\n                                    <label>Se entrega:<\/label>\n                                Con cartilla sanitaria | Vacunado | Microchip            <\/li>\n                    <li class=\"wpuf-field-data wpuf-field-data-checkbox_field\">\n                                    <label>M\u00e1s informaci\u00f3n:<\/label>\n                                Bueno con ni\u00f1os | Bueno en casa | Bueno en el coche | Le gusta pasear | Obediente | Independiente            <\/li>\n                    <li class=\"wpuf-field-data wpuf-field-data-radio_field\">\n                                    <label>Se env\u00eda la mascota:<\/label>\n                                NO            <\/li>\n                    <li class=\"wpuf-field-data wpuf-field-data-radio_field\">\n                                    <label>Origen:<\/label>\n                                Particular            <\/li>\n        <li><label>Fecha de publicaci\u00f3n:<\/label> 10\/03\/2026 19:11<\/li>            <li class=\"wpuf-field-data wpuf-field-data-radio_field\">\n                                    <label>La mascota ha sido adoptada:<\/label>\n                                NO            <\/li>\n                    <li class=\"wpuf-field-data wpuf-field-data-email_address\">\n                                    <label>Direcci\u00f3n de correo:<\/label>\n                                <a href=\"mailto:franyas1986@gmail.com\">franyas1986@gmail.com<\/a>            <\/li>\n                    <li class=\"wpuf-field-data wpuf-field-data-numeric_text_field\">\n                                    <label>Tel\u00e9fono:<\/label>\n                                656562433            <\/li>\n        <\/ul>","protected":false},"excerpt":{"rendered":"<p>LATOYA (Mini bull terrier) Esta mini bull terrier est\u00e1 buscando un hogar donde puedan darle todo el cari\u00f1o que merece. Tiene tan solo 5 a\u00f1os y mucho amor para dar. Es una perrita muy cari\u00f1osa con las personas, le encanta estar acompa\u00f1ada y es s\u00faper agradecida con cualquier mimo. Una de sus cosas favoritas es [&#8230;]\n","protected":false},"featured_media":47975,"template":"","meta":{"_acf_changed":false},"product_brand":[],"product_cat":[15,1000],"product_tag":[],"class_list":{"0":"post-47977","1":"product","2":"type-product","3":"status-publish","4":"has-post-thumbnail","6":"product_cat-adoptar_perro_adoptar_mascota","7":"product_cat-adoptar-perro-gato-adoptar-mascota-es","8":"pa_edad-b","9":"pa_fecha-nacimiento-ano-3397","10":"pa_fecha-nacimiento-mes-05-mayo","11":"pa_provincia-madrid","12":"pa_raza-bull-terrier","13":"pa_sexo-hembra","14":"pa_tamano-b","16":"first","17":"instock","18":"taxable","19":"shipping-taxable","20":"product-type-simple"},"acf":[],"_links":{"self":[{"href":"https:\/\/www.wallamascotas.com\/web3\/wp-json\/wp\/v2\/product\/47977","targetHints":{"allow":["GET"]}}],"collection":[{"href":"https:\/\/www.wallamascotas.com\/web3\/wp-json\/wp\/v2\/product"}],"about":[{"href":"https:\/\/www.wallamascotas.com\/web3\/wp-json\/wp\/v2\/types\/product"}],"wp:featuredmedia":[{"embeddable":true,"href":"https:\/\/www.wallamascotas.com\/web3\/wp-json\/wp\/v2\/media\/47975"}],"wp:attachment":[{"href":"https:\/\/www.wallamascotas.com\/web3\/wp-json\/wp\/v2\/media?parent=47977"}],"wp:term":[{"taxonomy":"product_brand","embeddable":true,"href":"https:\/\/www.wallamascotas.com\/web3\/wp-json\/wp\/v2\/product_brand?post=47977"},{"taxonomy":"product_cat","embeddable":true,"href":"https:\/\/www.wallamascotas.com\/web3\/wp-json\/wp\/v2\/product_cat?post=47977"},{"taxonomy":"product_tag","embeddable":true,"href":"https:\/\/www.wallamascotas.com\/web3\/wp-json\/wp\/v2\/product_tag?post=47977"}],"curies":[{"name":"wp","href":"https:\/\/api.w.org\/{rel}","templated":true}]}}