{"id":47992,"date":"2025-10-15T12:12:53","date_gmt":"2025-10-15T12:12:53","guid":{"rendered":"https:\/\/www.wallamascotas.com\/web3\/?post_type=product&#038;p=47992"},"modified":"2025-10-15T12:12:54","modified_gmt":"2025-10-15T12:12:54","slug":"ovahe-madrid","status":"publish","type":"product","link":"https:\/\/www.wallamascotas.com\/web3\/mascota\/ovahe-madrid\/","title":{"rendered":"OVAHE"},"content":{"rendered":"<p><a href=\"https:\/\/www.wallamascotas.com\/web3\/wp-content\/uploads\/2025\/10\/u2352-IMG-20251006-WA0109.jpg\"><img decoding=\"async\" class=\"attachment-thumbnail size-thumbnail\" src=\"https:\/\/www.wallamascotas.com\/web3\/wp-content\/uploads\/2025\/10\/u2352-IMG-20251006-WA0109-150x150.jpg\" alt=\"\" \/><\/a><a href=\"https:\/\/www.wallamascotas.com\/web3\/wp-content\/uploads\/2025\/10\/u2352-IMG-20250915-WA0067.jpg\"><img decoding=\"async\" class=\"attachment-thumbnail size-thumbnail\" src=\"https:\/\/www.wallamascotas.com\/web3\/wp-content\/uploads\/2025\/10\/u2352-IMG-20250915-WA0067-150x150.jpg\" alt=\"\" \/><\/a><a href=\"https:\/\/www.wallamascotas.com\/web3\/wp-content\/uploads\/2025\/10\/u2352-IMG-20250915-WA0069.jpg\"><img decoding=\"async\" class=\"attachment-thumbnail size-thumbnail\" src=\"https:\/\/www.wallamascotas.com\/web3\/wp-content\/uploads\/2025\/10\/u2352-IMG-20250915-WA0069-150x150.jpg\" alt=\"\" \/><\/a><a href=\"https:\/\/www.wallamascotas.com\/web3\/wp-content\/uploads\/2025\/10\/u2352-IMG-20250915-WA0064.jpg\"><img decoding=\"async\" class=\"attachment-thumbnail size-thumbnail\" src=\"https:\/\/www.wallamascotas.com\/web3\/wp-content\/uploads\/2025\/10\/u2352-IMG-20250915-WA0064-150x150.jpg\" alt=\"\" \/><\/a><a href=\"https:\/\/www.wallamascotas.com\/web3\/wp-content\/uploads\/2025\/10\/u2352-IMG-20251002-WA0055.jpg\"><img decoding=\"async\" class=\"attachment-thumbnail size-thumbnail\" src=\"https:\/\/www.wallamascotas.com\/web3\/wp-content\/uploads\/2025\/10\/u2352-IMG-20251002-WA0055-150x150.jpg\" alt=\"\" \/><\/a><a href=\"https:\/\/www.wallamascotas.com\/web3\/wp-content\/uploads\/2025\/10\/u2352-IMG-20251006-WA0111.jpg\"><img decoding=\"async\" class=\"attachment-thumbnail size-thumbnail\" src=\"https:\/\/www.wallamascotas.com\/web3\/wp-content\/uploads\/2025\/10\/u2352-IMG-20251006-WA0111-150x150.jpg\" alt=\"\" \/><\/a><a href=\"https:\/\/www.wallamascotas.com\/web3\/wp-content\/uploads\/2025\/10\/u2352-IMG-20250915-WA0066.jpg\"><img decoding=\"async\" class=\"attachment-thumbnail size-thumbnail\" src=\"https:\/\/www.wallamascotas.com\/web3\/wp-content\/uploads\/2025\/10\/u2352-IMG-20250915-WA0066-150x150.jpg\" alt=\"\" \/><\/a><a href=\"https:\/\/www.wallamascotas.com\/web3\/wp-content\/uploads\/2025\/10\/u2352-IMG-20250915-WA0062.jpg\"><img decoding=\"async\" class=\"attachment-thumbnail size-thumbnail\" src=\"https:\/\/www.wallamascotas.com\/web3\/wp-content\/uploads\/2025\/10\/u2352-IMG-20250915-WA0062-150x150.jpg\" alt=\"\" \/><\/a><\/p>\n<p>Fue el gato de la familia el que dio la voz de alarma de que algo ocurr\u00eda fuera de la casa, al salir a ver que pasaba escucharon un d\u00e9bil maullido que surg\u00eda de entre los arbustos, al retirar las ramas descubrieron una gatita flaca y con el rabito sangrando, nadie la hab\u00eda visto antes, ni sab\u00edan de la existencia de alguna gata gestante por los alrededores; al verla tan desamparada la recogieron y la llevaron al veterinario. Ahora Ovahe ya perfectamente recuperada espera una familia que escriba el siguiente cap\u00edtulo de su vida m\u00e1s feliz y esperanzador de c\u00f3mo comenz\u00f3 el pr\u00f3logo. Ovahe es una gatita de 3 meses, sociable y cari\u00f1osa, se dan en adopci\u00f3n con chip, testado de inmuno y leucemia (negativo), con las vacunas de trivalente y leucemia y esterilizado cuando tengan edad.<\/p>\n<p>&nbsp;<\/p>\n<p><a href=\"https:\/\/www.wallamascotas.com\/web3\/wp-content\/uploads\/2025\/10\/u2352-IMG-20251014-WA0092.jpg\"><img decoding=\"async\" class=\"attachment-thumbnail size-thumbnail\" src=\"https:\/\/www.wallamascotas.com\/web3\/wp-content\/uploads\/2025\/10\/u2352-IMG-20251014-WA0092-150x150.jpg\" alt=\"\" \/><\/a><a href=\"https:\/\/www.wallamascotas.com\/web3\/wp-content\/uploads\/2025\/10\/u2352-IMG-20251014-WA0094-rotated.jpg\"><img decoding=\"async\" class=\"attachment-thumbnail size-thumbnail\" src=\"https:\/\/www.wallamascotas.com\/web3\/wp-content\/uploads\/2025\/10\/u2352-IMG-20251014-WA0094-150x150.jpg\" alt=\"\" \/><\/a><a href=\"https:\/\/www.wallamascotas.com\/web3\/wp-content\/uploads\/2025\/10\/u2352-IMG-20251014-WA0095.jpg\"><img decoding=\"async\" class=\"attachment-thumbnail size-thumbnail\" src=\"https:\/\/www.wallamascotas.com\/web3\/wp-content\/uploads\/2025\/10\/u2352-IMG-20251014-WA0095-150x150.jpg\" alt=\"\" \/><\/a><a href=\"https:\/\/www.wallamascotas.com\/web3\/wp-content\/uploads\/2025\/10\/u2352-IMG-20251014-WA0094-1-rotated.jpg\"><img decoding=\"async\" class=\"attachment-thumbnail size-thumbnail\" src=\"https:\/\/www.wallamascotas.com\/web3\/wp-content\/uploads\/2025\/10\/u2352-IMG-20251014-WA0094-1-150x150.jpg\" alt=\"\" \/><\/a><\/p>\n<ul class=\"wpuf_customs\">            <li class=\"wpuf-field-data wpuf-field-data-radio_field\">\n                                    <label>Tipo:<\/label>\n                                Gato            <\/li>\n                    <li class=\"wpuf-field-data wpuf-field-data-radio_field\">\n                                    <label>Es un perro:<\/label>\n                                Desconocido            <\/li>\n                    <li class=\"wpuf-field-data wpuf-field-data-radio_field\">\n                                    <label>Amigable con perros:<\/label>\n                                Desconocido            <\/li>\n                    <li class=\"wpuf-field-data wpuf-field-data-radio_field\">\n                                    <label>Con personas extra\u00f1as:<\/label>\n                                Desconocido            <\/li>\n                    <li class=\"wpuf-field-data wpuf-field-data-radio_field\">\n                                    <label>Ladrador:<\/label>\n                                Desconocido            <\/li>\n                    <li class=\"wpuf-field-data wpuf-field-data-radio_field\">\n                                    <label>Necesita licencia PPP:<\/label>\n                                NO            <\/li>\n                    <li class=\"wpuf-field-data wpuf-field-data-checkbox_field\">\n                                    <label>Enfermedades:<\/label>\n                                Ninguna            <\/li>\n                    <li class=\"wpuf-field-data wpuf-field-data-checkbox_field\">\n                                    <label>Se entrega:<\/label>\n                                Con cartilla sanitaria | Vacunado | Desparasitado | Microchip            <\/li>\n                    <li class=\"wpuf-field-data wpuf-field-data-checkbox_field\">\n                                    <label>M\u00e1s informaci\u00f3n:<\/label>\n                                Bueno con gatos | Bueno con ni\u00f1os | Bueno en casa            <\/li>\n                    <li class=\"wpuf-field-data wpuf-field-data-radio_field\">\n                                    <label>Se env\u00eda la mascota:<\/label>\n                                SI            <\/li>\n                    <li class=\"wpuf-field-data wpuf-field-data-radio_field\">\n                                    <label>En caso de env\u00edo, detallar:<\/label>\n                                A otra CCAA espa\u00f1ola            <\/li>\n                    <li class=\"wpuf-field-data wpuf-field-data-radio_field\">\n                                    <label>Origen:<\/label>\n                                Particular            <\/li>\n        <li><label>Fecha de publicaci\u00f3n:<\/label> 14\/10\/2025 00:00<\/li>            <li class=\"wpuf-field-data wpuf-field-data-radio_field\">\n                                    <label>La mascota ha sido adoptada:<\/label>\n                                NO            <\/li>\n                    <li class=\"wpuf-field-data wpuf-field-data-email_address\">\n                                    <label>Direcci\u00f3n de correo:<\/label>\n                                <a href=\"mailto:volveraempezar8@gmail.com\">volveraempezar8@gmail.com<\/a>            <\/li>\n                    <li class=\"wpuf-field-data wpuf-field-data-numeric_text_field\">\n                                    <label>Tel\u00e9fono:<\/label>\n                                639725528            <\/li>\n        <\/ul>","protected":false},"excerpt":{"rendered":"<p>Fue el gato de la familia el que dio la voz de alarma de que algo ocurr\u00eda fuera de la casa, al salir a ver que pasaba escucharon un d\u00e9bil maullido que surg\u00eda de entre los arbustos, al retirar las ramas descubrieron una gatita flaca y con el rabito sangrando, nadie la hab\u00eda visto antes, [&#8230;]\n","protected":false},"featured_media":47982,"template":"","meta":{"_acf_changed":false},"product_brand":[],"product_cat":[16,1000],"product_tag":[],"class_list":{"0":"post-47992","1":"product","2":"type-product","3":"status-publish","4":"has-post-thumbnail","6":"product_cat-adoptargato","7":"product_cat-adoptar-perro-gato-adoptar-mascota-es","8":"pa_edad-a","9":"pa_fecha-nacimiento-ano-3513","10":"pa_fecha-nacimiento-mes-08-agosto","11":"pa_provincia-madrid","12":"pa_raza-gato-comun","13":"pa_sexo-hembra","14":"pa_tamano-b","16":"first","17":"instock","18":"taxable","19":"shipping-taxable","20":"product-type-simple"},"acf":[],"_links":{"self":[{"href":"https:\/\/www.wallamascotas.com\/web3\/wp-json\/wp\/v2\/product\/47992","targetHints":{"allow":["GET"]}}],"collection":[{"href":"https:\/\/www.wallamascotas.com\/web3\/wp-json\/wp\/v2\/product"}],"about":[{"href":"https:\/\/www.wallamascotas.com\/web3\/wp-json\/wp\/v2\/types\/product"}],"wp:featuredmedia":[{"embeddable":true,"href":"https:\/\/www.wallamascotas.com\/web3\/wp-json\/wp\/v2\/media\/47982"}],"wp:attachment":[{"href":"https:\/\/www.wallamascotas.com\/web3\/wp-json\/wp\/v2\/media?parent=47992"}],"wp:term":[{"taxonomy":"product_brand","embeddable":true,"href":"https:\/\/www.wallamascotas.com\/web3\/wp-json\/wp\/v2\/product_brand?post=47992"},{"taxonomy":"product_cat","embeddable":true,"href":"https:\/\/www.wallamascotas.com\/web3\/wp-json\/wp\/v2\/product_cat?post=47992"},{"taxonomy":"product_tag","embeddable":true,"href":"https:\/\/www.wallamascotas.com\/web3\/wp-json\/wp\/v2\/product_tag?post=47992"}],"curies":[{"name":"wp","href":"https:\/\/api.w.org\/{rel}","templated":true}]}}