{"id":48016,"date":"2025-10-17T08:02:12","date_gmt":"2025-10-17T08:02:12","guid":{"rendered":"https:\/\/www.wallamascotas.com\/web3\/?post_type=product&#038;p=48016"},"modified":"2025-10-17T08:02:14","modified_gmt":"2025-10-17T08:02:14","slug":"lua-barcelona-2","status":"publish","type":"product","link":"https:\/\/www.wallamascotas.com\/web3\/mascota\/lua-barcelona-2\/","title":{"rendered":"LUA"},"content":{"rendered":"<p>L\u00faa es una gatita tricolor de 5 a\u00f1os, muy especial, sensible y buena. Le gusta recibir muchos mimos y besos y dormir con su due\u00f1o. No le gustan otros gatos, es muy independiente y prefiere estar sola con su due\u00f1o. Nunca ha estado ni con ni\u00f1os ni con perros ni otros animales. Es una gatita muy buena nunca rompe ni toca nada y solo rasca su rascador.<\/p>\n<p>Es muy especial y sensible porque cuando se la rescat\u00f3 de la calle ten\u00eda todo el cuello en carne viva debido a los picores que le generan la alergia alimentaria. Y ni tiene ni le saldr\u00e1 m\u00e1s pelo en el cuello.<\/p>\n<p>S\u00f3lo come su pienso hipoalerg\u00e9nico y pescadito por los problemas de alergia.\u00a0 Actualmente por motivos de salud y cambio de piso no puedo tenerla. As\u00ed que busco un adoptante para ella que tenga paciencia con ella hasta que se adapte al cambio. Y que la vaya a querer como un miembro m\u00e1s de su familia.<\/p>\n<ul class=\"wpuf_customs\">            <li class=\"wpuf-field-data wpuf-field-data-radio_field\">\n                                    <label>Tipo:<\/label>\n                                Gato            <\/li>\n                    <li class=\"wpuf-field-data wpuf-field-data-radio_field\">\n                                    <label>Es un perro:<\/label>\n                                Tranquilo            <\/li>\n                    <li class=\"wpuf-field-data wpuf-field-data-radio_field\">\n                                    <label>Amigable con perros:<\/label>\n                                Desconocido            <\/li>\n                    <li class=\"wpuf-field-data wpuf-field-data-radio_field\">\n                                    <label>Con personas extra\u00f1as:<\/label>\n                                Miedoso            <\/li>\n                    <li class=\"wpuf-field-data wpuf-field-data-radio_field\">\n                                    <label>Ladrador:<\/label>\n                                Calladito            <\/li>\n                    <li class=\"wpuf-field-data wpuf-field-data-radio_field\">\n                                    <label>Necesita licencia PPP:<\/label>\n                                NO            <\/li>\n                    <li class=\"wpuf-field-data wpuf-field-data-checkbox_field\">\n                                    <label>Enfermedades:<\/label>\n                                Alergias            <\/li>\n                    <li class=\"wpuf-field-data wpuf-field-data-checkbox_field\">\n                                    <label>Se entrega:<\/label>\n                                Con cartilla sanitaria | Vacunado | Esterilizado | Desparasitado | Microchip            <\/li>\n                    <li class=\"wpuf-field-data wpuf-field-data-checkbox_field\">\n                                    <label>M\u00e1s informaci\u00f3n:<\/label>\n                                Bueno en casa | Bueno en el coche | Independiente            <\/li>\n                    <li class=\"wpuf-field-data wpuf-field-data-radio_field\">\n                                    <label>Se env\u00eda la mascota:<\/label>\n                                NO            <\/li>\n                    <li class=\"wpuf-field-data wpuf-field-data-radio_field\">\n                                    <label>Origen:<\/label>\n                                Particular            <\/li>\n        <li><label>Fecha de publicaci\u00f3n:<\/label> 15\/10\/25<\/li>            <li class=\"wpuf-field-data wpuf-field-data-radio_field\">\n                                    <label>La mascota ha sido adoptada:<\/label>\n                                NO            <\/li>\n                    <li class=\"wpuf-field-data wpuf-field-data-email_address\">\n                                    <label>Direcci\u00f3n de correo:<\/label>\n                                <a href=\"mailto:locuelayoli1105@gmail.com\">locuelayoli1105@gmail.com<\/a>            <\/li>\n                    <li class=\"wpuf-field-data wpuf-field-data-numeric_text_field\">\n                                    <label>Tel\u00e9fono:<\/label>\n                                642975500            <\/li>\n        <\/ul>","protected":false},"excerpt":{"rendered":"<p>L\u00faa es una gatita tricolor de 5 a\u00f1os, muy especial, sensible y buena. Le gusta recibir muchos mimos y besos y dormir con su due\u00f1o. No le gustan otros gatos, es muy independiente y prefiere estar sola con su due\u00f1o. Nunca ha estado ni con ni\u00f1os ni con perros ni otros animales. Es una gatita [&#8230;]\n","protected":false},"featured_media":48015,"template":"","meta":{"_acf_changed":false},"product_brand":[],"product_cat":[16,1000],"product_tag":[],"class_list":{"0":"post-48016","1":"product","2":"type-product","3":"status-publish","4":"has-post-thumbnail","6":"product_cat-adoptargato","7":"product_cat-adoptar-perro-gato-adoptar-mascota-es","8":"pa_edad-b","9":"pa_fecha-nacimiento-ano-3397","10":"pa_fecha-nacimiento-mes-09-septiembre","11":"pa_provincia-barcelona","12":"pa_raza-gato-comun","13":"pa_sexo-hembra","14":"pa_tamano-b","16":"first","17":"instock","18":"taxable","19":"shipping-taxable","20":"product-type-simple"},"acf":[],"_links":{"self":[{"href":"https:\/\/www.wallamascotas.com\/web3\/wp-json\/wp\/v2\/product\/48016","targetHints":{"allow":["GET"]}}],"collection":[{"href":"https:\/\/www.wallamascotas.com\/web3\/wp-json\/wp\/v2\/product"}],"about":[{"href":"https:\/\/www.wallamascotas.com\/web3\/wp-json\/wp\/v2\/types\/product"}],"wp:featuredmedia":[{"embeddable":true,"href":"https:\/\/www.wallamascotas.com\/web3\/wp-json\/wp\/v2\/media\/48015"}],"wp:attachment":[{"href":"https:\/\/www.wallamascotas.com\/web3\/wp-json\/wp\/v2\/media?parent=48016"}],"wp:term":[{"taxonomy":"product_brand","embeddable":true,"href":"https:\/\/www.wallamascotas.com\/web3\/wp-json\/wp\/v2\/product_brand?post=48016"},{"taxonomy":"product_cat","embeddable":true,"href":"https:\/\/www.wallamascotas.com\/web3\/wp-json\/wp\/v2\/product_cat?post=48016"},{"taxonomy":"product_tag","embeddable":true,"href":"https:\/\/www.wallamascotas.com\/web3\/wp-json\/wp\/v2\/product_tag?post=48016"}],"curies":[{"name":"wp","href":"https:\/\/api.w.org\/{rel}","templated":true}]}}