{"id":48119,"date":"2025-10-24T07:26:02","date_gmt":"2025-10-24T07:26:02","guid":{"rendered":"https:\/\/www.wallamascotas.com\/web3\/?post_type=product&#038;p=48119"},"modified":"2025-10-24T07:26:04","modified_gmt":"2025-10-24T07:26:04","slug":"osita-barcelona","status":"publish","type":"product","link":"https:\/\/www.wallamascotas.com\/web3\/mascota\/osita-barcelona\/","title":{"rendered":"OSITA"},"content":{"rendered":"<p>Esta es Osita una perrita mezcla de husky- b\u00f3xer\/pitbull. Tiene los ojos bicolor.<\/p>\n<p>Es una perrita muy cari\u00f1osa y juguetona, sobre todo con pelotas y paseando, por desgracia en casa no se puede quedar porque no les permiten tener perros y\u00a0 su due\u00f1o no tiene tiempo para ella. Se lleva muy bien con gatos y perros, tiene un hermanito que si se pueden adoptar juntos mejor, pero tambi\u00e9n puede adoptarse sola. Necesita mucho amor y cari\u00f1o, es muy tranquila y d\u00f3cil, le gustan mucho las chuches y\u00a0 hacer trucos.<\/p>\n<p>La adopci\u00f3n es urgente, por favor necesitamos que alguien lo adopte urgentemente y que le d\u00e9 mucho amor y tenga ganas de tener una perrita cari\u00f1osa.<\/p>\n<p>Si quieren m\u00e1s fotos se las enviamos.<\/p>\n<p>CONTACTAR SOLO POR MENSAJE DE WHATSAPP<\/p>\n<p><a href=\"https:\/\/www.wallamascotas.com\/web3\/wp-content\/uploads\/2025\/10\/u2892-IMG_8239-scaled.jpeg\"><img decoding=\"async\" class=\"attachment-thumbnail size-thumbnail\" src=\"https:\/\/www.wallamascotas.com\/web3\/wp-content\/uploads\/2025\/10\/u2892-IMG_8239-150x150.jpeg\" alt=\"\" \/><\/a><a href=\"https:\/\/www.wallamascotas.com\/web3\/wp-content\/uploads\/2025\/10\/u2892-IMG_8159-scaled.jpeg\"><img decoding=\"async\" class=\"attachment-thumbnail size-thumbnail\" src=\"https:\/\/www.wallamascotas.com\/web3\/wp-content\/uploads\/2025\/10\/u2892-IMG_8159-150x150.jpeg\" alt=\"\" \/><\/a><\/p>\n<ul class=\"wpuf_customs\">            <li class=\"wpuf-field-data wpuf-field-data-radio_field\">\n                                    <label>Tipo:<\/label>\n                                Perro            <\/li>\n                    <li class=\"wpuf-field-data wpuf-field-data-radio_field\">\n                                    <label>Es un perro:<\/label>\n                                Cari\u00f1oso            <\/li>\n                    <li class=\"wpuf-field-data wpuf-field-data-radio_field\">\n                                    <label>Amigable con perros:<\/label>\n                                Es amigo de tod@s            <\/li>\n                    <li class=\"wpuf-field-data wpuf-field-data-radio_field\">\n                                    <label>Con personas extra\u00f1as:<\/label>\n                                Amigable            <\/li>\n                    <li class=\"wpuf-field-data wpuf-field-data-radio_field\">\n                                    <label>Ladrador:<\/label>\n                                Calladito            <\/li>\n                    <li class=\"wpuf-field-data wpuf-field-data-radio_field\">\n                                    <label>Necesita licencia PPP:<\/label>\n                                NO            <\/li>\n                    <li class=\"wpuf-field-data wpuf-field-data-checkbox_field\">\n                                    <label>Enfermedades:<\/label>\n                                Ninguna            <\/li>\n                    <li class=\"wpuf-field-data wpuf-field-data-checkbox_field\">\n                                    <label>Se entrega:<\/label>\n                                Con cartilla sanitaria | Vacunado | Desparasitado | Microchip            <\/li>\n                    <li class=\"wpuf-field-data wpuf-field-data-checkbox_field\">\n                                    <label>M\u00e1s informaci\u00f3n:<\/label>\n                                Bueno con perros | Bueno con gatos | Bueno en casa | Le gusta pasear | Obediente | Independiente            <\/li>\n                    <li class=\"wpuf-field-data wpuf-field-data-radio_field\">\n                                    <label>Se env\u00eda la mascota:<\/label>\n                                SI            <\/li>\n                    <li class=\"wpuf-field-data wpuf-field-data-radio_field\">\n                                    <label>En caso de env\u00edo, detallar:<\/label>\n                                Dentro de la provincia            <\/li>\n                    <li class=\"wpuf-field-data wpuf-field-data-radio_field\">\n                                    <label>Origen:<\/label>\n                                Particular            <\/li>\n        <li><label>Fecha de publicaci\u00f3n:<\/label> 23\/10\/2025 00:00<\/li>            <li class=\"wpuf-field-data wpuf-field-data-radio_field\">\n                                    <label>La mascota ha sido adoptada:<\/label>\n                                NO            <\/li>\n                    <li class=\"wpuf-field-data wpuf-field-data-email_address\">\n                                    <label>Direcci\u00f3n de correo:<\/label>\n                                <a href=\"mailto:britneyelizaldebarrera7@gmail.com\">britneyelizaldebarrera7@gmail.com<\/a>            <\/li>\n                    <li class=\"wpuf-field-data wpuf-field-data-numeric_text_field\">\n                                    <label>Tel\u00e9fono:<\/label>\n                                622372447            <\/li>\n        <\/ul>","protected":false},"excerpt":{"rendered":"<p>Esta es Osita una perrita mezcla de husky- b\u00f3xer\/pitbull. Tiene los ojos bicolor. Es una perrita muy cari\u00f1osa y juguetona, sobre todo con pelotas y paseando, por desgracia en casa no se puede quedar porque no les permiten tener perros y\u00a0 su due\u00f1o no tiene tiempo para ella. Se lleva muy bien con gatos y [&#8230;]\n","protected":false},"featured_media":48116,"template":"","meta":{"_acf_changed":false},"product_brand":[],"product_cat":[15,1000],"product_tag":[],"class_list":{"0":"post-48119","1":"product","2":"type-product","3":"status-publish","4":"has-post-thumbnail","6":"product_cat-adoptar_perro_adoptar_mascota","7":"product_cat-adoptar-perro-gato-adoptar-mascota-es","8":"pa_edad-b","9":"pa_fecha-nacimiento-ano-3447","10":"pa_fecha-nacimiento-mes-01-enero","11":"pa_provincia-barcelona","12":"pa_raza-mestizo","13":"pa_sexo-hembra","14":"pa_tamano-c","16":"first","17":"instock","18":"taxable","19":"shipping-taxable","20":"product-type-simple"},"acf":[],"_links":{"self":[{"href":"https:\/\/www.wallamascotas.com\/web3\/wp-json\/wp\/v2\/product\/48119","targetHints":{"allow":["GET"]}}],"collection":[{"href":"https:\/\/www.wallamascotas.com\/web3\/wp-json\/wp\/v2\/product"}],"about":[{"href":"https:\/\/www.wallamascotas.com\/web3\/wp-json\/wp\/v2\/types\/product"}],"wp:featuredmedia":[{"embeddable":true,"href":"https:\/\/www.wallamascotas.com\/web3\/wp-json\/wp\/v2\/media\/48116"}],"wp:attachment":[{"href":"https:\/\/www.wallamascotas.com\/web3\/wp-json\/wp\/v2\/media?parent=48119"}],"wp:term":[{"taxonomy":"product_brand","embeddable":true,"href":"https:\/\/www.wallamascotas.com\/web3\/wp-json\/wp\/v2\/product_brand?post=48119"},{"taxonomy":"product_cat","embeddable":true,"href":"https:\/\/www.wallamascotas.com\/web3\/wp-json\/wp\/v2\/product_cat?post=48119"},{"taxonomy":"product_tag","embeddable":true,"href":"https:\/\/www.wallamascotas.com\/web3\/wp-json\/wp\/v2\/product_tag?post=48119"}],"curies":[{"name":"wp","href":"https:\/\/api.w.org\/{rel}","templated":true}]}}