{"id":48121,"date":"2025-10-24T07:30:43","date_gmt":"2025-10-24T07:30:43","guid":{"rendered":"https:\/\/www.wallamascotas.com\/web3\/?post_type=product&#038;p=48121"},"modified":"2025-10-24T07:30:44","modified_gmt":"2025-10-24T07:30:44","slug":"oreo-madrid","status":"publish","type":"product","link":"https:\/\/www.wallamascotas.com\/web3\/mascota\/oreo-madrid\/","title":{"rendered":"OREO"},"content":{"rendered":"<p>Oreo un amor de gatito junto con su hermano Dorito un rubio incre\u00edble los dos un par de guapos<\/p>\n<p>Muy juguetones , acostumbrados a mis gatos y perras<\/p>\n<p>Para mas informaci\u00f3n o fotos por whassap<\/p>\n<p>ADOPCI\u00d3N RESPONSABLE<\/p>\n","protected":false},"excerpt":{"rendered":"<p>Oreo un amor de gatito junto con su hermano Dorito un rubio incre\u00edble los dos un par de guapos Muy juguetones , acostumbrados a mis gatos y perras Para mas informaci\u00f3n o fotos por whassap ADOPCI\u00d3N RESPONSABLE<\/p>\n","protected":false},"featured_media":48120,"template":"","meta":{"_acf_changed":false},"product_brand":[],"product_cat":[16,1000],"product_tag":[],"class_list":{"0":"post-48121","1":"product","2":"type-product","3":"status-publish","4":"has-post-thumbnail","6":"product_cat-adoptargato","7":"product_cat-adoptar-perro-gato-adoptar-mascota-es","8":"pa_edad-a","9":"pa_fecha-nacimiento-ano-3513","10":"pa_fecha-nacimiento-mes-08-agosto","11":"pa_provincia-madrid","12":"pa_raza-gato-comun-europeo","13":"pa_sexo-macho","14":"pa_tamano-b","16":"first","17":"instock","18":"taxable","19":"shipping-taxable","20":"product-type-simple"},"acf":[],"_links":{"self":[{"href":"https:\/\/www.wallamascotas.com\/web3\/wp-json\/wp\/v2\/product\/48121","targetHints":{"allow":["GET"]}}],"collection":[{"href":"https:\/\/www.wallamascotas.com\/web3\/wp-json\/wp\/v2\/product"}],"about":[{"href":"https:\/\/www.wallamascotas.com\/web3\/wp-json\/wp\/v2\/types\/product"}],"wp:featuredmedia":[{"embeddable":true,"href":"https:\/\/www.wallamascotas.com\/web3\/wp-json\/wp\/v2\/media\/48120"}],"wp:attachment":[{"href":"https:\/\/www.wallamascotas.com\/web3\/wp-json\/wp\/v2\/media?parent=48121"}],"wp:term":[{"taxonomy":"product_brand","embeddable":true,"href":"https:\/\/www.wallamascotas.com\/web3\/wp-json\/wp\/v2\/product_brand?post=48121"},{"taxonomy":"product_cat","embeddable":true,"href":"https:\/\/www.wallamascotas.com\/web3\/wp-json\/wp\/v2\/product_cat?post=48121"},{"taxonomy":"product_tag","embeddable":true,"href":"https:\/\/www.wallamascotas.com\/web3\/wp-json\/wp\/v2\/product_tag?post=48121"}],"curies":[{"name":"wp","href":"https:\/\/api.w.org\/{rel}","templated":true}]}}