{"id":48289,"date":"2026-02-17T16:26:05","date_gmt":"2026-02-17T16:26:05","guid":{"rendered":"https:\/\/www.wallamascotas.com\/web3\/?post_type=product&#038;p=48289"},"modified":"2026-02-17T16:26:06","modified_gmt":"2026-02-17T16:26:06","slug":"bru","status":"publish","type":"product","link":"https:\/\/www.wallamascotas.com\/web3\/mascota\/bru\/","title":{"rendered":"BRU"},"content":{"rendered":"<p><a href=\"https:\/\/www.wallamascotas.com\/web3\/wp-content\/uploads\/2026\/02\/u1748-5186-2-scaled.jpg\"><img decoding=\"async\" class=\"attachment-thumbnail size-thumbnail\" src=\"https:\/\/www.wallamascotas.com\/web3\/wp-content\/uploads\/2026\/02\/u1748-5186-2-150x150.jpg\" alt=\"\" \/><\/a><\/p>\n<p>BRU, necesita hogar!!!<\/p>\n<p>Lleva siete a\u00f1os en la protectora, parece ser invisible\ud83d\ude22, es una pena porque el que conozca a BRU quedar\u00e1 alucinado de su forma de ser.<\/p>\n<p>Es alucinante la bondad que tiene, no nos pierde paso cuando estamos limpiando y haciendo las tareas del d\u00eda a d\u00eda en el refugio, es amigable y social con todos sus compa\u00f1eros, con qui\u00e9n les visita, &#8230;no se merece estar en un fr\u00edo chenil.<\/p>\n<p>Ojal\u00e1 Dios quiera encuentre esa familia que se merece!!! Y le haga feliz el resto de la vida.<\/p>\n<p>Es positivo a lesmania, pero en su caso solo conlleva una pastilla diaria , solo le afect\u00f3 a su piel pero est\u00e1 recuperado del todo y no tiene ning\u00fan signo de la enfermedad.<\/p>\n<p>Si eres esa familia o persona que quieras conocerle, no dud\u00e9is en escribirnos\ud83d\ude4f, pod\u00e9is verle, pod\u00e9is visitarle,\u00a0 \u00a0o podemos mandaros videos para que lo ve\u00e1is\u00a0 en persona.<\/p>\n<blockquote><p>Animaros!!! BRU es un ser incre\u00edble.<\/p><\/blockquote>\n<ul class=\"wpuf_customs\">            <li class=\"wpuf-field-data wpuf-field-data-radio_field\">\n                                    <label>Tipo:<\/label>\n                                Perro            <\/li>\n                    <li class=\"wpuf-field-data wpuf-field-data-radio_field\">\n                                    <label>Es un perro:<\/label>\n                                Tranquilo            <\/li>\n                    <li class=\"wpuf-field-data wpuf-field-data-radio_field\">\n                                    <label>Amigable con perros:<\/label>\n                                Es amigo de tod@s            <\/li>\n                    <li class=\"wpuf-field-data wpuf-field-data-radio_field\">\n                                    <label>Con personas extra\u00f1as:<\/label>\n                                Amigable            <\/li>\n                    <li class=\"wpuf-field-data wpuf-field-data-radio_field\">\n                                    <label>Ladrador:<\/label>\n                                Desconocido            <\/li>\n                    <li class=\"wpuf-field-data wpuf-field-data-radio_field\">\n                                    <label>Necesita licencia PPP:<\/label>\n                                NO            <\/li>\n                    <li class=\"wpuf-field-data wpuf-field-data-checkbox_field\">\n                                    <label>Enfermedades:<\/label>\n                                Positivo en Leishmania            <\/li>\n                    <li class=\"wpuf-field-data wpuf-field-data-checkbox_field\">\n                                    <label>Se entrega:<\/label>\n                                Con cartilla sanitaria | Vacunado | Esterilizado | Desparasitado | Microchip            <\/li>\n                    <li class=\"wpuf-field-data wpuf-field-data-checkbox_field\">\n                                    <label>M\u00e1s informaci\u00f3n:<\/label>\n                                Bueno con perros | Bueno con gatos | Bueno con ni\u00f1os | Bueno en casa | Bueno en el coche | Le gusta pasear | Obediente            <\/li>\n                    <li class=\"wpuf-field-data wpuf-field-data-radio_field\">\n                                    <label>Se env\u00eda la mascota:<\/label>\n                                NO            <\/li>\n                    <li class=\"wpuf-field-data wpuf-field-data-radio_field\">\n                                    <label>Origen:<\/label>\n                                Asociaci\u00f3n            <\/li>\n        <li><label>Fecha de publicaci\u00f3n:<\/label> 07\/11\/2025 00:00<\/li>            <li class=\"wpuf-field-data wpuf-field-data-radio_field\">\n                                    <label>La mascota ha sido adoptada:<\/label>\n                                NO            <\/li>\n                    <li class=\"wpuf-field-data wpuf-field-data-email_address\">\n                                    <label>Direcci\u00f3n de correo:<\/label>\n                                <a href=\"mailto:asociacionvipa@gmail.com\">asociacionvipa@gmail.com<\/a>            <\/li>\n        <\/ul>","protected":false},"excerpt":{"rendered":"<p>BRU, necesita hogar!!! Lleva siete a\u00f1os en la protectora, parece ser invisible\ud83d\ude22, es una pena porque el que conozca a BRU quedar\u00e1 alucinado de su forma de ser. Es alucinante la bondad que tiene, no nos pierde paso cuando estamos limpiando y haciendo las tareas del d\u00eda a d\u00eda en el refugio, es amigable y [&#8230;]\n","protected":false},"featured_media":50622,"template":"","meta":{"_acf_changed":false},"product_brand":[],"product_cat":[15,1000],"product_tag":[],"class_list":{"0":"post-48289","1":"product","2":"type-product","3":"status-publish","4":"has-post-thumbnail","6":"product_cat-adoptar_perro_adoptar_mascota","7":"product_cat-adoptar-perro-gato-adoptar-mascota-es","8":"pa_edad-b","9":"pa_fecha-nacimiento-ano-3399","10":"pa_fecha-nacimiento-mes-10-octubre","11":"pa_origen-villarubia-proteccion-animal-vipa","12":"pa_provincia-ciudad-real","13":"pa_raza-mestizo","14":"pa_sexo-macho","15":"pa_tamano-c","17":"first","18":"instock","19":"taxable","20":"shipping-taxable","21":"product-type-simple"},"acf":[],"_links":{"self":[{"href":"https:\/\/www.wallamascotas.com\/web3\/wp-json\/wp\/v2\/product\/48289","targetHints":{"allow":["GET"]}}],"collection":[{"href":"https:\/\/www.wallamascotas.com\/web3\/wp-json\/wp\/v2\/product"}],"about":[{"href":"https:\/\/www.wallamascotas.com\/web3\/wp-json\/wp\/v2\/types\/product"}],"wp:featuredmedia":[{"embeddable":true,"href":"https:\/\/www.wallamascotas.com\/web3\/wp-json\/wp\/v2\/media\/50622"}],"wp:attachment":[{"href":"https:\/\/www.wallamascotas.com\/web3\/wp-json\/wp\/v2\/media?parent=48289"}],"wp:term":[{"taxonomy":"product_brand","embeddable":true,"href":"https:\/\/www.wallamascotas.com\/web3\/wp-json\/wp\/v2\/product_brand?post=48289"},{"taxonomy":"product_cat","embeddable":true,"href":"https:\/\/www.wallamascotas.com\/web3\/wp-json\/wp\/v2\/product_cat?post=48289"},{"taxonomy":"product_tag","embeddable":true,"href":"https:\/\/www.wallamascotas.com\/web3\/wp-json\/wp\/v2\/product_tag?post=48289"}],"curies":[{"name":"wp","href":"https:\/\/api.w.org\/{rel}","templated":true}]}}