{"id":48317,"date":"2025-11-11T15:17:23","date_gmt":"2025-11-11T15:17:23","guid":{"rendered":"https:\/\/www.wallamascotas.com\/web3\/?post_type=product&#038;p=48317"},"modified":"2025-11-11T15:17:24","modified_gmt":"2025-11-11T15:17:24","slug":"wanda-y-kookie-madrid","status":"publish","type":"product","link":"https:\/\/www.wallamascotas.com\/web3\/mascota\/wanda-y-kookie-madrid\/","title":{"rendered":"WANDA y KOOKIE"},"content":{"rendered":"<p>Hola, estas son Wanda(la m\u00e1s gris, ella es s\u00faper tranquila y le gusta los mimos y dormir junto a la persona) y kookie(la que es m\u00e1s blanca, le encanta los besos y los mimos, le gusta maullar a veces simplemente por llamar la atenci\u00f3n tuya), ambas son hembras y hermanas, tienen un a\u00f1o y dos meses. Son de la misma camada y son hermanitas, es una adopci\u00f3n doble.<\/p>\n<p>son demasiado cari\u00f1osas, les gustan los mimos y son muy tranquilas (demasiado dir\u00eda yo para una gatita) les gusta estar en casa y Wanda (la gata m\u00e1s gris) llama la atenci\u00f3n cuando quiere cari\u00f1itos. Son mis beb\u00e9s, son demasiado buenas.<\/p>\n<p>se preguntaran porque las doy en adopci\u00f3n despu\u00e9s de mucho tiempo, estoy pasando por un mes ment\u00f3 dif\u00edcil en mi vida y sin trabajo para mantenerlas no puedo estar estar con ellas, me mudo de comunidad porque tengo familia fuera de Madrid y quisiera que estas ni\u00f1as hermosas quedar\u00e1n juntas y en una buena familia que les pueda dar todo el cari\u00f1o y la atenci\u00f3n que se merecen.<\/p>\n<p>son nerviosas cuando ven a alguien nuevo ( como todo animalito) pero en cuanto agarran confianza, quieren mimos y llaman la atenci\u00f3n de la gente, no son groseras y no muerden, nunca las ense\u00f1e a eso.<\/p>\n<p>est\u00e1n castradas y tienen una vacuna de las muchas que le faltan (ya que no ver podido tenerlas mejor) tienen su cart\u00f3n y no tiene chip.<\/p>\n<p>se entregar\u00eda con sus juguetes, su fuente de agua, su arenero y sus platos de comida.<\/p>\n<p>solo quieren amor y una buena familia que no las separe, gracias!<\/p>\n<ul class=\"wpuf_customs\">            <li class=\"wpuf-field-data wpuf-field-data-radio_field\">\n                                    <label>Tipo:<\/label>\n                                Gato            <\/li>\n                    <li class=\"wpuf-field-data wpuf-field-data-radio_field\">\n                                    <label>Es un perro:<\/label>\n                                Tranquilo            <\/li>\n                    <li class=\"wpuf-field-data wpuf-field-data-radio_field\">\n                                    <label>Amigable con perros:<\/label>\n                                Mejor no cruzarse con ninguno            <\/li>\n                    <li class=\"wpuf-field-data wpuf-field-data-radio_field\">\n                                    <label>Con personas extra\u00f1as:<\/label>\n                                Amigable            <\/li>\n                    <li class=\"wpuf-field-data wpuf-field-data-radio_field\">\n                                    <label>Ladrador:<\/label>\n                                Calladito            <\/li>\n                    <li class=\"wpuf-field-data wpuf-field-data-radio_field\">\n                                    <label>Necesita licencia PPP:<\/label>\n                                NO            <\/li>\n                    <li class=\"wpuf-field-data wpuf-field-data-checkbox_field\">\n                                    <label>Enfermedades:<\/label>\n                                Ninguna            <\/li>\n                    <li class=\"wpuf-field-data wpuf-field-data-checkbox_field\">\n                                    <label>Se entrega:<\/label>\n                                Con cartilla sanitaria | Esterilizado | Desparasitado            <\/li>\n                    <li class=\"wpuf-field-data wpuf-field-data-checkbox_field\">\n                                    <label>M\u00e1s informaci\u00f3n:<\/label>\n                                Bueno con ni\u00f1os | Bueno en casa | Obediente            <\/li>\n                    <li class=\"wpuf-field-data wpuf-field-data-radio_field\">\n                                    <label>Se env\u00eda la mascota:<\/label>\n                                NO            <\/li>\n                    <li class=\"wpuf-field-data wpuf-field-data-radio_field\">\n                                    <label>Origen:<\/label>\n                                Particular            <\/li>\n        <li><label>Fecha de publicaci\u00f3n:<\/label> 10\/11\/2025 23:36<\/li>            <li class=\"wpuf-field-data wpuf-field-data-radio_field\">\n                                    <label>La mascota ha sido adoptada:<\/label>\n                                NO            <\/li>\n                    <li class=\"wpuf-field-data wpuf-field-data-email_address\">\n                                    <label>Direcci\u00f3n de correo:<\/label>\n                                <a href=\"mailto:greishtascon_0731@hotnail.com\">greishtascon_0731@hotnail.com<\/a>            <\/li>\n                    <li class=\"wpuf-field-data wpuf-field-data-numeric_text_field\">\n                                    <label>Tel\u00e9fono:<\/label>\n                                623530707            <\/li>\n        <\/ul>","protected":false},"excerpt":{"rendered":"<p>Hola, estas son Wanda(la m\u00e1s gris, ella es s\u00faper tranquila y le gusta los mimos y dormir junto a la persona) y kookie(la que es m\u00e1s blanca, le encanta los besos y los mimos, le gusta maullar a veces simplemente por llamar la atenci\u00f3n tuya), ambas son hembras y hermanas, tienen un a\u00f1o y dos [&#8230;]\n","protected":false},"featured_media":48313,"template":"","meta":{"_acf_changed":false},"product_brand":[],"product_cat":[16,1000],"product_tag":[],"class_list":{"0":"post-48317","1":"product","2":"type-product","3":"status-publish","4":"has-post-thumbnail","6":"product_cat-adoptargato","7":"product_cat-adoptar-perro-gato-adoptar-mascota-es","8":"pa_edad-b","9":"pa_fecha-nacimiento-ano-3473","10":"pa_fecha-nacimiento-mes-08-agosto","11":"pa_provincia-madrid","12":"pa_raza-gato-comun","13":"pa_sexo-hembra","14":"pa_tamano-c","16":"first","17":"instock","18":"taxable","19":"shipping-taxable","20":"product-type-simple"},"acf":[],"_links":{"self":[{"href":"https:\/\/www.wallamascotas.com\/web3\/wp-json\/wp\/v2\/product\/48317","targetHints":{"allow":["GET"]}}],"collection":[{"href":"https:\/\/www.wallamascotas.com\/web3\/wp-json\/wp\/v2\/product"}],"about":[{"href":"https:\/\/www.wallamascotas.com\/web3\/wp-json\/wp\/v2\/types\/product"}],"wp:featuredmedia":[{"embeddable":true,"href":"https:\/\/www.wallamascotas.com\/web3\/wp-json\/wp\/v2\/media\/48313"}],"wp:attachment":[{"href":"https:\/\/www.wallamascotas.com\/web3\/wp-json\/wp\/v2\/media?parent=48317"}],"wp:term":[{"taxonomy":"product_brand","embeddable":true,"href":"https:\/\/www.wallamascotas.com\/web3\/wp-json\/wp\/v2\/product_brand?post=48317"},{"taxonomy":"product_cat","embeddable":true,"href":"https:\/\/www.wallamascotas.com\/web3\/wp-json\/wp\/v2\/product_cat?post=48317"},{"taxonomy":"product_tag","embeddable":true,"href":"https:\/\/www.wallamascotas.com\/web3\/wp-json\/wp\/v2\/product_tag?post=48317"}],"curies":[{"name":"wp","href":"https:\/\/api.w.org\/{rel}","templated":true}]}}