{"id":48425,"date":"2025-11-18T09:51:05","date_gmt":"2025-11-18T09:51:05","guid":{"rendered":"https:\/\/www.wallamascotas.com\/web3\/?post_type=product&#038;p=48425"},"modified":"2025-11-18T09:51:06","modified_gmt":"2025-11-18T09:51:06","slug":"sirius-pontevedra","status":"publish","type":"product","link":"https:\/\/www.wallamascotas.com\/web3\/mascota\/sirius-pontevedra\/","title":{"rendered":"SIRIUS"},"content":{"rendered":"<p><a href=\"https:\/\/www.wallamascotas.com\/web3\/wp-content\/uploads\/2025\/11\/u2791-Imagen-de-WhatsApp-2025-11-15-a-las-11.22.39_5fb6a8c0.jpg\"><img decoding=\"async\" class=\"attachment-thumbnail size-thumbnail\" src=\"https:\/\/www.wallamascotas.com\/web3\/wp-content\/uploads\/2025\/11\/u2791-Imagen-de-WhatsApp-2025-11-15-a-las-11.22.39_5fb6a8c0-150x150.jpg\" alt=\"\" \/><\/a><a href=\"https:\/\/www.wallamascotas.com\/web3\/wp-content\/uploads\/2025\/11\/u2791-Imagen-de-WhatsApp-2025-11-15-a-las-11.22.28_988f88f4.jpg\"><img decoding=\"async\" class=\"attachment-thumbnail size-thumbnail\" src=\"https:\/\/www.wallamascotas.com\/web3\/wp-content\/uploads\/2025\/11\/u2791-Imagen-de-WhatsApp-2025-11-15-a-las-11.22.28_988f88f4-150x150.jpg\" alt=\"\" \/><\/a><a href=\"https:\/\/www.wallamascotas.com\/web3\/wp-content\/uploads\/2025\/11\/u2791-Imagen-de-WhatsApp-2025-11-15-a-las-11.22.28_ddb805fa.jpg\"><img decoding=\"async\" class=\"attachment-thumbnail size-thumbnail\" src=\"https:\/\/www.wallamascotas.com\/web3\/wp-content\/uploads\/2025\/11\/u2791-Imagen-de-WhatsApp-2025-11-15-a-las-11.22.28_ddb805fa-150x150.jpg\" alt=\"\" \/><\/a><a href=\"https:\/\/www.wallamascotas.com\/web3\/wp-content\/uploads\/2025\/11\/u2791-Imagen-de-WhatsApp-2025-11-15-a-las-11.22.39_b74c09d8-1.jpg\"><img decoding=\"async\" class=\"attachment-thumbnail size-thumbnail\" src=\"https:\/\/www.wallamascotas.com\/web3\/wp-content\/uploads\/2025\/11\/u2791-Imagen-de-WhatsApp-2025-11-15-a-las-11.22.39_b74c09d8-1-150x150.jpg\" alt=\"\" \/><\/a><\/p>\n<p>Mi nombre es Sirius y a pesar de que soy un perrete joven he tenido una vida bastante dif\u00edcil.<br \/>\nMis primeros a\u00f1os tuve un due\u00f1o que no me relacionaba con seres humanos ni con otros animales por si \u201cme contagiaban algo\u201d. Por desgracia, esto y que no sab\u00edan explotar mis capacidades \u201cme romp\u00ed\u201d. Gracias a la vida, llegu\u00e9 a Rescue, donde con mucho esfuerzo voy mejorando d\u00eda a d\u00eda. Me cuesta coger confianza, pero una vez que la tengo soy un perro muy leal y cari\u00f1oso. S\u00e9 que adoptarme es dif\u00edcil, ya que conllevo \u201cmucho trabajo\u201d (subir al refugio regularmente para que me familiarice y coja confianza, trabajar d\u00eda a d\u00eda conmigo\u2026).<\/p>\n<p>S\u00e9 que soy un caso dif\u00edcil, pero no imposible, s\u00e9 que poco a poco puedo ir mejorando y s\u00e9 que merezco mucho la pena por mi lealtad y mi manera de querer.<br \/>\nTengo 4 a\u00f1os, soy un cruce de Pitbull con Border Collie y necesito\u00a0licencia\u00a0PPP.<\/p>\n<p>Pod\u00e9is encontrar m\u00e1s fotos e informaci\u00f3n en nuestras redes sociales:\u00a0@rescuegalicia<\/p>\n<ul class=\"wpuf_customs\">            <li class=\"wpuf-field-data wpuf-field-data-radio_field\">\n                                    <label>Tipo:<\/label>\n                                Perro            <\/li>\n                    <li class=\"wpuf-field-data wpuf-field-data-radio_field\">\n                                    <label>Es un perro:<\/label>\n                                Tranquilo            <\/li>\n                    <li class=\"wpuf-field-data wpuf-field-data-radio_field\">\n                                    <label>Amigable con perros:<\/label>\n                                Desconocido            <\/li>\n                    <li class=\"wpuf-field-data wpuf-field-data-radio_field\">\n                                    <label>Con personas extra\u00f1as:<\/label>\n                                Miedoso            <\/li>\n                    <li class=\"wpuf-field-data wpuf-field-data-radio_field\">\n                                    <label>Ladrador:<\/label>\n                                Calladito            <\/li>\n                    <li class=\"wpuf-field-data wpuf-field-data-radio_field\">\n                                    <label>Necesita licencia PPP:<\/label>\n                                SI            <\/li>\n                    <li class=\"wpuf-field-data wpuf-field-data-checkbox_field\">\n                                    <label>Enfermedades:<\/label>\n                                Ninguna            <\/li>\n                    <li class=\"wpuf-field-data wpuf-field-data-checkbox_field\">\n                                    <label>Se entrega:<\/label>\n                                Con cartilla sanitaria | Vacunado | Esterilizado | Desparasitado | Microchip            <\/li>\n                    <li class=\"wpuf-field-data wpuf-field-data-checkbox_field\">\n                                    <label>M\u00e1s informaci\u00f3n:<\/label>\n                                Bueno en casa | Bueno en el coche | Le gusta pasear | Obediente | Independiente            <\/li>\n                    <li class=\"wpuf-field-data wpuf-field-data-radio_field\">\n                                    <label>Se env\u00eda la mascota:<\/label>\n                                NO            <\/li>\n                    <li class=\"wpuf-field-data wpuf-field-data-radio_field\">\n                                    <label>Origen:<\/label>\n                                Asociaci\u00f3n            <\/li>\n        <li><label>Fecha de publicaci\u00f3n:<\/label> 17\/11\/2025 16:46<\/li>            <li class=\"wpuf-field-data wpuf-field-data-radio_field\">\n                                    <label>La mascota ha sido adoptada:<\/label>\n                                NO            <\/li>\n                    <li class=\"wpuf-field-data wpuf-field-data-email_address\">\n                                    <label>Direcci\u00f3n de correo:<\/label>\n                                <a href=\"mailto:rescuegalicia@gmail.com\">rescuegalicia@gmail.com<\/a>            <\/li>\n                    <li class=\"wpuf-field-data wpuf-field-data-numeric_text_field\">\n                                    <label>Tel\u00e9fono:<\/label>\n                                34653348573            <\/li>\n        <\/ul>","protected":false},"excerpt":{"rendered":"<p>Mi nombre es Sirius y a pesar de que soy un perrete joven he tenido una vida bastante dif\u00edcil. Mis primeros a\u00f1os tuve un due\u00f1o que no me relacionaba con seres humanos ni con otros animales por si \u201cme contagiaban algo\u201d. Por desgracia, esto y que no sab\u00edan explotar mis capacidades \u201cme romp\u00ed\u201d. Gracias a [&#8230;]\n","protected":false},"featured_media":48420,"template":"","meta":{"_acf_changed":false},"product_brand":[],"product_cat":[15,1000],"product_tag":[],"class_list":{"0":"post-48425","1":"product","2":"type-product","3":"status-publish","4":"has-post-thumbnail","6":"product_cat-adoptar_perro_adoptar_mascota","7":"product_cat-adoptar-perro-gato-adoptar-mascota-es","8":"pa_edad-b","9":"pa_fecha-nacimiento-ano-3397","10":"pa_fecha-nacimiento-mes-12-diciembre","11":"pa_origen-rescue-galicia","12":"pa_provincia-pontevedra","13":"pa_raza-mestizo","14":"pa_sexo-macho","15":"pa_tamano-d","17":"first","18":"instock","19":"taxable","20":"shipping-taxable","21":"product-type-simple"},"acf":[],"_links":{"self":[{"href":"https:\/\/www.wallamascotas.com\/web3\/wp-json\/wp\/v2\/product\/48425","targetHints":{"allow":["GET"]}}],"collection":[{"href":"https:\/\/www.wallamascotas.com\/web3\/wp-json\/wp\/v2\/product"}],"about":[{"href":"https:\/\/www.wallamascotas.com\/web3\/wp-json\/wp\/v2\/types\/product"}],"wp:featuredmedia":[{"embeddable":true,"href":"https:\/\/www.wallamascotas.com\/web3\/wp-json\/wp\/v2\/media\/48420"}],"wp:attachment":[{"href":"https:\/\/www.wallamascotas.com\/web3\/wp-json\/wp\/v2\/media?parent=48425"}],"wp:term":[{"taxonomy":"product_brand","embeddable":true,"href":"https:\/\/www.wallamascotas.com\/web3\/wp-json\/wp\/v2\/product_brand?post=48425"},{"taxonomy":"product_cat","embeddable":true,"href":"https:\/\/www.wallamascotas.com\/web3\/wp-json\/wp\/v2\/product_cat?post=48425"},{"taxonomy":"product_tag","embeddable":true,"href":"https:\/\/www.wallamascotas.com\/web3\/wp-json\/wp\/v2\/product_tag?post=48425"}],"curies":[{"name":"wp","href":"https:\/\/api.w.org\/{rel}","templated":true}]}}