{"id":48434,"date":"2025-11-18T09:50:05","date_gmt":"2025-11-18T09:50:05","guid":{"rendered":"https:\/\/www.wallamascotas.com\/web3\/?post_type=product&#038;p=48434"},"modified":"2025-11-18T09:50:06","modified_gmt":"2025-11-18T09:50:06","slug":"zeus-pontevedra","status":"publish","type":"product","link":"https:\/\/www.wallamascotas.com\/web3\/mascota\/zeus-pontevedra\/","title":{"rendered":"ZEUS"},"content":{"rendered":"<p><a href=\"https:\/\/www.wallamascotas.com\/web3\/wp-content\/uploads\/2025\/11\/u2791-Imagen-de-WhatsApp-2025-11-15-a-las-11.24.55_d2f4fd1c.jpg\"><img decoding=\"async\" class=\"attachment-thumbnail size-thumbnail\" src=\"https:\/\/www.wallamascotas.com\/web3\/wp-content\/uploads\/2025\/11\/u2791-Imagen-de-WhatsApp-2025-11-15-a-las-11.24.55_d2f4fd1c-150x150.jpg\" alt=\"\" \/><\/a><a href=\"https:\/\/www.wallamascotas.com\/web3\/wp-content\/uploads\/2025\/11\/u2791-Imagen-de-WhatsApp-2025-11-15-a-las-11.24.54_70e6394f.jpg\"><img decoding=\"async\" class=\"attachment-thumbnail size-thumbnail\" src=\"https:\/\/www.wallamascotas.com\/web3\/wp-content\/uploads\/2025\/11\/u2791-Imagen-de-WhatsApp-2025-11-15-a-las-11.24.54_70e6394f-150x150.jpg\" alt=\"\" \/><\/a><a href=\"https:\/\/www.wallamascotas.com\/web3\/wp-content\/uploads\/2025\/11\/u2791-Imagen-de-WhatsApp-2025-11-15-a-las-11.24.55_4cb95fae.jpg\"><img decoding=\"async\" class=\"attachment-thumbnail size-thumbnail\" src=\"https:\/\/www.wallamascotas.com\/web3\/wp-content\/uploads\/2025\/11\/u2791-Imagen-de-WhatsApp-2025-11-15-a-las-11.24.55_4cb95fae-150x150.jpg\" alt=\"\" \/><\/a><a href=\"https:\/\/www.wallamascotas.com\/web3\/wp-content\/uploads\/2025\/11\/u2791-Imagen-de-WhatsApp-2025-11-15-a-las-11.24.47_413ee0c9.jpg\"><img decoding=\"async\" class=\"attachment-thumbnail size-thumbnail\" src=\"https:\/\/www.wallamascotas.com\/web3\/wp-content\/uploads\/2025\/11\/u2791-Imagen-de-WhatsApp-2025-11-15-a-las-11.24.47_413ee0c9-150x150.jpg\" alt=\"\" \/><\/a><a href=\"https:\/\/www.wallamascotas.com\/web3\/wp-content\/uploads\/2025\/11\/u2791-Imagen-de-WhatsApp-2025-11-15-a-las-11.24.55_c2192cc6-1.jpg\"><img decoding=\"async\" class=\"attachment-thumbnail size-thumbnail\" src=\"https:\/\/www.wallamascotas.com\/web3\/wp-content\/uploads\/2025\/11\/u2791-Imagen-de-WhatsApp-2025-11-15-a-las-11.24.55_c2192cc6-1-150x150.jpg\" alt=\"\" \/><\/a><\/p>\n<p>Soy Zeus, un Rottweiler de 4 a\u00f1itos. Soy un perrete muy cari\u00f1oso, obediente, en\u00e9rgico y con ganas de jugar. En el refugio todos los voluntarios me adoran por lo vacil\u00f3n y gracioso que soy.<\/p>\n<p>Soy un perrete con un pasado dif\u00edcil, y aunque he ido mejorando con el tiempo y el gran esfuerzo de los voluntarios, s\u00e9 que voy a necesitar a alguien que quiera trabajar conmigo para acabar de superar mi pasado.<\/p>\n<p>Me encanta pasear, jugar a chapotear en el agua y que me den muchos mimos.<br \/>\nNecesito a alguien que sepa entenderme, respetar mi espacio y mis tiempos y que tenga ganas de verme mejorar con trabajo\u00a0y\u00a0esfuerzo.<\/p>\n<p>Pod\u00e9is encontrar m\u00e1s fotos e informaci\u00f3n en nuestras redes sociales:\u00a0@rescuegalicia<\/p>\n<ul class=\"wpuf_customs\">            <li class=\"wpuf-field-data wpuf-field-data-radio_field\">\n                                    <label>Tipo:<\/label>\n                                Perro            <\/li>\n                    <li class=\"wpuf-field-data wpuf-field-data-radio_field\">\n                                    <label>Es un perro:<\/label>\n                                Tranquilo            <\/li>\n                    <li class=\"wpuf-field-data wpuf-field-data-radio_field\">\n                                    <label>Amigable con perros:<\/label>\n                                Desconocido            <\/li>\n                    <li class=\"wpuf-field-data wpuf-field-data-radio_field\">\n                                    <label>Con personas extra\u00f1as:<\/label>\n                                Amigable            <\/li>\n                    <li class=\"wpuf-field-data wpuf-field-data-radio_field\">\n                                    <label>Ladrador:<\/label>\n                                Calladito            <\/li>\n                    <li class=\"wpuf-field-data wpuf-field-data-radio_field\">\n                                    <label>Necesita licencia PPP:<\/label>\n                                SI            <\/li>\n                    <li class=\"wpuf-field-data wpuf-field-data-checkbox_field\">\n                                    <label>Enfermedades:<\/label>\n                                Ninguna            <\/li>\n                    <li class=\"wpuf-field-data wpuf-field-data-checkbox_field\">\n                                    <label>Se entrega:<\/label>\n                                Con cartilla sanitaria | Vacunado | Esterilizado | Desparasitado | Microchip            <\/li>\n                    <li class=\"wpuf-field-data wpuf-field-data-checkbox_field\">\n                                    <label>M\u00e1s informaci\u00f3n:<\/label>\n                                Bueno en casa | Bueno en el coche | Le gusta pasear | Obediente | Independiente            <\/li>\n                    <li class=\"wpuf-field-data wpuf-field-data-radio_field\">\n                                    <label>Se env\u00eda la mascota:<\/label>\n                                NO            <\/li>\n                    <li class=\"wpuf-field-data wpuf-field-data-radio_field\">\n                                    <label>Origen:<\/label>\n                                Asociaci\u00f3n            <\/li>\n        <li><label>Fecha de publicaci\u00f3n:<\/label> 17\/11\/2025 16:55<\/li>            <li class=\"wpuf-field-data wpuf-field-data-radio_field\">\n                                    <label>La mascota ha sido adoptada:<\/label>\n                                NO            <\/li>\n                    <li class=\"wpuf-field-data wpuf-field-data-email_address\">\n                                    <label>Direcci\u00f3n de correo:<\/label>\n                                <a href=\"mailto:rescuegalicia@gmail.com\">rescuegalicia@gmail.com<\/a>            <\/li>\n                    <li class=\"wpuf-field-data wpuf-field-data-numeric_text_field\">\n                                    <label>Tel\u00e9fono:<\/label>\n                                34653348573            <\/li>\n        <\/ul>","protected":false},"excerpt":{"rendered":"<p>Soy Zeus, un Rottweiler de 4 a\u00f1itos. Soy un perrete muy cari\u00f1oso, obediente, en\u00e9rgico y con ganas de jugar. En el refugio todos los voluntarios me adoran por lo vacil\u00f3n y gracioso que soy. Soy un perrete con un pasado dif\u00edcil, y aunque he ido mejorando con el tiempo y el gran esfuerzo de los [&#8230;]\n","protected":false},"featured_media":48428,"template":"","meta":{"_acf_changed":false},"product_brand":[],"product_cat":[15,1000],"product_tag":[],"class_list":{"0":"post-48434","1":"product","2":"type-product","3":"status-publish","4":"has-post-thumbnail","6":"product_cat-adoptar_perro_adoptar_mascota","7":"product_cat-adoptar-perro-gato-adoptar-mascota-es","8":"pa_edad-b","9":"pa_fecha-nacimiento-ano-3443","10":"pa_fecha-nacimiento-mes-03-marzo","11":"pa_origen-rescue-galicia","12":"pa_provincia-pontevedra","13":"pa_raza-rottweiler","14":"pa_sexo-macho","15":"pa_tamano-e","17":"first","18":"instock","19":"taxable","20":"shipping-taxable","21":"product-type-simple"},"acf":[],"_links":{"self":[{"href":"https:\/\/www.wallamascotas.com\/web3\/wp-json\/wp\/v2\/product\/48434","targetHints":{"allow":["GET"]}}],"collection":[{"href":"https:\/\/www.wallamascotas.com\/web3\/wp-json\/wp\/v2\/product"}],"about":[{"href":"https:\/\/www.wallamascotas.com\/web3\/wp-json\/wp\/v2\/types\/product"}],"wp:featuredmedia":[{"embeddable":true,"href":"https:\/\/www.wallamascotas.com\/web3\/wp-json\/wp\/v2\/media\/48428"}],"wp:attachment":[{"href":"https:\/\/www.wallamascotas.com\/web3\/wp-json\/wp\/v2\/media?parent=48434"}],"wp:term":[{"taxonomy":"product_brand","embeddable":true,"href":"https:\/\/www.wallamascotas.com\/web3\/wp-json\/wp\/v2\/product_brand?post=48434"},{"taxonomy":"product_cat","embeddable":true,"href":"https:\/\/www.wallamascotas.com\/web3\/wp-json\/wp\/v2\/product_cat?post=48434"},{"taxonomy":"product_tag","embeddable":true,"href":"https:\/\/www.wallamascotas.com\/web3\/wp-json\/wp\/v2\/product_tag?post=48434"}],"curies":[{"name":"wp","href":"https:\/\/api.w.org\/{rel}","templated":true}]}}