{"id":48476,"date":"2025-11-24T22:27:56","date_gmt":"2025-11-24T22:27:56","guid":{"rendered":"https:\/\/www.wallamascotas.com\/web3\/?post_type=product&#038;p=48476"},"modified":"2025-11-24T22:27:57","modified_gmt":"2025-11-24T22:27:57","slug":"leonora-madrid","status":"publish","type":"product","link":"https:\/\/www.wallamascotas.com\/web3\/mascota\/leonora-madrid\/","title":{"rendered":"LEONORA"},"content":{"rendered":"<p><a href=\"https:\/\/www.wallamascotas.com\/web3\/wp-content\/uploads\/2025\/11\/u2352-20251109_113327.jpg\"><img decoding=\"async\" class=\"attachment-thumbnail size-thumbnail\" src=\"https:\/\/www.wallamascotas.com\/web3\/wp-content\/uploads\/2025\/11\/u2352-20251109_113327-150x150.jpg\" alt=\"\" \/><\/a><a href=\"https:\/\/www.wallamascotas.com\/web3\/wp-content\/uploads\/2025\/11\/u2352-20251109_114025-scaled.jpg\"><img decoding=\"async\" class=\"attachment-thumbnail size-thumbnail\" src=\"https:\/\/www.wallamascotas.com\/web3\/wp-content\/uploads\/2025\/11\/u2352-20251109_114025-150x150.jpg\" alt=\"\" \/><\/a><a href=\"https:\/\/www.wallamascotas.com\/web3\/wp-content\/uploads\/2025\/11\/u2352-IMG-20251029-WA0051.jpg\"><img decoding=\"async\" class=\"attachment-thumbnail size-thumbnail\" src=\"https:\/\/www.wallamascotas.com\/web3\/wp-content\/uploads\/2025\/11\/u2352-IMG-20251029-WA0051-150x150.jpg\" alt=\"\" \/><\/a><a href=\"https:\/\/www.wallamascotas.com\/web3\/wp-content\/uploads\/2025\/11\/u2352-20251104_112705-scaled.jpg\"><img decoding=\"async\" class=\"attachment-thumbnail size-thumbnail\" src=\"https:\/\/www.wallamascotas.com\/web3\/wp-content\/uploads\/2025\/11\/u2352-20251104_112705-150x150.jpg\" alt=\"\" \/><\/a><a href=\"https:\/\/www.wallamascotas.com\/web3\/wp-content\/uploads\/2025\/11\/u2352-20251105_093837-scaled.jpg\"><img decoding=\"async\" class=\"attachment-thumbnail size-thumbnail\" src=\"https:\/\/www.wallamascotas.com\/web3\/wp-content\/uploads\/2025\/11\/u2352-20251105_093837-150x150.jpg\" alt=\"\" \/><\/a><a href=\"https:\/\/www.wallamascotas.com\/web3\/wp-content\/uploads\/2025\/11\/u2352-20251104_114641-scaled.jpg\"><img decoding=\"async\" class=\"attachment-thumbnail size-thumbnail\" src=\"https:\/\/www.wallamascotas.com\/web3\/wp-content\/uploads\/2025\/11\/u2352-20251104_114641-150x150.jpg\" alt=\"\" \/><\/a><a href=\"https:\/\/www.wallamascotas.com\/web3\/wp-content\/uploads\/2025\/11\/u2352-IMG-20251029-WA0052.jpg\"><img decoding=\"async\" class=\"attachment-thumbnail size-thumbnail\" src=\"https:\/\/www.wallamascotas.com\/web3\/wp-content\/uploads\/2025\/11\/u2352-IMG-20251029-WA0052-150x150.jpg\" alt=\"\" \/><\/a><a href=\"https:\/\/www.wallamascotas.com\/web3\/wp-content\/uploads\/2025\/11\/u2352-20251109_113138-scaled.jpg\"><img decoding=\"async\" class=\"attachment-thumbnail size-thumbnail\" src=\"https:\/\/www.wallamascotas.com\/web3\/wp-content\/uploads\/2025\/11\/u2352-20251109_113138-150x150.jpg\" alt=\"\" \/><\/a><a href=\"https:\/\/www.wallamascotas.com\/web3\/wp-content\/uploads\/2025\/11\/u2352-20251115_092143-scaled.jpg\"><img decoding=\"async\" class=\"attachment-thumbnail size-thumbnail\" src=\"https:\/\/www.wallamascotas.com\/web3\/wp-content\/uploads\/2025\/11\/u2352-20251115_092143-150x150.jpg\" alt=\"\" \/><\/a><a href=\"https:\/\/www.wallamascotas.com\/web3\/wp-content\/uploads\/2025\/11\/u2352-IMG-20251102-WA0082.jpg\"><img decoding=\"async\" class=\"attachment-thumbnail size-thumbnail\" src=\"https:\/\/www.wallamascotas.com\/web3\/wp-content\/uploads\/2025\/11\/u2352-IMG-20251102-WA0082-150x150.jpg\" alt=\"\" \/><\/a><a href=\"https:\/\/www.wallamascotas.com\/web3\/wp-content\/uploads\/2025\/11\/u2352-IMG-20251102-WA0085.jpg\"><img decoding=\"async\" class=\"attachment-thumbnail size-thumbnail\" src=\"https:\/\/www.wallamascotas.com\/web3\/wp-content\/uploads\/2025\/11\/u2352-IMG-20251102-WA0085-150x150.jpg\" alt=\"\" \/><\/a><\/p>\n<p>LEONORA, ADORABLE GATITA EN ADOPCI\u00d3N<\/p>\n<p>Apareci\u00f3 correteando entre los coches de un centro comercial. Posiblemente fue abandonada all\u00ed o lleg\u00f3 en el motor de un coche. El p\u00e1nico que le causo encontrarse de repente en un mundo desconocido hac\u00eda que se escondiera entre las ruedas de los coches con el consiguiente peligro de ser atropellada. Pero a pesar de todo tuvo un golpe de suerte, una compa\u00f1era nuestra fue esa tarde con su familia a ese centro comercial a pasar la tarde y aparc\u00f3 justo en el momento en que Leonora correteaba de un lado a otro del parking, no sin esfuerzo consigui\u00f3 cogerla y ahora ya recuperada espera una familia con la que compartir su vida. Leonora es una gatita adorable, alegre y juguetona de 2 meses de edad. Es negativa en inmuno y leucemia, se da en adopci\u00f3n con chip, vacunas de trivalente y leucemia, desparasitada y esterilizada cuando tenga edad.<\/p>\n<ul class=\"wpuf_customs\">            <li class=\"wpuf-field-data wpuf-field-data-radio_field\">\n                                    <label>Tipo:<\/label>\n                                Gato            <\/li>\n                    <li class=\"wpuf-field-data wpuf-field-data-radio_field\">\n                                    <label>Es un perro:<\/label>\n                                Desconocido            <\/li>\n                    <li class=\"wpuf-field-data wpuf-field-data-radio_field\">\n                                    <label>Amigable con perros:<\/label>\n                                Desconocido            <\/li>\n                    <li class=\"wpuf-field-data wpuf-field-data-radio_field\">\n                                    <label>Con personas extra\u00f1as:<\/label>\n                                Desconocido            <\/li>\n                    <li class=\"wpuf-field-data wpuf-field-data-radio_field\">\n                                    <label>Ladrador:<\/label>\n                                Desconocido            <\/li>\n                    <li class=\"wpuf-field-data wpuf-field-data-radio_field\">\n                                    <label>Necesita licencia PPP:<\/label>\n                                NO            <\/li>\n                    <li class=\"wpuf-field-data wpuf-field-data-checkbox_field\">\n                                    <label>Enfermedades:<\/label>\n                                Ninguna            <\/li>\n                    <li class=\"wpuf-field-data wpuf-field-data-checkbox_field\">\n                                    <label>Se entrega:<\/label>\n                                Con cartilla sanitaria | Vacunado | Desparasitado | Microchip            <\/li>\n                    <li class=\"wpuf-field-data wpuf-field-data-checkbox_field\">\n                                    <label>M\u00e1s informaci\u00f3n:<\/label>\n                                Bueno con perros | Bueno con gatos | Bueno con ni\u00f1os | Bueno en casa            <\/li>\n                    <li class=\"wpuf-field-data wpuf-field-data-radio_field\">\n                                    <label>Se env\u00eda la mascota:<\/label>\n                                NO            <\/li>\n                    <li class=\"wpuf-field-data wpuf-field-data-radio_field\">\n                                    <label>Origen:<\/label>\n                                Particular            <\/li>\n        <li><label>Fecha de publicaci\u00f3n:<\/label> 21\/11\/2025 00:00<\/li>            <li class=\"wpuf-field-data wpuf-field-data-radio_field\">\n                                    <label>La mascota ha sido adoptada:<\/label>\n                                NO            <\/li>\n                    <li class=\"wpuf-field-data wpuf-field-data-email_address\">\n                                    <label>Direcci\u00f3n de correo:<\/label>\n                                <a href=\"mailto:volveraempezar8@gmail.com\">volveraempezar8@gmail.com<\/a>            <\/li>\n                    <li class=\"wpuf-field-data wpuf-field-data-numeric_text_field\">\n                                    <label>Tel\u00e9fono:<\/label>\n                                639725528            <\/li>\n        <\/ul>","protected":false},"excerpt":{"rendered":"<p>LEONORA, ADORABLE GATITA EN ADOPCI\u00d3N Apareci\u00f3 correteando entre los coches de un centro comercial. Posiblemente fue abandonada all\u00ed o lleg\u00f3 en el motor de un coche. El p\u00e1nico que le causo encontrarse de repente en un mundo desconocido hac\u00eda que se escondiera entre las ruedas de los coches con el consiguiente peligro de ser atropellada. [&#8230;]\n","protected":false},"featured_media":48464,"template":"","meta":{"_acf_changed":false},"product_brand":[],"product_cat":[16,1000],"product_tag":[],"class_list":{"0":"post-48476","1":"product","2":"type-product","3":"status-publish","4":"has-post-thumbnail","6":"product_cat-adoptargato","7":"product_cat-adoptar-perro-gato-adoptar-mascota-es","8":"pa_edad-a","9":"pa_fecha-nacimiento-ano-3513","10":"pa_fecha-nacimiento-mes-10-octubre","11":"pa_provincia-madrid","12":"pa_raza-gato-comun","13":"pa_sexo-hembra","14":"pa_tamano-b","16":"first","17":"instock","18":"taxable","19":"shipping-taxable","20":"product-type-simple"},"acf":[],"_links":{"self":[{"href":"https:\/\/www.wallamascotas.com\/web3\/wp-json\/wp\/v2\/product\/48476","targetHints":{"allow":["GET"]}}],"collection":[{"href":"https:\/\/www.wallamascotas.com\/web3\/wp-json\/wp\/v2\/product"}],"about":[{"href":"https:\/\/www.wallamascotas.com\/web3\/wp-json\/wp\/v2\/types\/product"}],"wp:featuredmedia":[{"embeddable":true,"href":"https:\/\/www.wallamascotas.com\/web3\/wp-json\/wp\/v2\/media\/48464"}],"wp:attachment":[{"href":"https:\/\/www.wallamascotas.com\/web3\/wp-json\/wp\/v2\/media?parent=48476"}],"wp:term":[{"taxonomy":"product_brand","embeddable":true,"href":"https:\/\/www.wallamascotas.com\/web3\/wp-json\/wp\/v2\/product_brand?post=48476"},{"taxonomy":"product_cat","embeddable":true,"href":"https:\/\/www.wallamascotas.com\/web3\/wp-json\/wp\/v2\/product_cat?post=48476"},{"taxonomy":"product_tag","embeddable":true,"href":"https:\/\/www.wallamascotas.com\/web3\/wp-json\/wp\/v2\/product_tag?post=48476"}],"curies":[{"name":"wp","href":"https:\/\/api.w.org\/{rel}","templated":true}]}}