{"id":48677,"date":"2025-12-10T11:38:32","date_gmt":"2025-12-10T11:38:32","guid":{"rendered":"https:\/\/www.wallamascotas.com\/web3\/?post_type=product&#038;p=48677"},"modified":"2025-12-10T11:38:33","modified_gmt":"2025-12-10T11:38:33","slug":"simon-almeria","status":"publish","type":"product","link":"https:\/\/www.wallamascotas.com\/web3\/mascota\/simon-almeria\/","title":{"rendered":"SIMON"},"content":{"rendered":"<p>A este precioso siam\u00e9s lo encontramos abandonado en un barrio de Almer\u00eda. Era extremadamente sociable, lo que por desgracia hizo que muchas personas lo maltrataran y se aprovecharan de su nobleza. Con el tiempo empez\u00f3 a perder peso, su energ\u00eda disminuy\u00f3 y su mirada se fue apagando, as\u00ed que decidimos recogerlo de inmediato y llevarlo al veterinario. Tras hacerle las pruebas, dio positivo en inmunodeficiencia felina, una condici\u00f3n que no le impide llevar una vida completamente normal. Han pasado seis meses desde entonces y hoy es un gato feliz, redondito, confiado y lleno de cari\u00f1o. Es extremadamente dulce, busca mimos constantemente y tiene un car\u00e1cter encantador. Solo necesita una familia que le ofrezca la segunda oportunidad que tanto merece y que sepa valorar todo el amor que tiene para dar. Adem\u00e1s, es perfectamente compatible con perros y con gatos. Si pudiera elegir, \u00e9l solo pedir\u00eda un hogar donde ser querido y por fin vivir tranquilo.<\/p>\n<p><a href=\"https:\/\/www.wallamascotas.com\/web3\/wp-content\/uploads\/2025\/12\/u9881-17bf156c-2aa5-4869-a528-45288d8e7c9f.jpg\"><img decoding=\"async\" class=\"attachment-thumbnail size-thumbnail\" src=\"https:\/\/www.wallamascotas.com\/web3\/wp-content\/uploads\/2025\/12\/u9881-17bf156c-2aa5-4869-a528-45288d8e7c9f-150x150.jpg\" alt=\"\" \/><\/a><a href=\"https:\/\/www.wallamascotas.com\/web3\/wp-content\/uploads\/2025\/12\/u9881-2ab085b4-45e2-4138-a99a-082da8650909.jpg\"><img decoding=\"async\" class=\"attachment-thumbnail size-thumbnail\" src=\"https:\/\/www.wallamascotas.com\/web3\/wp-content\/uploads\/2025\/12\/u9881-2ab085b4-45e2-4138-a99a-082da8650909-150x150.jpg\" alt=\"\" \/><\/a><a href=\"https:\/\/www.wallamascotas.com\/web3\/wp-content\/uploads\/2025\/12\/u9881-4b6ced38-74ce-47b3-9bdf-b38fc050509a.jpg\"><img decoding=\"async\" class=\"attachment-thumbnail size-thumbnail\" src=\"https:\/\/www.wallamascotas.com\/web3\/wp-content\/uploads\/2025\/12\/u9881-4b6ced38-74ce-47b3-9bdf-b38fc050509a-150x150.jpg\" alt=\"\" \/><\/a><\/p>\n<ul class=\"wpuf_customs\">            <li class=\"wpuf-field-data wpuf-field-data-radio_field\">\n                                    <label>Tipo:<\/label>\n                                Gato            <\/li>\n                    <li class=\"wpuf-field-data wpuf-field-data-radio_field\">\n                                    <label>Es un perro:<\/label>\n                                Cari\u00f1oso            <\/li>\n                    <li class=\"wpuf-field-data wpuf-field-data-radio_field\">\n                                    <label>Amigable con perros:<\/label>\n                                Desconocido            <\/li>\n                    <li class=\"wpuf-field-data wpuf-field-data-radio_field\">\n                                    <label>Con personas extra\u00f1as:<\/label>\n                                Amigable            <\/li>\n                    <li class=\"wpuf-field-data wpuf-field-data-radio_field\">\n                                    <label>Ladrador:<\/label>\n                                Desconocido            <\/li>\n                    <li class=\"wpuf-field-data wpuf-field-data-radio_field\">\n                                    <label>Necesita licencia PPP:<\/label>\n                                NO            <\/li>\n                    <li class=\"wpuf-field-data wpuf-field-data-checkbox_field\">\n                                    <label>Enfermedades:<\/label>\n                                Positivo en Inmunodeficiencia felina            <\/li>\n                    <li class=\"wpuf-field-data wpuf-field-data-checkbox_field\">\n                                    <label>Se entrega:<\/label>\n                                Con cartilla sanitaria | Vacunado | Esterilizado | Desparasitado | Microchip            <\/li>\n                    <li class=\"wpuf-field-data wpuf-field-data-checkbox_field\">\n                                    <label>M\u00e1s informaci\u00f3n:<\/label>\n                                Bueno con perros | Bueno con ni\u00f1os | Bueno en casa            <\/li>\n                    <li class=\"wpuf-field-data wpuf-field-data-radio_field\">\n                                    <label>Se env\u00eda la mascota:<\/label>\n                                SI            <\/li>\n                    <li class=\"wpuf-field-data wpuf-field-data-radio_field\">\n                                    <label>En caso de env\u00edo, detallar:<\/label>\n                                Dentro de la provincia            <\/li>\n                    <li class=\"wpuf-field-data wpuf-field-data-radio_field\">\n                                    <label>Origen:<\/label>\n                                Particular            <\/li>\n        <li><label>Fecha de publicaci\u00f3n:<\/label> 03\/12\/2025 00:33<\/li>            <li class=\"wpuf-field-data wpuf-field-data-radio_field\">\n                                    <label>La mascota ha sido adoptada:<\/label>\n                                NO            <\/li>\n                    <li class=\"wpuf-field-data wpuf-field-data-email_address\">\n                                    <label>Direcci\u00f3n de correo:<\/label>\n                                <a href=\"mailto:poncecobossofia@gmail.com\">poncecobossofia@gmail.com<\/a>            <\/li>\n                    <li class=\"wpuf-field-data wpuf-field-data-numeric_text_field\">\n                                    <label>Tel\u00e9fono:<\/label>\n                                617546778            <\/li>\n        <\/ul>","protected":false},"excerpt":{"rendered":"<p>A este precioso siam\u00e9s lo encontramos abandonado en un barrio de Almer\u00eda. Era extremadamente sociable, lo que por desgracia hizo que muchas personas lo maltrataran y se aprovecharan de su nobleza. Con el tiempo empez\u00f3 a perder peso, su energ\u00eda disminuy\u00f3 y su mirada se fue apagando, as\u00ed que decidimos recogerlo de inmediato y llevarlo [&#8230;]\n","protected":false},"featured_media":48676,"template":"","meta":{"_acf_changed":false},"product_brand":[],"product_cat":[16,1000],"product_tag":[],"class_list":{"0":"post-48677","1":"product","2":"type-product","3":"status-publish","4":"has-post-thumbnail","6":"product_cat-adoptargato","7":"product_cat-adoptar-perro-gato-adoptar-mascota-es","8":"pa_edad-b","9":"pa_fecha-nacimiento-ano-3473","10":"pa_fecha-nacimiento-mes-06-junio","11":"pa_provincia-almeria","12":"pa_raza-gato-siames","13":"pa_sexo-macho","14":"pa_tamano-c","16":"first","17":"instock","18":"taxable","19":"shipping-taxable","20":"product-type-simple"},"acf":[],"_links":{"self":[{"href":"https:\/\/www.wallamascotas.com\/web3\/wp-json\/wp\/v2\/product\/48677","targetHints":{"allow":["GET"]}}],"collection":[{"href":"https:\/\/www.wallamascotas.com\/web3\/wp-json\/wp\/v2\/product"}],"about":[{"href":"https:\/\/www.wallamascotas.com\/web3\/wp-json\/wp\/v2\/types\/product"}],"wp:featuredmedia":[{"embeddable":true,"href":"https:\/\/www.wallamascotas.com\/web3\/wp-json\/wp\/v2\/media\/48676"}],"wp:attachment":[{"href":"https:\/\/www.wallamascotas.com\/web3\/wp-json\/wp\/v2\/media?parent=48677"}],"wp:term":[{"taxonomy":"product_brand","embeddable":true,"href":"https:\/\/www.wallamascotas.com\/web3\/wp-json\/wp\/v2\/product_brand?post=48677"},{"taxonomy":"product_cat","embeddable":true,"href":"https:\/\/www.wallamascotas.com\/web3\/wp-json\/wp\/v2\/product_cat?post=48677"},{"taxonomy":"product_tag","embeddable":true,"href":"https:\/\/www.wallamascotas.com\/web3\/wp-json\/wp\/v2\/product_tag?post=48677"}],"curies":[{"name":"wp","href":"https:\/\/api.w.org\/{rel}","templated":true}]}}