{"id":48802,"date":"2025-12-16T09:01:06","date_gmt":"2025-12-16T09:01:06","guid":{"rendered":"https:\/\/www.wallamascotas.com\/web3\/?post_type=product&#038;p=48802"},"modified":"2025-12-16T09:01:08","modified_gmt":"2025-12-16T09:01:08","slug":"cachorros-madrid","status":"publish","type":"product","link":"https:\/\/www.wallamascotas.com\/web3\/mascota\/cachorros-madrid\/","title":{"rendered":"CACHORROS"},"content":{"rendered":"<p>Son cuatro cachorros aqu\u00ed tac\u00f3n mast\u00edn y teckel solo tienen 2 meses y hay dos hembras y dos machos. Cualquier duda a mi tel\u00e9fono: 640167968<\/p>\n<ul class=\"wpuf_customs\">            <li class=\"wpuf-field-data wpuf-field-data-radio_field\">\n                                    <label>Tipo:<\/label>\n                                Perro            <\/li>\n                    <li class=\"wpuf-field-data wpuf-field-data-radio_field\">\n                                    <label>Es un perro:<\/label>\n                                Desconocido            <\/li>\n                    <li class=\"wpuf-field-data wpuf-field-data-radio_field\">\n                                    <label>Amigable con perros:<\/label>\n                                Es amigo de tod@s            <\/li>\n                    <li class=\"wpuf-field-data wpuf-field-data-radio_field\">\n                                    <label>Con personas extra\u00f1as:<\/label>\n                                Amigable            <\/li>\n                    <li class=\"wpuf-field-data wpuf-field-data-radio_field\">\n                                    <label>Ladrador:<\/label>\n                                Ladrador            <\/li>\n                    <li class=\"wpuf-field-data wpuf-field-data-radio_field\">\n                                    <label>Necesita licencia PPP:<\/label>\n                                NO            <\/li>\n                    <li class=\"wpuf-field-data wpuf-field-data-checkbox_field\">\n                                    <label>Enfermedades:<\/label>\n                                Ninguna            <\/li>\n                    <li class=\"wpuf-field-data wpuf-field-data-checkbox_field\">\n                                    <label>Se entrega:<\/label>\n                                Solo la mascota sin paso previo por veterinario            <\/li>\n                    <li class=\"wpuf-field-data wpuf-field-data-checkbox_field\">\n                                    <label>M\u00e1s informaci\u00f3n:<\/label>\n                                Bueno con perros | Bueno con gatos | Bueno con ni\u00f1os | Bueno en casa | Le gusta pasear | Obediente | Independiente            <\/li>\n                    <li class=\"wpuf-field-data wpuf-field-data-radio_field\">\n                                    <label>Se env\u00eda la mascota:<\/label>\n                                NO            <\/li>\n                    <li class=\"wpuf-field-data wpuf-field-data-radio_field\">\n                                    <label>Origen:<\/label>\n                                Particular            <\/li>\n        <li><label>Fecha de publicaci\u00f3n:<\/label> 13\/12\/2025 00:00<\/li>            <li class=\"wpuf-field-data wpuf-field-data-radio_field\">\n                                    <label>La mascota ha sido adoptada:<\/label>\n                                NO            <\/li>\n                    <li class=\"wpuf-field-data wpuf-field-data-email_address\">\n                                    <label>Direcci\u00f3n de correo:<\/label>\n                                <a href=\"mailto:elenapratsgarcia02@gmail.com\">elenapratsgarcia02@gmail.com<\/a>            <\/li>\n                    <li class=\"wpuf-field-data wpuf-field-data-numeric_text_field\">\n                                    <label>Tel\u00e9fono:<\/label>\n                                640167968            <\/li>\n        <\/ul>","protected":false},"excerpt":{"rendered":"<p>Son cuatro cachorros aqu\u00ed tac\u00f3n mast\u00edn y teckel solo tienen 2 meses y hay dos hembras y dos machos. Cualquier duda a mi tel\u00e9fono: 640167968 Tipo: Perro Es un perro: Desconocido Amigable con perros: Es amigo de tod@s Con personas extra\u00f1as: Amigable Ladrador: Ladrador Necesita licencia PPP: NO Enfermedades: Ninguna Se entrega: Solo la mascota [&#8230;]\n","protected":false},"featured_media":48801,"template":"","meta":{"_acf_changed":false},"product_brand":[],"product_cat":[15,1000],"product_tag":[],"class_list":{"0":"post-48802","1":"product","2":"type-product","3":"status-publish","4":"has-post-thumbnail","6":"product_cat-adoptar_perro_adoptar_mascota","7":"product_cat-adoptar-perro-gato-adoptar-mascota-es","8":"pa_edad-a","9":"pa_fecha-nacimiento-ano-3513","10":"pa_fecha-nacimiento-mes-10-octubre","11":"pa_provincia-madrid","12":"pa_raza-mestizo","13":"pa_sexo-hembra","14":"pa_tamano-d","15":"pa_tamano-c","16":"pa_tamano-b","18":"first","19":"instock","20":"taxable","21":"shipping-taxable","22":"product-type-simple"},"acf":[],"_links":{"self":[{"href":"https:\/\/www.wallamascotas.com\/web3\/wp-json\/wp\/v2\/product\/48802","targetHints":{"allow":["GET"]}}],"collection":[{"href":"https:\/\/www.wallamascotas.com\/web3\/wp-json\/wp\/v2\/product"}],"about":[{"href":"https:\/\/www.wallamascotas.com\/web3\/wp-json\/wp\/v2\/types\/product"}],"wp:featuredmedia":[{"embeddable":true,"href":"https:\/\/www.wallamascotas.com\/web3\/wp-json\/wp\/v2\/media\/48801"}],"wp:attachment":[{"href":"https:\/\/www.wallamascotas.com\/web3\/wp-json\/wp\/v2\/media?parent=48802"}],"wp:term":[{"taxonomy":"product_brand","embeddable":true,"href":"https:\/\/www.wallamascotas.com\/web3\/wp-json\/wp\/v2\/product_brand?post=48802"},{"taxonomy":"product_cat","embeddable":true,"href":"https:\/\/www.wallamascotas.com\/web3\/wp-json\/wp\/v2\/product_cat?post=48802"},{"taxonomy":"product_tag","embeddable":true,"href":"https:\/\/www.wallamascotas.com\/web3\/wp-json\/wp\/v2\/product_tag?post=48802"}],"curies":[{"name":"wp","href":"https:\/\/api.w.org\/{rel}","templated":true}]}}