{"id":48807,"date":"2025-12-13T17:16:26","date_gmt":"2025-12-13T17:16:26","guid":{"rendered":"https:\/\/www.wallamascotas.com\/web3\/?post_type=product&#038;p=48807"},"modified":"2026-04-09T08:14:58","modified_gmt":"2026-04-09T08:14:58","slug":"tony-granada-3","status":"publish","type":"product","link":"https:\/\/www.wallamascotas.com\/web3\/mascota\/tony-granada-3\/","title":{"rendered":"TONY"},"content":{"rendered":"<p><a href=\"http:\/\/chuchos-gr.org\/ficha-1759\">http:\/\/chuchos-gr.org\/ficha-1759<\/a><\/p>\n<p style=\"text-align: left;\">Tony es muy bueno, pasea bien en correa, acaba de ser rescatado y todav\u00eda est\u00e1 un poco asustado. Proviene de una historia triste de maltrato. Por fin est\u00e1 a salvo despu\u00e9s de una vida de calvario. Ahora busca un hogar donde le hagan olvidar y confiar en las personas.<\/p>\n<p><a href=\"https:\/\/www.wallamascotas.com\/web3\/wp-content\/uploads\/2025\/12\/u16-a_17591765214958.jpg\"><img decoding=\"async\" class=\"attachment-thumbnail size-thumbnail\" src=\"https:\/\/www.wallamascotas.com\/web3\/wp-content\/uploads\/2025\/12\/u16-a_17591765214958-150x150.jpg\" alt=\"\" \/> <\/a><a href=\"https:\/\/www.wallamascotas.com\/web3\/wp-content\/uploads\/2025\/12\/u16-a_17591765214925.jpg\"><img decoding=\"async\" class=\"attachment-thumbnail size-thumbnail\" src=\"https:\/\/www.wallamascotas.com\/web3\/wp-content\/uploads\/2025\/12\/u16-a_17591765214925-150x150.jpg\" alt=\"\" \/><\/a><a href=\"https:\/\/www.wallamascotas.com\/web3\/wp-content\/uploads\/2025\/12\/u16-a_17591765214927.jpg\"><img decoding=\"async\" class=\"attachment-thumbnail size-thumbnail\" src=\"https:\/\/www.wallamascotas.com\/web3\/wp-content\/uploads\/2025\/12\/u16-a_17591765214927-150x150.jpg\" alt=\"\" \/><\/a><\/p>\n<p>#adoptanocompres<br \/>\n#adoptaunperro<br \/>\n#perrosenadopcion<br \/>\n#adopcionresponsable<br \/>\n#adoptame<br \/>\n#adoptaresamor<br \/>\n#rescatedeanimales<br \/>\n#perrosrescatados<br \/>\n#adopcionespana<br \/>\n#buscahogar<br \/>\n#adopcionurgente<br \/>\n#hogarparaunperro<br \/>\n#perrofeliz<br \/>\n#perrolovers<br \/>\n#perrosdeinstagram<br \/>\n#dogsofinstagram<br \/>\n#instadog<br \/>\n#doglover<br \/>\n#dogrescue<br \/>\n#rescuedog<br \/>\n#perroadulto<br \/>\n#cachorroenadopcion<br \/>\n#teckelenadopcion<br \/>\n#adopcionmadrid<br \/>\n#adopcionesmalaga<br \/>\n#adopcionesbarcelona<br \/>\n#adopcionesandalucia<br \/>\n#protectoradeanimales<br \/>\n#animalessinhogar<br \/>\n#wallamascotas<\/p>\n<p>&nbsp;<\/p>\n<ul class=\"wpuf_customs\">            <li class=\"wpuf-field-data wpuf-field-data-radio_field\">\n                                    <label>Tipo:<\/label>\n                                Perro            <\/li>\n                    <li class=\"wpuf-field-data wpuf-field-data-radio_field\">\n                                    <label>Es un perro:<\/label>\n                                Cari\u00f1oso            <\/li>\n                    <li class=\"wpuf-field-data wpuf-field-data-radio_field\">\n                                    <label>Amigable con perros:<\/label>\n                                Es amigo de tod@s            <\/li>\n                    <li class=\"wpuf-field-data wpuf-field-data-radio_field\">\n                                    <label>Con personas extra\u00f1as:<\/label>\n                                Amigable            <\/li>\n                    <li class=\"wpuf-field-data wpuf-field-data-radio_field\">\n                                    <label>Ladrador:<\/label>\n                                Desconocido            <\/li>\n                    <li class=\"wpuf-field-data wpuf-field-data-radio_field\">\n                                    <label>Necesita licencia PPP:<\/label>\n                                NO            <\/li>\n                    <li class=\"wpuf-field-data wpuf-field-data-checkbox_field\">\n                                    <label>Enfermedades:<\/label>\n                                Ninguna            <\/li>\n                    <li class=\"wpuf-field-data wpuf-field-data-checkbox_field\">\n                                    <label>Se entrega:<\/label>\n                                Con cartilla sanitaria | Vacunado | Esterilizado | Desparasitado | Microchip            <\/li>\n                    <li class=\"wpuf-field-data wpuf-field-data-checkbox_field\">\n                                    <label>M\u00e1s informaci\u00f3n:<\/label>\n                                Bueno con perros | Bueno con gatos | Bueno con ni\u00f1os | Bueno en casa | Le gusta pasear | Obediente            <\/li>\n                    <li class=\"wpuf-field-data wpuf-field-data-radio_field\">\n                                    <label>Se env\u00eda la mascota:<\/label>\n                                SI            <\/li>\n                    <li class=\"wpuf-field-data wpuf-field-data-radio_field\">\n                                    <label>En caso de env\u00edo, detallar:<\/label>\n                                A otra CCAA espa\u00f1ola            <\/li>\n                    <li class=\"wpuf-field-data wpuf-field-data-radio_field\">\n                                    <label>Origen:<\/label>\n                                Asociaci\u00f3n            <\/li>\n        <li><label>Fecha de publicaci\u00f3n:<\/label> 13\/12\/2025 16:53<\/li>            <li class=\"wpuf-field-data wpuf-field-data-radio_field\">\n                                    <label>La mascota ha sido adoptada:<\/label>\n                                NO            <\/li>\n                    <li class=\"wpuf-field-data wpuf-field-data-email_address\">\n                                    <label>Direcci\u00f3n de correo:<\/label>\n                                <a href=\"mailto:adopcionesladridosvagabundos@gmail.com\">adopcionesladridosvagabundos@gmail.com<\/a>            <\/li>\n        <\/ul>","protected":false},"excerpt":{"rendered":"<p>http:\/\/chuchos-gr.org\/ficha-1759 Tony es muy bueno, pasea bien en correa, acaba de ser rescatado y todav\u00eda est\u00e1 un poco asustado. Proviene de una historia triste de maltrato. Por fin est\u00e1 a salvo despu\u00e9s de una vida de calvario. Ahora busca un hogar donde le hagan olvidar y confiar en las personas. #adoptanocompres #adoptaunperro #perrosenadopcion #adopcionresponsable #adoptame [&#8230;]\n","protected":false},"featured_media":48803,"template":"","meta":{"_acf_changed":false},"product_brand":[],"product_cat":[15,1000],"product_tag":[],"class_list":{"0":"post-48807","1":"product","2":"type-product","3":"status-publish","4":"has-post-thumbnail","6":"product_cat-adoptar_perro_adoptar_mascota","7":"product_cat-adoptar-perro-gato-adoptar-mascota-es","8":"pa_edad-b","9":"pa_fecha-nacimiento-ano-3460","10":"pa_fecha-nacimiento-mes-12-diciembre","11":"pa_origen-asociacion-ladridos-vagabundos","12":"pa_provincia-granada","13":"pa_raza-podenco","14":"pa_sexo-macho","15":"pa_tamano-c","17":"first","18":"instock","19":"taxable","20":"shipping-taxable","21":"product-type-simple"},"acf":[],"_links":{"self":[{"href":"https:\/\/www.wallamascotas.com\/web3\/wp-json\/wp\/v2\/product\/48807","targetHints":{"allow":["GET"]}}],"collection":[{"href":"https:\/\/www.wallamascotas.com\/web3\/wp-json\/wp\/v2\/product"}],"about":[{"href":"https:\/\/www.wallamascotas.com\/web3\/wp-json\/wp\/v2\/types\/product"}],"wp:featuredmedia":[{"embeddable":true,"href":"https:\/\/www.wallamascotas.com\/web3\/wp-json\/wp\/v2\/media\/48803"}],"wp:attachment":[{"href":"https:\/\/www.wallamascotas.com\/web3\/wp-json\/wp\/v2\/media?parent=48807"}],"wp:term":[{"taxonomy":"product_brand","embeddable":true,"href":"https:\/\/www.wallamascotas.com\/web3\/wp-json\/wp\/v2\/product_brand?post=48807"},{"taxonomy":"product_cat","embeddable":true,"href":"https:\/\/www.wallamascotas.com\/web3\/wp-json\/wp\/v2\/product_cat?post=48807"},{"taxonomy":"product_tag","embeddable":true,"href":"https:\/\/www.wallamascotas.com\/web3\/wp-json\/wp\/v2\/product_tag?post=48807"}],"curies":[{"name":"wp","href":"https:\/\/api.w.org\/{rel}","templated":true}]}}