{"id":48821,"date":"2025-12-16T10:03:11","date_gmt":"2025-12-16T10:03:11","guid":{"rendered":"https:\/\/www.wallamascotas.com\/web3\/?post_type=product&#038;p=48821"},"modified":"2025-12-16T10:03:13","modified_gmt":"2025-12-16T10:03:13","slug":"milo-madrid-2","status":"publish","type":"product","link":"https:\/\/www.wallamascotas.com\/web3\/mascota\/milo-madrid-2\/","title":{"rendered":"MILO"},"content":{"rendered":"<p>Milo es un gatito macho de 6 meses. Fue adoptado por una pareja y me lo devolvieron despu\u00e9s de 2 meses porque era muy juguet\u00f3n y activo. Los cachorros son as\u00ed normalmente. Si alguien quiere adoptar a Milo recomiendo que tenga experiencia con cachorros. Y ser\u00eda ideal adoptar 2 gatitos juntos . Tengo tambi\u00e9n a Michu de 3 meses y juegan mucho y se les ve muy felices. Es un trastorno devolver un gatito despu\u00e9s de 2 meses adoptado. Por favor pido responsabilidad. Se entrega con chip y contrato de adopci\u00f3n y seguimiento. Con la cartilla veterinaria al d\u00eda. Pido donativo para cubrir gastos veterinarios incluidos esterilizaci\u00f3n.Milo lo entrego esterilizado , ya tiene 6 meses. Y a Michu hay que traerlo cuando tenga m\u00ednimo 6 meses a Esterilizar , ahora solo tiene 3 meses<\/p>\n<p><a href=\"https:\/\/www.wallamascotas.com\/web3\/wp-content\/uploads\/2025\/12\/u9862-IMG_20251213_190852-scaled.jpg\"><img decoding=\"async\" class=\"attachment-thumbnail size-thumbnail\" src=\"https:\/\/www.wallamascotas.com\/web3\/wp-content\/uploads\/2025\/12\/u9862-IMG_20251213_190852-150x150.jpg\" alt=\"\" \/><\/a><a href=\"https:\/\/www.wallamascotas.com\/web3\/wp-content\/uploads\/2025\/12\/u9862-IMG_20251213_191006-1-scaled.jpg\"><img decoding=\"async\" class=\"attachment-thumbnail size-thumbnail\" src=\"https:\/\/www.wallamascotas.com\/web3\/wp-content\/uploads\/2025\/12\/u9862-IMG_20251213_191006-1-150x150.jpg\" alt=\"\" \/><\/a><\/p>\n<ul class=\"wpuf_customs\">            <li class=\"wpuf-field-data wpuf-field-data-radio_field\">\n                                    <label>Tipo:<\/label>\n                                Gato            <\/li>\n                    <li class=\"wpuf-field-data wpuf-field-data-radio_field\">\n                                    <label>Es un perro:<\/label>\n                                Desconocido            <\/li>\n                    <li class=\"wpuf-field-data wpuf-field-data-radio_field\">\n                                    <label>Amigable con perros:<\/label>\n                                Desconocido            <\/li>\n                    <li class=\"wpuf-field-data wpuf-field-data-radio_field\">\n                                    <label>Con personas extra\u00f1as:<\/label>\n                                Desconocido            <\/li>\n                    <li class=\"wpuf-field-data wpuf-field-data-radio_field\">\n                                    <label>Ladrador:<\/label>\n                                Desconocido            <\/li>\n                    <li class=\"wpuf-field-data wpuf-field-data-radio_field\">\n                                    <label>Necesita licencia PPP:<\/label>\n                                NO            <\/li>\n                    <li class=\"wpuf-field-data wpuf-field-data-checkbox_field\">\n                                    <label>Enfermedades:<\/label>\n                                Ninguna            <\/li>\n                    <li class=\"wpuf-field-data wpuf-field-data-checkbox_field\">\n                                    <label>Se entrega:<\/label>\n                                Solo la mascota sin paso previo por veterinario            <\/li>\n                    <li class=\"wpuf-field-data wpuf-field-data-checkbox_field\">\n                                    <label>M\u00e1s informaci\u00f3n:<\/label>\n                                Bueno con gatos            <\/li>\n                    <li class=\"wpuf-field-data wpuf-field-data-radio_field\">\n                                    <label>Se env\u00eda la mascota:<\/label>\n                                NO            <\/li>\n                    <li class=\"wpuf-field-data wpuf-field-data-radio_field\">\n                                    <label>Origen:<\/label>\n                                Particular            <\/li>\n        <li><label>Fecha de publicaci\u00f3n:<\/label> 13\/12\/2025 00:00<\/li>            <li class=\"wpuf-field-data wpuf-field-data-radio_field\">\n                                    <label>La mascota ha sido adoptada:<\/label>\n                                NO            <\/li>\n                    <li class=\"wpuf-field-data wpuf-field-data-email_address\">\n                                    <label>Direcci\u00f3n de correo:<\/label>\n                                <a href=\"mailto:mapilo35@gmail.com\">mapilo35@gmail.com<\/a>            <\/li>\n                    <li class=\"wpuf-field-data wpuf-field-data-numeric_text_field\">\n                                    <label>Tel\u00e9fono:<\/label>\n                                626664655            <\/li>\n        <\/ul>","protected":false},"excerpt":{"rendered":"<p>Milo es un gatito macho de 6 meses. Fue adoptado por una pareja y me lo devolvieron despu\u00e9s de 2 meses porque era muy juguet\u00f3n y activo. Los cachorros son as\u00ed normalmente. Si alguien quiere adoptar a Milo recomiendo que tenga experiencia con cachorros. Y ser\u00eda ideal adoptar 2 gatitos juntos . Tengo tambi\u00e9n a [&#8230;]\n","protected":false},"featured_media":48818,"template":"","meta":{"_acf_changed":false},"product_brand":[],"product_cat":[16,1000],"product_tag":[],"class_list":{"0":"post-48821","1":"product","2":"type-product","3":"status-publish","4":"has-post-thumbnail","6":"product_cat-adoptargato","7":"product_cat-adoptar-perro-gato-adoptar-mascota-es","8":"pa_edad-a","9":"pa_fecha-nacimiento-ano-3513","10":"pa_fecha-nacimiento-mes-06-junio","11":"pa_provincia-madrid","12":"pa_raza-gato-comun-europeo","13":"pa_sexo-macho","14":"pa_tamano-b","16":"first","17":"instock","18":"taxable","19":"shipping-taxable","20":"product-type-simple"},"acf":[],"_links":{"self":[{"href":"https:\/\/www.wallamascotas.com\/web3\/wp-json\/wp\/v2\/product\/48821","targetHints":{"allow":["GET"]}}],"collection":[{"href":"https:\/\/www.wallamascotas.com\/web3\/wp-json\/wp\/v2\/product"}],"about":[{"href":"https:\/\/www.wallamascotas.com\/web3\/wp-json\/wp\/v2\/types\/product"}],"wp:featuredmedia":[{"embeddable":true,"href":"https:\/\/www.wallamascotas.com\/web3\/wp-json\/wp\/v2\/media\/48818"}],"wp:attachment":[{"href":"https:\/\/www.wallamascotas.com\/web3\/wp-json\/wp\/v2\/media?parent=48821"}],"wp:term":[{"taxonomy":"product_brand","embeddable":true,"href":"https:\/\/www.wallamascotas.com\/web3\/wp-json\/wp\/v2\/product_brand?post=48821"},{"taxonomy":"product_cat","embeddable":true,"href":"https:\/\/www.wallamascotas.com\/web3\/wp-json\/wp\/v2\/product_cat?post=48821"},{"taxonomy":"product_tag","embeddable":true,"href":"https:\/\/www.wallamascotas.com\/web3\/wp-json\/wp\/v2\/product_tag?post=48821"}],"curies":[{"name":"wp","href":"https:\/\/api.w.org\/{rel}","templated":true}]}}