{"id":49031,"date":"2025-12-31T10:01:54","date_gmt":"2025-12-31T10:01:54","guid":{"rendered":"https:\/\/www.wallamascotas.com\/web3\/?post_type=product&#038;p=49031"},"modified":"2025-12-31T10:01:55","modified_gmt":"2025-12-31T10:01:55","slug":"lola-avila","status":"publish","type":"product","link":"https:\/\/www.wallamascotas.com\/web3\/mascota\/lola-avila\/","title":{"rendered":"LOLA"},"content":{"rendered":"<p><a href=\"https:\/\/www.wallamascotas.com\/web3\/wp-content\/uploads\/2025\/12\/u9916-03665f8d-0069-4478-aae1-d934d4209f96-1_all_48294-scaled.jpg\"><img decoding=\"async\" class=\"attachment-thumbnail size-thumbnail\" src=\"https:\/\/www.wallamascotas.com\/web3\/wp-content\/uploads\/2025\/12\/u9916-03665f8d-0069-4478-aae1-d934d4209f96-1_all_48294-150x150.jpg\" alt=\"\" \/><\/a><a href=\"https:\/\/www.wallamascotas.com\/web3\/wp-content\/uploads\/2025\/12\/u9916-03665f8d-0069-4478-aae1-d934d4209f96-1_all_47492-scaled.jpg\"><img decoding=\"async\" class=\"attachment-thumbnail size-thumbnail\" src=\"https:\/\/www.wallamascotas.com\/web3\/wp-content\/uploads\/2025\/12\/u9916-03665f8d-0069-4478-aae1-d934d4209f96-1_all_47492-150x150.jpg\" alt=\"\" \/><\/a><a href=\"https:\/\/www.wallamascotas.com\/web3\/wp-content\/uploads\/2025\/12\/u9916-1000169864-scaled.jpg\"><img decoding=\"async\" class=\"attachment-thumbnail size-thumbnail\" src=\"https:\/\/www.wallamascotas.com\/web3\/wp-content\/uploads\/2025\/12\/u9916-1000169864-150x150.jpg\" alt=\"\" \/><\/a><\/p>\n<p>LOLA \u2014 Hembra, nacida el 23\/03\/2025<\/p>\n<p>Lola es una gata joven, tranquila e independiente, con un car\u00e1cter equilibrado. Le gusta tener su propio espacio y suele buscar lugares altos o c\u00e1lidos donde descansar, aunque tambi\u00e9n disfruta de las caricias cuando conf\u00eda y est\u00e1 relajada. Es muy limpia y ordenada, usa el arenero sin problema y se adapta bien a rutinas estables.<\/p>\n<p>Convive sin dificultad en interiores y ser\u00eda una buena compa\u00f1era para personas o familias que valoren la calma y respeten su ritmo. Lola hace compa\u00f1\u00eda sin ser exigente: est\u00e1 presente, pero sin reclamar atenci\u00f3n constante.<\/p>\n<p>Personalidad: tranquila, observadora, cari\u00f1osa a su manera.<\/p>\n<p>Hogar ideal: ambiente relajado, personas pacientes que respeten su espacio.<\/p>\n<p>Salud: desparasitada; pendiente de cartilla y vacunas.<\/p>\n<ul class=\"wpuf_customs\">            <li class=\"wpuf-field-data wpuf-field-data-radio_field\">\n                                    <label>Tipo:<\/label>\n                                Gato            <\/li>\n                    <li class=\"wpuf-field-data wpuf-field-data-radio_field\">\n                                    <label>Es un perro:<\/label>\n                                Tranquilo            <\/li>\n                    <li class=\"wpuf-field-data wpuf-field-data-radio_field\">\n                                    <label>Amigable con perros:<\/label>\n                                Mejor no cruzarse con ninguno            <\/li>\n                    <li class=\"wpuf-field-data wpuf-field-data-radio_field\">\n                                    <label>Con personas extra\u00f1as:<\/label>\n                                Amigable            <\/li>\n                    <li class=\"wpuf-field-data wpuf-field-data-radio_field\">\n                                    <label>Ladrador:<\/label>\n                                Desconocido            <\/li>\n                    <li class=\"wpuf-field-data wpuf-field-data-radio_field\">\n                                    <label>Necesita licencia PPP:<\/label>\n                                NO            <\/li>\n                    <li class=\"wpuf-field-data wpuf-field-data-checkbox_field\">\n                                    <label>Enfermedades:<\/label>\n                                Ninguna            <\/li>\n                    <li class=\"wpuf-field-data wpuf-field-data-checkbox_field\">\n                                    <label>Se entrega:<\/label>\n                                Esterilizado            <\/li>\n                    <li class=\"wpuf-field-data wpuf-field-data-checkbox_field\">\n                                    <label>M\u00e1s informaci\u00f3n:<\/label>\n                                Bueno en casa | Independiente            <\/li>\n                    <li class=\"wpuf-field-data wpuf-field-data-radio_field\">\n                                    <label>Se env\u00eda la mascota:<\/label>\n                                NO            <\/li>\n                    <li class=\"wpuf-field-data wpuf-field-data-radio_field\">\n                                    <label>Origen:<\/label>\n                                Particular            <\/li>\n        <li><label>Fecha de publicaci\u00f3n:<\/label> 31\/12\/2025 00:11<\/li>            <li class=\"wpuf-field-data wpuf-field-data-radio_field\">\n                                    <label>La mascota ha sido adoptada:<\/label>\n                                NO            <\/li>\n                    <li class=\"wpuf-field-data wpuf-field-data-email_address\">\n                                    <label>Direcci\u00f3n de correo:<\/label>\n                                <a href=\"mailto:soniiagarrosa@gmail.com\">soniiagarrosa@gmail.com<\/a>            <\/li>\n                    <li class=\"wpuf-field-data wpuf-field-data-numeric_text_field\">\n                                    <label>Tel\u00e9fono:<\/label>\n                                691775929            <\/li>\n        <\/ul>","protected":false},"excerpt":{"rendered":"<p>LOLA \u2014 Hembra, nacida el 23\/03\/2025 Lola es una gata joven, tranquila e independiente, con un car\u00e1cter equilibrado. Le gusta tener su propio espacio y suele buscar lugares altos o c\u00e1lidos donde descansar, aunque tambi\u00e9n disfruta de las caricias cuando conf\u00eda y est\u00e1 relajada. Es muy limpia y ordenada, usa el arenero sin problema y [&#8230;]\n","protected":false},"featured_media":49030,"template":"","meta":{"_acf_changed":false},"product_brand":[],"product_cat":[16,1000],"product_tag":[],"class_list":{"0":"post-49031","1":"product","2":"type-product","3":"status-publish","4":"has-post-thumbnail","6":"product_cat-adoptargato","7":"product_cat-adoptar-perro-gato-adoptar-mascota-es","8":"pa_edad-a","9":"pa_fecha-nacimiento-ano-3513","10":"pa_fecha-nacimiento-mes-03-marzo","11":"pa_provincia-avila","12":"pa_raza-gato-comun","13":"pa_sexo-hembra","14":"pa_tamano-b","16":"first","17":"instock","18":"taxable","19":"shipping-taxable","20":"product-type-simple"},"acf":[],"_links":{"self":[{"href":"https:\/\/www.wallamascotas.com\/web3\/wp-json\/wp\/v2\/product\/49031","targetHints":{"allow":["GET"]}}],"collection":[{"href":"https:\/\/www.wallamascotas.com\/web3\/wp-json\/wp\/v2\/product"}],"about":[{"href":"https:\/\/www.wallamascotas.com\/web3\/wp-json\/wp\/v2\/types\/product"}],"wp:featuredmedia":[{"embeddable":true,"href":"https:\/\/www.wallamascotas.com\/web3\/wp-json\/wp\/v2\/media\/49030"}],"wp:attachment":[{"href":"https:\/\/www.wallamascotas.com\/web3\/wp-json\/wp\/v2\/media?parent=49031"}],"wp:term":[{"taxonomy":"product_brand","embeddable":true,"href":"https:\/\/www.wallamascotas.com\/web3\/wp-json\/wp\/v2\/product_brand?post=49031"},{"taxonomy":"product_cat","embeddable":true,"href":"https:\/\/www.wallamascotas.com\/web3\/wp-json\/wp\/v2\/product_cat?post=49031"},{"taxonomy":"product_tag","embeddable":true,"href":"https:\/\/www.wallamascotas.com\/web3\/wp-json\/wp\/v2\/product_tag?post=49031"}],"curies":[{"name":"wp","href":"https:\/\/api.w.org\/{rel}","templated":true}]}}