{"id":49039,"date":"2025-12-31T10:00:54","date_gmt":"2025-12-31T10:00:54","guid":{"rendered":"https:\/\/www.wallamascotas.com\/web3\/?post_type=product&#038;p=49039"},"modified":"2025-12-31T10:00:56","modified_gmt":"2025-12-31T10:00:56","slug":"coco-avila","status":"publish","type":"product","link":"https:\/\/www.wallamascotas.com\/web3\/mascota\/coco-avila\/","title":{"rendered":"COCO"},"content":{"rendered":"<p><a href=\"https:\/\/www.wallamascotas.com\/web3\/wp-content\/uploads\/2025\/12\/u9916-03665f8d-0069-4478-aae1-d934d4209f96-1_all_50092-scaled.jpg\"><img decoding=\"async\" class=\"attachment-thumbnail size-thumbnail\" src=\"https:\/\/www.wallamascotas.com\/web3\/wp-content\/uploads\/2025\/12\/u9916-03665f8d-0069-4478-aae1-d934d4209f96-1_all_50092-150x150.jpg\" alt=\"\" \/><\/a><a href=\"https:\/\/www.wallamascotas.com\/web3\/wp-content\/uploads\/2025\/12\/u9916-03665f8d-0069-4478-aae1-d934d4209f96-1_all_50085.jpg\"><img decoding=\"async\" class=\"attachment-thumbnail size-thumbnail\" src=\"https:\/\/www.wallamascotas.com\/web3\/wp-content\/uploads\/2025\/12\/u9916-03665f8d-0069-4478-aae1-d934d4209f96-1_all_50085-150x150.jpg\" alt=\"\" \/><\/a><a href=\"https:\/\/www.wallamascotas.com\/web3\/wp-content\/uploads\/2025\/12\/u9916-1000219110.jpg\"><img decoding=\"async\" class=\"attachment-thumbnail size-thumbnail\" src=\"https:\/\/www.wallamascotas.com\/web3\/wp-content\/uploads\/2025\/12\/u9916-1000219110-150x150.jpg\" alt=\"\" \/><\/a><\/p>\n<p>COCO \u2014 Macho, nacido el 15\/07\/2025<\/p>\n<p>Coco es un gato joven, muy cari\u00f1oso y sociable, que disfruta de la compa\u00f1\u00eda y el contacto humano. Busca mimos a menudo y le encanta jugar, por lo que se adapta bien a hogares donde haya interacci\u00f3n diaria y tiempo para dedicarle. Tiene un car\u00e1cter alegre y afectuoso: es de los que te siguen por la casa, se tumban cerca y piden caricias con la cabeza.<\/p>\n<p>Es activo y curioso, necesita algo de juego o entretenimiento para quemar energ\u00eda, ya sea con ca\u00f1as, pelotas o ratoncitos. A cambio, ofrece mucho cari\u00f1o y compa\u00f1\u00eda constante, siendo ideal para personas que quieran un gato cercano y expresivo.<\/p>\n<p>Personalidad: cari\u00f1oso, activo, juguet\u00f3n, sociable.<\/p>\n<p>Hogar ideal: personas o familias que disfruten interactuar con \u00e9l y dedicar tiempo a juegos y mimos.<\/p>\n<p>Salud: desparasitado; pendiente de cartilla y vacunas.<\/p>\n<ul class=\"wpuf_customs\">            <li class=\"wpuf-field-data wpuf-field-data-radio_field\">\n                                    <label>Tipo:<\/label>\n                                Gato            <\/li>\n                    <li class=\"wpuf-field-data wpuf-field-data-radio_field\">\n                                    <label>Es un perro:<\/label>\n                                Cari\u00f1oso            <\/li>\n                    <li class=\"wpuf-field-data wpuf-field-data-radio_field\">\n                                    <label>Amigable con perros:<\/label>\n                                Es amigo de tod@s            <\/li>\n                    <li class=\"wpuf-field-data wpuf-field-data-radio_field\">\n                                    <label>Con personas extra\u00f1as:<\/label>\n                                Miedoso            <\/li>\n                    <li class=\"wpuf-field-data wpuf-field-data-radio_field\">\n                                    <label>Ladrador:<\/label>\n                                Con timbre y poco m\u00e1s            <\/li>\n                    <li class=\"wpuf-field-data wpuf-field-data-radio_field\">\n                                    <label>Necesita licencia PPP:<\/label>\n                                NO            <\/li>\n                    <li class=\"wpuf-field-data wpuf-field-data-checkbox_field\">\n                                    <label>Enfermedades:<\/label>\n                                Ninguna            <\/li>\n                    <li class=\"wpuf-field-data wpuf-field-data-checkbox_field\">\n                                    <label>Se entrega:<\/label>\n                                Desparasitado            <\/li>\n                    <li class=\"wpuf-field-data wpuf-field-data-checkbox_field\">\n                                    <label>M\u00e1s informaci\u00f3n:<\/label>\n                                Bueno con ni\u00f1os | Bueno en casa | Bueno en el coche            <\/li>\n                    <li class=\"wpuf-field-data wpuf-field-data-radio_field\">\n                                    <label>Se env\u00eda la mascota:<\/label>\n                                NO            <\/li>\n                    <li class=\"wpuf-field-data wpuf-field-data-radio_field\">\n                                    <label>Origen:<\/label>\n                                Particular            <\/li>\n        <li><label>Fecha de publicaci\u00f3n:<\/label> 31\/12\/2025 00:22<\/li>            <li class=\"wpuf-field-data wpuf-field-data-radio_field\">\n                                    <label>La mascota ha sido adoptada:<\/label>\n                                NO            <\/li>\n                    <li class=\"wpuf-field-data wpuf-field-data-email_address\">\n                                    <label>Direcci\u00f3n de correo:<\/label>\n                                <a href=\"mailto:soniiagarrosa@gmail.com\">soniiagarrosa@gmail.com<\/a>            <\/li>\n                    <li class=\"wpuf-field-data wpuf-field-data-numeric_text_field\">\n                                    <label>Tel\u00e9fono:<\/label>\n                                691775929            <\/li>\n        <\/ul>","protected":false},"excerpt":{"rendered":"<p>COCO \u2014 Macho, nacido el 15\/07\/2025 Coco es un gato joven, muy cari\u00f1oso y sociable, que disfruta de la compa\u00f1\u00eda y el contacto humano. Busca mimos a menudo y le encanta jugar, por lo que se adapta bien a hogares donde haya interacci\u00f3n diaria y tiempo para dedicarle. Tiene un car\u00e1cter alegre y afectuoso: es [&#8230;]\n","protected":false},"featured_media":49035,"template":"","meta":{"_acf_changed":false},"product_brand":[],"product_cat":[16,1000],"product_tag":[],"class_list":{"0":"post-49039","1":"product","2":"type-product","3":"status-publish","4":"has-post-thumbnail","6":"product_cat-adoptargato","7":"product_cat-adoptar-perro-gato-adoptar-mascota-es","8":"pa_edad-a","9":"pa_fecha-nacimiento-ano-3513","10":"pa_fecha-nacimiento-mes-07-julio","11":"pa_provincia-avila","12":"pa_raza-gato-comun","13":"pa_sexo-macho","14":"pa_tamano-c","16":"first","17":"instock","18":"taxable","19":"shipping-taxable","20":"product-type-simple"},"acf":[],"_links":{"self":[{"href":"https:\/\/www.wallamascotas.com\/web3\/wp-json\/wp\/v2\/product\/49039","targetHints":{"allow":["GET"]}}],"collection":[{"href":"https:\/\/www.wallamascotas.com\/web3\/wp-json\/wp\/v2\/product"}],"about":[{"href":"https:\/\/www.wallamascotas.com\/web3\/wp-json\/wp\/v2\/types\/product"}],"wp:featuredmedia":[{"embeddable":true,"href":"https:\/\/www.wallamascotas.com\/web3\/wp-json\/wp\/v2\/media\/49035"}],"wp:attachment":[{"href":"https:\/\/www.wallamascotas.com\/web3\/wp-json\/wp\/v2\/media?parent=49039"}],"wp:term":[{"taxonomy":"product_brand","embeddable":true,"href":"https:\/\/www.wallamascotas.com\/web3\/wp-json\/wp\/v2\/product_brand?post=49039"},{"taxonomy":"product_cat","embeddable":true,"href":"https:\/\/www.wallamascotas.com\/web3\/wp-json\/wp\/v2\/product_cat?post=49039"},{"taxonomy":"product_tag","embeddable":true,"href":"https:\/\/www.wallamascotas.com\/web3\/wp-json\/wp\/v2\/product_tag?post=49039"}],"curies":[{"name":"wp","href":"https:\/\/api.w.org\/{rel}","templated":true}]}}