{"id":49127,"date":"2026-01-08T12:21:37","date_gmt":"2026-01-08T12:21:37","guid":{"rendered":"https:\/\/www.wallamascotas.com\/web3\/?post_type=product&#038;p=49127"},"modified":"2026-01-08T12:21:38","modified_gmt":"2026-01-08T12:21:38","slug":"daniel-madrid","status":"publish","type":"product","link":"https:\/\/www.wallamascotas.com\/web3\/mascota\/daniel-madrid\/","title":{"rendered":"DANIEL"},"content":{"rendered":"<p>Busco un hogar definitivo y tranquilo para este gato dom\u00e9stico de casi 9 a\u00f1os, con el que he convivido desde siempre y con el que tengo un v\u00ednculo de confianza muy profundo.<\/p>\n<p>Es un gato tranquilo, extremadamente cari\u00f1oso, bueno y totalmente confiable con las personas. Nunca ha mostrado agresividad hacia humanos; al contrario, disfruta del contacto, de la compa\u00f1\u00eda calmada, de dormir largas horas y de jugar de forma relajada. Le gusta la rutina y, sobre todo, la tranquilidad.<\/p>\n<p>Su \u00fanico problema es la convivencia con otros animales. Ha tenido conflictos con otros gatos por miedo y territorialidad, y es muy probable que ocurra lo mismo con perros (no ha convivido con ellos, pero es evidente que no ser\u00eda adecuado). Por este motivo, necesita ser el \u00fanico animal del hogar.<\/p>\n<p>Durante los \u00faltimos dos a\u00f1os hemos aprendido a gestionar mucho mejor la situaci\u00f3n separ\u00e1ndolo de forma recurrente del resto de gatos cuando surg\u00edan conflictos, lo que ha demostrado que, en un entorno sin otros animales, es un gato estable y equilibrado. Aun as\u00ed, la convivencia actual se ha vuelto insostenible tanto para \u00e9l como para el resto, y ya no puedo ofrecerle el entorno que necesita.<\/p>\n<p>Esta decisi\u00f3n es profundamente dolorosa para m\u00ed, pero est\u00e1 tomada pensando \u00fanicamente en su bienestar. Econ\u00f3micamente no me es posible ofrecerle una separaci\u00f3n definitiva ni un entorno adecuado a largo plazo, y mantener esta situaci\u00f3n solo prolonga su malestar.<\/p>\n<p>Por todo ello, busco una persona responsable, preferiblemente con experiencia con gatos, idealmente una persona mayor o alguien que valore un hogar tranquilo, sin otros animales ni intenci\u00f3n futura de introducirlos.<\/p>\n<p>Es imprescindible aceptar una condici\u00f3n de seguimiento: necesito saber que est\u00e1 bien. No se trata de visitas ni interferencias \u2014s\u00e9 que no le conviene\u2014, pero s\u00ed de poder recibir noticias de forma habitual (por ejemplo, semanalmente), saber c\u00f3mo est\u00e1, que todo funciona y que vive tranquilo. Para m\u00ed, esto es una condici\u00f3n indispensable.<\/p>\n<p>No es un gato problem\u00e1tico: es un gato sensible que necesita el entorno adecuado. En el lugar correcto, es un compa\u00f1ero excepcional.<\/p>\n<p>Si buscas un gato adulto, cari\u00f1oso, calmado y leal, y puedes ofrecerle un hogar sin otros animales y con estabilidad, escr\u00edbeme. Solo quiero que est\u00e9 bien.<\/p>\n<ul class=\"wpuf_customs\">            <li class=\"wpuf-field-data wpuf-field-data-radio_field\">\n                                    <label>Tipo:<\/label>\n                                Gato            <\/li>\n                    <li class=\"wpuf-field-data wpuf-field-data-radio_field\">\n                                    <label>Es un perro:<\/label>\n                                Tranquilo            <\/li>\n                    <li class=\"wpuf-field-data wpuf-field-data-radio_field\">\n                                    <label>Amigable con perros:<\/label>\n                                Mejor no cruzarse con ninguno            <\/li>\n                    <li class=\"wpuf-field-data wpuf-field-data-radio_field\">\n                                    <label>Con personas extra\u00f1as:<\/label>\n                                Miedoso            <\/li>\n                    <li class=\"wpuf-field-data wpuf-field-data-radio_field\">\n                                    <label>Ladrador:<\/label>\n                                Ansiedad por separaci\u00f3n            <\/li>\n                    <li class=\"wpuf-field-data wpuf-field-data-radio_field\">\n                                    <label>Necesita licencia PPP:<\/label>\n                                NO            <\/li>\n                    <li class=\"wpuf-field-data wpuf-field-data-checkbox_field\">\n                                    <label>Enfermedades:<\/label>\n                                Ninguna            <\/li>\n                    <li class=\"wpuf-field-data wpuf-field-data-checkbox_field\">\n                                    <label>Se entrega:<\/label>\n                                Vacunado | Esterilizado | Desparasitado            <\/li>\n                    <li class=\"wpuf-field-data wpuf-field-data-checkbox_field\">\n                                    <label>M\u00e1s informaci\u00f3n:<\/label>\n                                Independiente            <\/li>\n                    <li class=\"wpuf-field-data wpuf-field-data-radio_field\">\n                                    <label>Se env\u00eda la mascota:<\/label>\n                                SI            <\/li>\n                    <li class=\"wpuf-field-data wpuf-field-data-radio_field\">\n                                    <label>En caso de env\u00edo, detallar:<\/label>\n                                A otra CCAA espa\u00f1ola            <\/li>\n                    <li class=\"wpuf-field-data wpuf-field-data-radio_field\">\n                                    <label>Origen:<\/label>\n                                Particular            <\/li>\n        <li><label>Fecha de publicaci\u00f3n:<\/label> 07\/01\/2026 00:00<\/li>            <li class=\"wpuf-field-data wpuf-field-data-radio_field\">\n                                    <label>La mascota ha sido adoptada:<\/label>\n                                SI            <\/li>\n                    <li class=\"wpuf-field-data wpuf-field-data-email_address\">\n                                    <label>Direcci\u00f3n de correo:<\/label>\n                                <a href=\"mailto:f.ersainz95@gmail.com\">f.ersainz95@gmail.com<\/a>            <\/li>\n                    <li class=\"wpuf-field-data wpuf-field-data-numeric_text_field\">\n                                    <label>Tel\u00e9fono:<\/label>\n                                609425789            <\/li>\n        <\/ul>","protected":false},"excerpt":{"rendered":"<p>Busco un hogar definitivo y tranquilo para este gato dom\u00e9stico de casi 9 a\u00f1os, con el que he convivido desde siempre y con el que tengo un v\u00ednculo de confianza muy profundo. Es un gato tranquilo, extremadamente cari\u00f1oso, bueno y totalmente confiable con las personas. Nunca ha mostrado agresividad hacia humanos; al contrario, disfruta del [&#8230;]\n","protected":false},"featured_media":49126,"template":"","meta":{"_acf_changed":false},"product_brand":[],"product_cat":[16,1000],"product_tag":[],"class_list":{"0":"post-49127","1":"product","2":"type-product","3":"status-publish","4":"has-post-thumbnail","6":"product_cat-adoptargato","7":"product_cat-adoptar-perro-gato-adoptar-mascota-es","8":"pa_edad-b","9":"pa_fecha-nacimiento-ano-3400","10":"pa_fecha-nacimiento-mes-01-enero","11":"pa_provincia-madrid","12":"pa_raza-gato-comun-europeo","13":"pa_sexo-macho","14":"pa_tamano-c","16":"first","17":"instock","18":"taxable","19":"shipping-taxable","20":"product-type-simple"},"acf":[],"_links":{"self":[{"href":"https:\/\/www.wallamascotas.com\/web3\/wp-json\/wp\/v2\/product\/49127","targetHints":{"allow":["GET"]}}],"collection":[{"href":"https:\/\/www.wallamascotas.com\/web3\/wp-json\/wp\/v2\/product"}],"about":[{"href":"https:\/\/www.wallamascotas.com\/web3\/wp-json\/wp\/v2\/types\/product"}],"wp:featuredmedia":[{"embeddable":true,"href":"https:\/\/www.wallamascotas.com\/web3\/wp-json\/wp\/v2\/media\/49126"}],"wp:attachment":[{"href":"https:\/\/www.wallamascotas.com\/web3\/wp-json\/wp\/v2\/media?parent=49127"}],"wp:term":[{"taxonomy":"product_brand","embeddable":true,"href":"https:\/\/www.wallamascotas.com\/web3\/wp-json\/wp\/v2\/product_brand?post=49127"},{"taxonomy":"product_cat","embeddable":true,"href":"https:\/\/www.wallamascotas.com\/web3\/wp-json\/wp\/v2\/product_cat?post=49127"},{"taxonomy":"product_tag","embeddable":true,"href":"https:\/\/www.wallamascotas.com\/web3\/wp-json\/wp\/v2\/product_tag?post=49127"}],"curies":[{"name":"wp","href":"https:\/\/api.w.org\/{rel}","templated":true}]}}