{"id":49270,"date":"2026-01-14T11:17:46","date_gmt":"2026-01-14T11:17:46","guid":{"rendered":"https:\/\/www.wallamascotas.com\/web3\/?post_type=product&#038;p=49270"},"modified":"2026-01-14T11:23:00","modified_gmt":"2026-01-14T11:23:00","slug":"asociacion-gatechu-guadalajara","status":"publish","type":"product","link":"https:\/\/www.wallamascotas.com\/web3\/mascota\/asociacion-gatechu-guadalajara\/","title":{"rendered":"ASOCIACI\u00d3N GATECHU"},"content":{"rendered":"<p>ASOCIACI\u00d3N GATECHU<\/p>\n<div dir=\"auto\">\n<p class=\"v1s4\">Actualmente somos una asociaci\u00f3n muy chiquitita que nos estamos ocupando de alimentar, esterilizar y buscar adopci\u00f3n a los cachorros y gatos con car\u00e1cter social de la colonia de Castilblanco de Henares que cuenta ahora mismo con 30 gatos<\/p>\n<\/div>\n<p>Tel: 604906215<\/p>\n<p>Email: <a href=\"mailto:asociacion.gatechu.castilblanco@gmail.com\" rel=\"noreferrer\">asociacion.gatechu.castilblanco@gmail.com<\/a><\/p>\n<p>Castilblanco de Henares \u2013 Jadraque<\/p>\n<p>GUADALAJARA<\/p>\n<p>&nbsp;<\/p>\n<a href=\"https:\/\/www.wallamascotas.com\/web3\/wallamascotas\/\" class=\"button primary is-primary is-medium\"  >\n    <span>VER ANIMALES EN ADOPCI\u00d3N DE LA ASOCIACI\u00d3N<\/span>\n  <\/a>\n\n<p>&nbsp;<\/p>\n<p>&nbsp;<\/p>\n","protected":false},"excerpt":{"rendered":"<p>&nbsp;<\/p>\n<p>&nbsp;<\/p>\n","protected":false},"featured_media":49271,"template":"","meta":{"_acf_changed":false},"product_brand":[],"product_cat":[1000,1798],"product_tag":[],"class_list":{"0":"post-49270","1":"product","2":"type-product","3":"status-publish","4":"has-post-thumbnail","6":"product_cat-adoptar-perro-gato-adoptar-mascota-es","7":"product_cat-asociaciones","8":"pa_origen-asociacion-gatechu","9":"pa_pais-espana","10":"pa_provincia-guadalajara","12":"first","13":"instock","14":"taxable","15":"shipping-taxable","16":"product-type-simple"},"acf":[],"_links":{"self":[{"href":"https:\/\/www.wallamascotas.com\/web3\/wp-json\/wp\/v2\/product\/49270","targetHints":{"allow":["GET"]}}],"collection":[{"href":"https:\/\/www.wallamascotas.com\/web3\/wp-json\/wp\/v2\/product"}],"about":[{"href":"https:\/\/www.wallamascotas.com\/web3\/wp-json\/wp\/v2\/types\/product"}],"wp:featuredmedia":[{"embeddable":true,"href":"https:\/\/www.wallamascotas.com\/web3\/wp-json\/wp\/v2\/media\/49271"}],"wp:attachment":[{"href":"https:\/\/www.wallamascotas.com\/web3\/wp-json\/wp\/v2\/media?parent=49270"}],"wp:term":[{"taxonomy":"product_brand","embeddable":true,"href":"https:\/\/www.wallamascotas.com\/web3\/wp-json\/wp\/v2\/product_brand?post=49270"},{"taxonomy":"product_cat","embeddable":true,"href":"https:\/\/www.wallamascotas.com\/web3\/wp-json\/wp\/v2\/product_cat?post=49270"},{"taxonomy":"product_tag","embeddable":true,"href":"https:\/\/www.wallamascotas.com\/web3\/wp-json\/wp\/v2\/product_tag?post=49270"}],"curies":[{"name":"wp","href":"https:\/\/api.w.org\/{rel}","templated":true}]}}