{"id":49617,"date":"2026-01-26T19:56:21","date_gmt":"2026-01-26T19:56:21","guid":{"rendered":"https:\/\/www.wallamascotas.com\/web3\/?post_type=product&#038;p=49617"},"modified":"2026-01-26T19:56:22","modified_gmt":"2026-01-26T19:56:22","slug":"baloo-valencia","status":"publish","type":"product","link":"https:\/\/www.wallamascotas.com\/web3\/mascota\/baloo-valencia\/","title":{"rendered":"BALOO"},"content":{"rendered":"<p>BAL\u00da BUSCA UN HOGAR \ud83d\ude4f\ud83d\ude3b<\/p>\n<p>Este bomb\u00f3n es bal\u00fa, lo abandonaron en una de nuestras colonias, ya est\u00e1 esterilizado. Se va con cualquiera que le de comida. Es muy bueno y cari\u00f1oso.<\/p>\n<p>Est\u00e1 deseando tener un hogar, una familia llena de amor y cuidados. Quieres ser t\u00fa?<\/p>\n<p>\ud83d\udccd Valencia.<\/p>\n<p>Para adoptar envia WhatsApp o llama al 680 74 74 61 o 605 59 69 07.<\/p>\n<ul class=\"wpuf_customs\">            <li class=\"wpuf-field-data wpuf-field-data-radio_field\">\n                                    <label>Tipo:<\/label>\n                                Gato            <\/li>\n                    <li class=\"wpuf-field-data wpuf-field-data-radio_field\">\n                                    <label>Es un perro:<\/label>\n                                Desconocido            <\/li>\n                    <li class=\"wpuf-field-data wpuf-field-data-radio_field\">\n                                    <label>Amigable con perros:<\/label>\n                                Desconocido            <\/li>\n                    <li class=\"wpuf-field-data wpuf-field-data-radio_field\">\n                                    <label>Con personas extra\u00f1as:<\/label>\n                                Desconocido            <\/li>\n                    <li class=\"wpuf-field-data wpuf-field-data-radio_field\">\n                                    <label>Ladrador:<\/label>\n                                Desconocido            <\/li>\n                    <li class=\"wpuf-field-data wpuf-field-data-radio_field\">\n                                    <label>Necesita licencia PPP:<\/label>\n                                NO            <\/li>\n                    <li class=\"wpuf-field-data wpuf-field-data-checkbox_field\">\n                                    <label>Enfermedades:<\/label>\n                                Ninguna            <\/li>\n                    <li class=\"wpuf-field-data wpuf-field-data-checkbox_field\">\n                                    <label>Se entrega:<\/label>\n                                Esterilizado | Desparasitado            <\/li>\n                    <li class=\"wpuf-field-data wpuf-field-data-checkbox_field\">\n                                    <label>M\u00e1s informaci\u00f3n:<\/label>\n                                Bueno con gatos            <\/li>\n                    <li class=\"wpuf-field-data wpuf-field-data-radio_field\">\n                                    <label>Se env\u00eda la mascota:<\/label>\n                                NO            <\/li>\n                    <li class=\"wpuf-field-data wpuf-field-data-radio_field\">\n                                    <label>Origen:<\/label>\n                                Particular            <\/li>\n        <li><label>Fecha de publicaci\u00f3n:<\/label> 26\/01\/2026 00:00<\/li>            <li class=\"wpuf-field-data wpuf-field-data-radio_field\">\n                                    <label>La mascota ha sido adoptada:<\/label>\n                                NO            <\/li>\n                    <li class=\"wpuf-field-data wpuf-field-data-email_address\">\n                                    <label>Direcci\u00f3n de correo:<\/label>\n                                <a href=\"mailto:salvandopatitas25@gmail.com\">salvandopatitas25@gmail.com<\/a>            <\/li>\n                    <li class=\"wpuf-field-data wpuf-field-data-numeric_text_field\">\n                                    <label>Tel\u00e9fono:<\/label>\n                                680747461            <\/li>\n        <\/ul>","protected":false},"excerpt":{"rendered":"<p>BAL\u00da BUSCA UN HOGAR \ud83d\ude4f\ud83d\ude3b Este bomb\u00f3n es bal\u00fa, lo abandonaron en una de nuestras colonias, ya est\u00e1 esterilizado. Se va con cualquiera que le de comida. Es muy bueno y cari\u00f1oso. Est\u00e1 deseando tener un hogar, una familia llena de amor y cuidados. Quieres ser t\u00fa? \ud83d\udccd Valencia. Para adoptar envia WhatsApp o llama [&#8230;]\n","protected":false},"featured_media":49616,"template":"","meta":{"_acf_changed":false},"product_brand":[],"product_cat":[16,1000],"product_tag":[],"class_list":{"0":"post-49617","1":"product","2":"type-product","3":"status-publish","4":"has-post-thumbnail","6":"product_cat-adoptargato","7":"product_cat-adoptar-perro-gato-adoptar-mascota-es","8":"pa_edad-b","9":"pa_fecha-nacimiento-ano-3513","10":"pa_fecha-nacimiento-mes-01-enero","11":"pa_provincia-valencia","12":"pa_raza-gato-comun","13":"pa_sexo-macho","14":"pa_tamano-c","16":"first","17":"instock","18":"taxable","19":"shipping-taxable","20":"product-type-simple"},"acf":[],"_links":{"self":[{"href":"https:\/\/www.wallamascotas.com\/web3\/wp-json\/wp\/v2\/product\/49617","targetHints":{"allow":["GET"]}}],"collection":[{"href":"https:\/\/www.wallamascotas.com\/web3\/wp-json\/wp\/v2\/product"}],"about":[{"href":"https:\/\/www.wallamascotas.com\/web3\/wp-json\/wp\/v2\/types\/product"}],"wp:featuredmedia":[{"embeddable":true,"href":"https:\/\/www.wallamascotas.com\/web3\/wp-json\/wp\/v2\/media\/49616"}],"wp:attachment":[{"href":"https:\/\/www.wallamascotas.com\/web3\/wp-json\/wp\/v2\/media?parent=49617"}],"wp:term":[{"taxonomy":"product_brand","embeddable":true,"href":"https:\/\/www.wallamascotas.com\/web3\/wp-json\/wp\/v2\/product_brand?post=49617"},{"taxonomy":"product_cat","embeddable":true,"href":"https:\/\/www.wallamascotas.com\/web3\/wp-json\/wp\/v2\/product_cat?post=49617"},{"taxonomy":"product_tag","embeddable":true,"href":"https:\/\/www.wallamascotas.com\/web3\/wp-json\/wp\/v2\/product_tag?post=49617"}],"curies":[{"name":"wp","href":"https:\/\/api.w.org\/{rel}","templated":true}]}}