{"id":50255,"date":"2026-02-08T21:47:03","date_gmt":"2026-02-08T21:47:03","guid":{"rendered":"https:\/\/www.wallamascotas.com\/web3\/?post_type=product&#038;p=50255"},"modified":"2026-02-08T21:47:05","modified_gmt":"2026-02-08T21:47:05","slug":"tayga","status":"publish","type":"product","link":"https:\/\/www.wallamascotas.com\/web3\/mascota\/tayga\/","title":{"rendered":"TAYGA"},"content":{"rendered":"<p>Busca un nuevo hogar<\/p>\n<p><a href=\"https:\/\/www.wallamascotas.com\/web3\/wp-content\/uploads\/2026\/02\/u10070-IMG-20260208-WA0005.jpg\"><img decoding=\"async\" class=\"attachment-thumbnail size-thumbnail\" src=\"https:\/\/www.wallamascotas.com\/web3\/wp-content\/uploads\/2026\/02\/u10070-IMG-20260208-WA0005-150x150.jpg\" alt=\"\" \/><\/a><\/p>\n<ul class=\"wpuf_customs\">            <li class=\"wpuf-field-data wpuf-field-data-radio_field\">\n                                    <label>Tipo:<\/label>\n                                Perro            <\/li>\n                    <li class=\"wpuf-field-data wpuf-field-data-radio_field\">\n                                    <label>Es un perro:<\/label>\n                                Cari\u00f1oso            <\/li>\n                    <li class=\"wpuf-field-data wpuf-field-data-radio_field\">\n                                    <label>Amigable con perros:<\/label>\n                                Desconocido            <\/li>\n                    <li class=\"wpuf-field-data wpuf-field-data-radio_field\">\n                                    <label>Con personas extra\u00f1as:<\/label>\n                                Amigable            <\/li>\n                    <li class=\"wpuf-field-data wpuf-field-data-radio_field\">\n                                    <label>Ladrador:<\/label>\n                                Con timbre y poco m\u00e1s            <\/li>\n                    <li class=\"wpuf-field-data wpuf-field-data-radio_field\">\n                                    <label>Necesita licencia PPP:<\/label>\n                                NO            <\/li>\n                    <li class=\"wpuf-field-data wpuf-field-data-checkbox_field\">\n                                    <label>Enfermedades:<\/label>\n                                Ninguna            <\/li>\n                    <li class=\"wpuf-field-data wpuf-field-data-checkbox_field\">\n                                    <label>Se entrega:<\/label>\n                                Con cartilla sanitaria | Vacunado | Esterilizado | Desparasitado | Microchip | Solo la mascota sin paso previo por veterinario            <\/li>\n                    <li class=\"wpuf-field-data wpuf-field-data-checkbox_field\">\n                                    <label>M\u00e1s informaci\u00f3n:<\/label>\n                                Bueno con ni\u00f1os | Bueno en casa | Bueno en el coche | Le gusta pasear | Independiente            <\/li>\n                    <li class=\"wpuf-field-data wpuf-field-data-radio_field\">\n                                    <label>Se env\u00eda la mascota:<\/label>\n                                NO            <\/li>\n                    <li class=\"wpuf-field-data wpuf-field-data-radio_field\">\n                                    <label>Origen:<\/label>\n                                Particular            <\/li>\n        <li><label>Fecha de publicaci\u00f3n:<\/label> 08\/02\/2026 00:00<\/li>            <li class=\"wpuf-field-data wpuf-field-data-radio_field\">\n                                    <label>La mascota ha sido adoptada:<\/label>\n                                NO            <\/li>\n                    <li class=\"wpuf-field-data wpuf-field-data-email_address\">\n                                    <label>Direcci\u00f3n de correo:<\/label>\n                                <a href=\"mailto:GESTORIA.MADRID.FISCAL@GMAIL.COM\">GESTORIA.MADRID.FISCAL@GMAIL.COM<\/a>            <\/li>\n                    <li class=\"wpuf-field-data wpuf-field-data-numeric_text_field\">\n                                    <label>Tel\u00e9fono:<\/label>\n                                609083735            <\/li>\n        <\/ul>","protected":false},"excerpt":{"rendered":"<p>Busca un nuevo hogar Tipo: Perro Es un perro: Cari\u00f1oso Amigable con perros: Desconocido Con personas extra\u00f1as: Amigable Ladrador: Con timbre y poco m\u00e1s Necesita licencia PPP: NO Enfermedades: Ninguna Se entrega: Con cartilla sanitaria | Vacunado | Esterilizado | Desparasitado | Microchip | Solo la mascota sin paso previo por veterinario M\u00e1s informaci\u00f3n: Bueno [&#8230;]\n","protected":false},"featured_media":50254,"template":"","meta":{"_acf_changed":false},"product_brand":[],"product_cat":[15,1000],"product_tag":[],"class_list":{"0":"post-50255","1":"product","2":"type-product","3":"status-publish","4":"has-post-thumbnail","6":"product_cat-adoptar_perro_adoptar_mascota","7":"product_cat-adoptar-perro-gato-adoptar-mascota-es","8":"pa_edad-b","9":"pa_fecha-nacimiento-ano-3443","10":"pa_fecha-nacimiento-mes-07-julio","11":"pa_provincia-granada","12":"pa_raza-pastor-aleman","13":"pa_sexo-hembra","14":"pa_tamano-d","16":"first","17":"instock","18":"taxable","19":"shipping-taxable","20":"product-type-simple"},"acf":[],"_links":{"self":[{"href":"https:\/\/www.wallamascotas.com\/web3\/wp-json\/wp\/v2\/product\/50255","targetHints":{"allow":["GET"]}}],"collection":[{"href":"https:\/\/www.wallamascotas.com\/web3\/wp-json\/wp\/v2\/product"}],"about":[{"href":"https:\/\/www.wallamascotas.com\/web3\/wp-json\/wp\/v2\/types\/product"}],"wp:featuredmedia":[{"embeddable":true,"href":"https:\/\/www.wallamascotas.com\/web3\/wp-json\/wp\/v2\/media\/50254"}],"wp:attachment":[{"href":"https:\/\/www.wallamascotas.com\/web3\/wp-json\/wp\/v2\/media?parent=50255"}],"wp:term":[{"taxonomy":"product_brand","embeddable":true,"href":"https:\/\/www.wallamascotas.com\/web3\/wp-json\/wp\/v2\/product_brand?post=50255"},{"taxonomy":"product_cat","embeddable":true,"href":"https:\/\/www.wallamascotas.com\/web3\/wp-json\/wp\/v2\/product_cat?post=50255"},{"taxonomy":"product_tag","embeddable":true,"href":"https:\/\/www.wallamascotas.com\/web3\/wp-json\/wp\/v2\/product_tag?post=50255"}],"curies":[{"name":"wp","href":"https:\/\/api.w.org\/{rel}","templated":true}]}}